{"id":13959,"date":"2023-05-15T12:47:29","date_gmt":"2023-05-15T12:47:29","guid":{"rendered":"https:\/\/staging.registrarcorp.com\/other-industries\/"},"modified":"2025-06-03T19:43:29","modified_gmt":"2025-06-03T19:43:29","slug":"other-industries","status":"publish","type":"page","link":"https:\/\/dev.registrarcorp.com\/de\/industries\/other-industries\/","title":{"rendered":"Andere Branchen"},"content":{"rendered":"<div class=\"wpb-content-wrapper\">[vc_section full_width=&#8221;stretch_row&#8221; css=&#8221;.vc_custom_1684235389613{padding-top: 80px !important;padding-bottom: 50px !important;background-color: #ffffff !important;}&#8221;][vc_row content_placement=&#8221;middle&#8221; el_class=&#8221;hero-section&#8221;][vc_column width=&#8221;1\/2&#8243;][vc_custom_heading text=&#8221;Compliance- und Registrierungsdienste&#8221; font_container=&#8221;tag:h1|font_size:46|text_align:left|color:%23003873&#8243; google_fonts=&#8221;font_family:Montserrat%3Aregular%2C700|font_style:700%20bold%20regular%3A700%3Anormal&#8221; css=&#8221;.vc_custom_1742480651459{margin-bottom: 0px !important;}&#8221;][vc_custom_heading text=&#8221;f\u00fcr andere Branchen.&#8221; font_container=&#8221;tag:h2|font_size:46|text_align:left|color:%230081ff&#8221; google_fonts=&#8221;font_family:Montserrat%3Aregular%2C700|font_style:700%20bold%20regular%3A700%3Anormal&#8221;][vc_column_text fnt_family=&#8221;Montserrat&#8221; fnt_size=&#8221;24&#8243;]Wir helfen Ihnen, Ihre Branche konform zu halten. Registrar Corp bietet FDA-Zulassungsdienstleistungen f\u00fcr Elektronik- oder Strahlungs-Emissionsger\u00e4te (RED), Tabak- und Biologika-Hersteller an.[\/vc_column_text][vc_btn title=&#8221;Entdecken Sie unsere Angebote&#8221; i_align=&#8221;right&#8221; i_icon_fontawesome=&#8221;fas fa-arrow-right&#8221; add_icon=&#8221;true&#8221; link=&#8221;url:%23red|&#8221; el_class=&#8221;primary-btn&#8221;][\/vc_column][vc_column width=&#8221;1\/2&#8243;][vc_single_image image=&#8221;53666&#8243; img_size=&#8221;full&#8221; alignment=&#8221;center&#8221; css=&#8221;&#8221;][\/vc_column][\/vc_row][\/vc_section][vc_section content_placement=&#8221;middle&#8221; css=&#8221;.vc_custom_1703687096566{padding-top: 80px !important;padding-bottom: 50px !important;}&#8221; el_id=&#8221;red&#8221;][vc_row content_placement=&#8221;middle&#8221;][vc_column width=&#8221;1\/2&#8243;][vc_single_image image=&#8221;53675&#8243; img_size=&#8221;full&#8221; alignment=&#8221;center&#8221; css=&#8221;&#8221;][\/vc_column][vc_column width=&#8221;1\/2&#8243;][vc_custom_heading text=&#8221;Elektronik oder Strahlungsemissionsger\u00e4te (REDs)&#8221; font_container=&#8221;tag:h2|font_size:40|text_align:left|color:%23003873&#8243; google_fonts=&#8221;font_family:Montserrat%3Aregular%2C700|font_style:700%20bold%20regular%3A700%3Anormal&#8221;][vc_column_text css=&#8221;.vc_custom_1684322315077{margin-bottom: 30px !important;}&#8221; fnt_family=&#8221;Montserrat&#8221; fnt_size=&#8221;18&#8243;]Behalten Sie den \u00dcberblick \u00fcber die FDA-Anforderungen f\u00fcr REDs. Registrar Corp unterst\u00fctzt Elektronikhersteller durch das Angebot von FDA-Compliance-Dienstleistungen, einschlie\u00dflich Designated U.S Agent for Service of Process, Unterst\u00fctzung der FDA-Zugangsnummer, Etiketten\u00fcberpr\u00fcfungen sowie Einreichung von Jahres- und Produktberichten.[\/vc_column_text][vc_btn title=&#8221;Mehr \u00fcber REDs&#8221; i_align=&#8221;right&#8221; i_icon_fontawesome=&#8221;fas fa-arrow-right&#8221; add_icon=&#8221;true&#8221; link=&#8221;url:https%3A%2F%2Fdev.registrarcorp.com%2Fde%2Fservices%2Fradiation-emitting-device-reporting%2F|&#8221; el_class=&#8221;secondary-btn&#8221;][\/vc_column][\/vc_row][\/vc_section][vc_section full_width=&#8221;stretch_row&#8221; css=&#8221;.vc_custom_1703687049088{padding-top: 80px !important;padding-bottom: 50px !important;background-color: #ffffff !important;}&#8221; el_id=&#8221;tobacco&#8221;][vc_row content_placement=&#8221;middle&#8221; css=&#8221;.vc_custom_1684236240540{padding-top: 80px !important;padding-bottom: 50px !important;}&#8221;][vc_column width=&#8221;1\/2&#8243;][vc_custom_heading text=&#8221;Tabak&#8221; font_container=&#8221;tag:h2|font_size:40|text_align:left|color:%23003873&#8243; google_fonts=&#8221;font_family:Montserrat%3Aregular%2C700|font_style:700%20bold%20regular%3A700%3Anormal&#8221;][vc_column_text fnt_family=&#8221;Montserrat&#8221; fnt_size=&#8221;16&#8243;]Registrieren Sie Ihre Tabakprodukte, um in den US-Markt einzusteigen. Unser Team von Fachleuten f\u00fcr Regulierungsbeh\u00f6rden kann Sie bei der Registrierung und Erneuerung von FDA-Einrichtungen, bei der Einreichung von Produktlisten und bei der Berichterstattung \u00fcber Inhaltsstoffe unterst\u00fctzen.[\/vc_column_text][vc_btn title=&#8221;Noch heute registrieren&#8221; i_align=&#8221;right&#8221; i_icon_fontawesome=&#8221;fas fa-arrow-right&#8221; add_icon=&#8221;true&#8221; link=&#8221;url:https%3A%2F%2Fdev.registrarcorp.com%2Fde%2Ffda-registration-form%2F|title:Noch%20heute%20registrieren|&#8221; el_class=&#8221;secondary-btn&#8221;][\/vc_column][vc_column width=&#8221;1\/2&#8243;][vc_single_image image=&#8221;53685&#8243; img_size=&#8221;full&#8221; css=&#8221;&#8221;][\/vc_column][\/vc_row][\/vc_section][vc_section css=&#8221;.vc_custom_1703687065060{padding-top: 80px !important;padding-bottom: 50px !important;}&#8221; el_id=&#8221;biologics&#8221;][vc_row content_placement=&#8221;middle&#8221;][vc_column width=&#8221;1\/2&#8243;][vc_single_image image=&#8221;53694&#8243; img_size=&#8221;full&#8221; alignment=&#8221;center&#8221; css=&#8221;&#8221;][\/vc_column][vc_column width=&#8221;1\/2&#8243;][vc_custom_heading text=&#8221;Biologika&#8221; font_container=&#8221;tag:h2|font_size:40|text_align:left|color:%23003873&#8243; google_fonts=&#8221;font_family:Montserrat%3Aregular%2C700|font_style:700%20bold%20regular%3A700%3Anormal&#8221;][vc_column_text fnt_family=&#8221;Montserrat&#8221; fnt_size=&#8221;16&#8243;]Ganz gleich, ob Sie Allergene, Blutprodukte oder Impfstoffe herstellen, Registrar Corp kann Ihnen dabei helfen, die FDA-Konformit\u00e4t einzuhalten. Wir unterst\u00fctzen Biologikaunternehmen bei der FDA-Registrierung f\u00fcr Blutspendeeinrichtungen, der j\u00e4hrlichen Erneuerung sowie der Registrierung und Listung f\u00fcr menschliche Zellen, Gewebe sowie zell- und gewebebasierte Produkte (HCT\/Ps).[\/vc_column_text][vc_btn title=&#8221;Noch heute registrieren&#8221; i_align=&#8221;right&#8221; i_icon_fontawesome=&#8221;fas fa-arrow-right&#8221; add_icon=&#8221;true&#8221; link=&#8221;url:https%3A%2F%2Fdev.registrarcorp.com%2Fde%2Ffda-registration-form%2F|&#8221; el_class=&#8221;secondary-btn&#8221;][\/vc_column][\/vc_row][\/vc_section][vc_section full_width=&#8221;stretch_row&#8221; css=&#8221;.vc_custom_1684236524972{padding-top: 80px !important;padding-bottom: 50px !important;background-color: #003873 !important;}&#8221;][vc_row content_placement=&#8221;middle&#8221;][vc_column width=&#8221;1\/2&#8243;][vc_custom_heading text=&#8221;Arbeiten Sie noch heute mit Registrar Corp. zusammen.&#8221; font_container=&#8221;tag:h2|font_size:56|text_align:left|color:%23ffffff&#8221; google_fonts=&#8221;font_family:Montserrat%3Aregular%2C700|font_style:700%20bold%20regular%3A700%3Anormal&#8221;][vc_column_text fnt_family=&#8221;Montserrat&#8221; fnt_size=&#8221;24&#8243; grad_text_color1=&#8221;#ffffff&#8221;]Mit 20 Jahren Erfahrung sind wir bestrebt, Ihrem Unternehmen dabei zu helfen, die FDA-Compliance zu erreichen.[\/vc_column_text][vc_btn title=&#8221;Loslegen&#8221; color=&#8221;sky&#8221; i_align=&#8221;right&#8221; i_icon_fontawesome=&#8221;fas fa-arrow-right&#8221; add_icon=&#8221;true&#8221; link=&#8221;url:https%3A%2F%2Fdev.registrarcorp.com%2Fde%2Fcontact%2F|&#8221; el_class=&#8221;primary-btn-white&#8221;][\/vc_column][vc_column width=&#8221;1\/2&#8243;][vc_single_image image=&#8221;53703&#8243; img_size=&#8221;large&#8221; alignment=&#8221;center&#8221; css=&#8221;&#8221;][\/vc_column][\/vc_row][\/vc_section][vc_section full_width=&#8221;stretch_row&#8221; css=&#8221;.vc_custom_1727969053335{background-color: #eceff1 !important;}&#8221; el_class=&#8221;faq-accordion-section&#8221;][vc_row content_placement=&#8221;bottom&#8221; css=&#8221;.vc_custom_1700031769606{padding-top: 50px !important;}&#8221;][vc_column width=&#8221;2\/3&#8243;][vc_custom_heading text=&#8221;H\u00e4ufig gestellte Fragen&#8221; font_container=&#8221;tag:h2|font_size:40|text_align:left|color:%23003873&#8243; google_fonts=&#8221;font_family:Montserrat%3Aregular%2C700|font_style:700%20bold%20regular%3A700%3Anormal&#8221;][\/vc_column][vc_column width=&#8221;1\/3&#8243;][vc_single_image image=&#8221;1008&#8243; img_size=&#8221;medium&#8221; alignment=&#8221;right&#8221; el_class=&#8221;hide-row&#8221;][\/vc_column][\/vc_row][vc_row css=&#8221;.vc_custom_1684137364661{padding-bottom: 50px !important;}&#8221;][vc_column][vc_separator color=&#8221;black&#8221;][vc_tta_accordion section_title_tag=&#8221;h2&#8243; c_icon=&#8221;chevron&#8221; active_section=&#8221;1&#8243; no_fill=&#8221;true&#8221; collapsible_all=&#8221;true&#8221; css=&#8221;.vc_custom_1735640790470{background-color: #eceff1 !important;}&#8221; el_class=&#8221;accordion&#8221;][vc_tta_section title=&#8221;Was ist ein strahlenemittierendes elektronisches Produkt?&#8221; tab_id=&#8221;what-is-a-radiation&#8221; el_class=&#8221;accordion-class&#8221;][vc_column_text fnt_family=&#8221;Montserrat&#8221; fnt_size=&#8221;24&#8243; grad_text_color1=&#8221;#003873&#8243;]REDs werden von der FDA als jedes Produkt definiert, das eine elektronische Schaltung enth\u00e4lt und jede Art von Strahlung erzeugt, wie z. B. X-Strahlung (R\u00f6ntgenstrahlung), Mikrowellen, Radiowellen (Radiofrequenz (RF)), Laser, sichtbares Licht, Schall, Ultraschall oder ultraviolettes Licht. Einige Beispiele f\u00fcr ROTs sind diagnostische R\u00f6ntgensysteme, Laserprodukte, Laserlichtshows und Mikrowellen\u00f6fen.<\/p>\n<p>Rechtsbegriffe und Definitionen f\u00fcr REDs finden Sie <a href=\"https:\/\/www.govinfo.gov\/content\/pkg\/USCODE-2010-title21\/html\/USCODE-2010-title21-chap9-subchapV-partC-sec360ii.htm\" target=\"_blank\" rel=\"noopener\">hier <\/a>.[\/vc_column_text][\/vc_tta_section][vc_tta_section title=&#8221;Wie \u00fcberpr\u00fcft die FDA die Einhaltung der Anforderungen f\u00fcr strahlenemittierende elektronische Produkte?&#8221; tab_id=&#8221;how-does-FDA-verify-compliance-with-Radiation&#8221; el_class=&#8221;accordion-class&#8221;][vc_column_text]FDA Entry Reviewer verwenden die Informationen, die FDA von Importeuren vor der Einreise zur Verf\u00fcgung gestellt werden, einschlie\u00dflich:<\/p>\n<ul>\n<li>Deklarierter Hersteller<\/li>\n<li>Produktbeschreibung<\/li>\n<li>Best\u00e4tigungen der Konformit\u00e4t (A von C)<\/li>\n<\/ul>\n<p>Diese Einreiseerkl\u00e4rungen werden dann auf Konformit\u00e4t \u00fcberpr\u00fcft, indem sie mit den Informationen in den internen Datensystemen der FDA abgeglichen werden. [\/vc_column_text][\/vc_tta_section][vc_tta_section title=&#8221;Gibt es zus\u00e4tzliche Anforderungen f\u00fcr medizinische strahlenemittierende elektronische Produkte?&#8221; tab_id=&#8221;are-there-additional-requirements&#8221; el_class=&#8221;accordion-class&#8221;][vc_column_text]Ja. Medizinische REDs m\u00fcssen auch die FDA-Vorschriften f\u00fcr Medizinprodukte sowie die RED-Vorschriften erf\u00fcllen. [\/vc_column_text][\/vc_tta_section][vc_tta_section title=&#8221;Was ist ein Tabakprodukt?&#8221; tab_id=&#8221;what-is-a-tobacco-product&#8221; el_class=&#8221;accordion-class&#8221;][vc_column_text]Die FDA definiert \u201eTabakprodukt\u201c als \u201ejedes Produkt, das aus Tabak hergestellt oder abgeleitet wird, das f\u00fcr den menschlichen Konsum bestimmt ist, einschlie\u00dflich jeglicher Komponente, jedes Teils oder Zubeh\u00f6r eines Tabakprodukts (mit Ausnahme von anderen Rohstoffen als Tabak, das bei der Herstellung einer Komponente, eines Teils oder Zubeh\u00f6rs eines Tabakprodukts verwendet wird).\u201c<\/p>\n<p>Dies kann unter anderem E-Zigaretten, Zigarren, Hookahtabak, Pfeifentabak und Roll Your Own (RYO)-Tabak beinhalten. [\/vc_column_text][\/vc_tta_section][vc_tta_section title=&#8221;Wie \u00fcberpr\u00fcft die FDA die Tabakanforderungen zum Zeitpunkt der Einfuhr?&#8221; tab_id=&#8221;how-does-FDA-verify-tobacco&#8221; el_class=&#8221;accordion-class&#8221;][vc_column_text]Die FDA wird die Einhaltung der folgenden Anforderungen f\u00fcr Tabakprodukte zum Zeitpunkt der Einfuhr \u00fcberpr\u00fcfen:<\/p>\n<ul>\n<li>Marktzulassung<\/li>\n<li>Kennzeichnung<\/li>\n<li>Benutzergeb\u00fchren<\/li>\n<\/ul>\n[\/vc_column_text][\/vc_tta_section][vc_tta_section title=&#8221;Wie \u00fcberpr\u00fcft die FDA die Einhaltung der Tabakanforderungen?&#8221; tab_id=&#8221;how-does-the-FDA-verify-compliance-with-tobacco&#8221; el_class=&#8221;accordion-class&#8221;][vc_column_text]Die FDA untersucht Tabakproduktetiketten, um die Einhaltung gesetzlicher Vorschriften zu best\u00e4tigen. Tabakproduktetiketten, -etiketten oder -werbung werden auf Folgendes \u00fcberpr\u00fcft:<\/p>\n<ul>\n<li>Allgemeine Kennzeichnungsanforderungen<\/li>\n<li>Nikotin-Warnung<\/li>\n<li>Modifizierte Risikodeskriptoren wie \u201eniedrig\u201c, \u201emild\u201c oder \u201eleicht\u201c oder \u00e4hnliche Deskriptoren und keine FDA-Verordnung in Kraft<\/li>\n<li>Werbewarnungen f\u00fcr rauchfreien Tabak<\/li>\n<li>Kennzeichnung f\u00fcr therapeutische Zwecke<\/li>\n<li>K\u00fcnstliche oder nat\u00fcrliche Aromen (au\u00dfer Tabak oder Menthol) oder ein Kraut oder Gew\u00fcrz, das einen charakteristischen Geschmack des Tabakprodukts oder des Tabakrauchs darstellt<\/li>\n<\/ul>\n[\/vc_column_text][\/vc_tta_section][\/vc_tta_accordion][\/vc_column][\/vc_row][\/vc_section]\n<\/div>","protected":false},"excerpt":{"rendered":"<p>[vc_section full_width=&#8221;stretch_row&#8221; css=&#8221;.vc_custom_1684235389613{padding-top: 80px !important;padding-bottom: 50px !important;background-color: #ffffff !important;}&#8221;][vc_row content_placement=&#8221;middle&#8221; el_class=&#8221;hero-section&#8221;][vc_column width=&#8221;1\/2&#8243;][vc_custom_heading text=&#8221;Compliance- und Registrierungsdienste&#8221; font_container=&#8221;tag:h1|font_size:46|text_align:left|color:%23003873&#8243; google_fonts=&#8221;font_family:Montserrat%3Aregular%2C700|font_style:700%20bold%20regular%3A700%3Anormal&#8221; css=&#8221;.vc_custom_1742480651459{margin-bottom: 0px !important;}&#8221;][vc_custom_heading text=&#8221;f\u00fcr andere Branchen.&#8221; font_container=&#8221;tag:h2|font_size:46|text_align:left|color:%230081ff&#8221; google_fonts=&#8221;font_family:Montserrat%3Aregular%2C700|font_style:700%20bold%20regular%3A700%3Anormal&#8221;][vc_column_text fnt_family=&#8221;Montserrat&#8221; fnt_size=&#8221;24&#8243;]Wir helfen Ihnen, Ihre Branche konform zu halten. Registrar Corp bietet FDA-Zulassungsdienstleistungen f\u00fcr Elektronik- oder Strahlungs-Emissionsger\u00e4te (RED), Tabak- und Biologika-Hersteller an.[\/vc_column_text][vc_btn title=&#8221;Entdecken Sie unsere Angebote&#8221; i_align=&#8221;right&#8221; i_icon_fontawesome=&#8221;fas fa-arrow-right&#8221; add_icon=&#8221;true&#8221;<\/p>\n","protected":false},"author":33,"featured_media":0,"parent":14840,"menu_order":0,"comment_status":"closed","ping_status":"closed","template":"page-templates\/page-sidebar-none.php","meta":{"_acf_changed":false,"content-type":"","footnotes":""},"class_list":["post-13959","page","type-page","status-publish","hentry"],"acf":[],"_links":{"self":[{"href":"https:\/\/dev.registrarcorp.com\/de\/wp-json\/wp\/v2\/pages\/13959","targetHints":{"allow":["GET"]}}],"collection":[{"href":"https:\/\/dev.registrarcorp.com\/de\/wp-json\/wp\/v2\/pages"}],"about":[{"href":"https:\/\/dev.registrarcorp.com\/de\/wp-json\/wp\/v2\/types\/page"}],"author":[{"embeddable":true,"href":"https:\/\/dev.registrarcorp.com\/de\/wp-json\/wp\/v2\/users\/33"}],"replies":[{"embeddable":true,"href":"https:\/\/dev.registrarcorp.com\/de\/wp-json\/wp\/v2\/comments?post=13959"}],"version-history":[{"count":0,"href":"https:\/\/dev.registrarcorp.com\/de\/wp-json\/wp\/v2\/pages\/13959\/revisions"}],"up":[{"embeddable":true,"href":"https:\/\/dev.registrarcorp.com\/de\/wp-json\/wp\/v2\/pages\/14840"}],"wp:attachment":[{"href":"https:\/\/dev.registrarcorp.com\/de\/wp-json\/wp\/v2\/media?parent=13959"}],"curies":[{"name":"wp","href":"https:\/\/api.w.org\/{rel}","templated":true}]}}