{"id":14044,"date":"2023-05-15T10:17:06","date_gmt":"2023-05-15T10:17:06","guid":{"rendered":"https:\/\/staging.registrarcorp.com\/dietary-supplements\/"},"modified":"2024-10-03T19:24:11","modified_gmt":"2024-10-03T19:24:11","slug":"dietary-supplements","status":"publish","type":"page","link":"https:\/\/dev.registrarcorp.com\/de\/industries\/dietary-supplements\/","title":{"rendered":"Nahrungserg\u00e4nzungsmittel"},"content":{"rendered":"<div class=\"wpb-content-wrapper\">[vc_section full_width=&#8221;stretch_row&#8221; content_placement=&#8221;middle&#8221; css=&#8221;.vc_custom_1684238636830{padding-top: 80px !important;padding-bottom: 50px !important;background-color: #ffffff !important;}&#8221;][vc_row content_placement=&#8221;middle&#8221; el_class=&#8221;hero-section&#8221;][vc_column width=&#8221;1\/2&#8243;][vc_column_text css=&#8221;&#8221;]\n<h1 class=\"banner-title\"><strong>Halten Sie Ihre Nahrungserg\u00e4nzungsmittel-Einrichtung<br \/>\n<span style=\"color: #0081ff;\"> konform.<\/span><\/strong><\/h1>\n[\/vc_column_text][vc_column_text fnt_family=&#8221;Montserrat&#8221; fnt_size=&#8221;24&#8243;]Die sichere Einfuhr und Vermarktung von Nahrungserg\u00e4nzungsmitteln mit Registrar Corp. Unser Team von Regulierunsfachleuten  hilft Ihnen dabei, Compliance zu erreichen und aufrechtzuerhalten.[\/vc_column_text][vc_btn title=&#8221;Entdecken Sie unsere Angebote&#8221; color=&#8221;sky&#8221; i_align=&#8221;right&#8221; i_icon_fontawesome=&#8221;fas fa-arrow-right&#8221; add_icon=&#8221;true&#8221; link=&#8221;url:%23offerings|&#8221; el_class=&#8221;primary-btn&#8221;][\/vc_column][vc_column width=&#8221;1\/2&#8243;][vc_single_image image=&#8221;1775&#8243; img_size=&#8221;full&#8221; alignment=&#8221;center&#8221;][\/vc_column][\/vc_row][\/vc_section][vc_section][vc_row content_placement=&#8221;middle&#8221;][vc_column width=&#8221;2\/5&#8243;][vc_single_image image=&#8221;1791&#8243; img_size=&#8221;full&#8221; alignment=&#8221;center&#8221; css=&#8221;.vc_custom_1684240573698{margin-top: 60px !important;margin-right: 60px !important;margin-bottom: 60px !important;}&#8221;][\/vc_column][vc_column width=&#8221;3\/5&#8243;][vc_custom_heading text=&#8221;Dienstleistungen&#8221; font_container=&#8221;tag:h2|font_size:40|text_align:left|color:%23003873&#8243; google_fonts=&#8221;font_family:Montserrat%3Aregular%2C700|font_style:700%20bold%20regular%3A700%3Anormal&#8221;][vc_column_text fnt_family=&#8221;Montserrat&#8221; fnt_size=&#8221;18&#8243;]Registrar Corp ist auf die Einhaltung von Vorschriften f\u00fcr Lebensmittel, Getr\u00e4nke und Nahrungserg\u00e4nzungsmittel spezialisiert. Zu unseren Dienstleistungen im Bereich Nahrungserg\u00e4nzungsmittel geh\u00f6ren die Registrierung und Erneuerung von Einrichtungen, die \u00dcberpr\u00fcfung von Etiketten und Inhaltsstoffen, die Unterst\u00fctzung bei der Einreichung von Voranmeldungen und die \u00dcberpr\u00fcfung von Master Manufacturing-Datens\u00e4tzen.<\/p>\n<p>Wir nutzen jahrzehntelange Team- und Branchenerfahrung, um inl\u00e4ndischen und internationalen Herstellern von Nahrungserg\u00e4nzungsmitteln, um bei der Einhaltung der Vorschriften zu helfen. Unsere Lebensmittel-Compliance- und Sicherheitsdienste reichen von der Registrierung der FDA- und GACC-Einrichtungen bis hin zur Unterst\u00fctzung bei der vorherigen Ank\u00fcndigung.[\/vc_column_text][\/vc_column][\/vc_row][vc_row][vc_column][vc_separator color=&#8221;custom&#8221; accent_color=&#8221;#003873&#8243;][\/vc_column][\/vc_row][\/vc_section][vc_section css=&#8221;.vc_custom_1685467818338{padding-bottom: 80px !important;}&#8221; el_id=&#8221;offerings&#8221;][vc_row][vc_column width=&#8221;1\/3&#8243; css=&#8221;.vc_custom_1684152880652{padding-top: 30px !important;padding-right: 30px !important;padding-bottom: 30px !important;padding-left: 30px !important;}&#8221;][vc_single_image image=&#8221;1648&#8243; img_size=&#8221;medium&#8221; alignment=&#8221;center&#8221;][vc_custom_heading text=&#8221;FDA-Registrierung&#8221; font_container=&#8221;tag:h2|font_size:32|text_align:center|color:%23003873&#8243; google_fonts=&#8221;font_family:Montserrat%3Aregular%2C700|font_style:700%20bold%20regular%3A700%3Anormal&#8221;][vc_column_text fnt_family=&#8221;Montserrat&#8221; fnt_size=&#8221;16&#8243;]\n<p style=\"text-align: center;\">Halten Sie Ihre Registrierung f\u00fcr Nahrungserg\u00e4nzungsmittel auf dem neuesten Stand. Wir bieten schnelle und erschwingliche Unterst\u00fctzung bei der Registrierung, Erneuerung und DUNS-Nummern. Wir k\u00f6nnen auch bei unseren Vertretungsdiensten f\u00fcr US-Agenten und dem Zugriff auf unsere MyFDA-Plattform helfen, damit Sie die Compliance einfach aufrechterhalten k\u00f6nnen.<\/p>\n[\/vc_column_text][vc_btn title=&#8221;Registrieren&#8221; align=&#8221;center&#8221; i_align=&#8221;right&#8221; i_icon_fontawesome=&#8221;fas fa-arrow-right&#8221; add_icon=&#8221;true&#8221; link=&#8221;url:https%3A%2F%2Fdev.registrarcorp.com%2Fde%2Ffda-registration-form%2F|&#8221; el_class=&#8221;secondary-btn&#8221;][\/vc_column][vc_column width=&#8221;1\/3&#8243; css=&#8221;.vc_custom_1684152890564{padding-top: 30px !important;padding-right: 30px !important;padding-bottom: 30px !important;padding-left: 30px !important;}&#8221;][vc_single_image image=&#8221;1656&#8243; img_size=&#8221;medium&#8221; alignment=&#8221;center&#8221;][vc_custom_heading text=&#8221;Etiketten- und Zutatenbewertungen&#8221; font_container=&#8221;tag:h2|font_size:32|text_align:center|color:%23003873&#8243; google_fonts=&#8221;font_family:Montserrat%3Aregular%2C700|font_style:700%20bold%20regular%3A700%3Anormal&#8221;][vc_column_text fnt_family=&#8221;Montserrat&#8221; fnt_size=&#8221;16&#8243;]\n<p style=\"text-align: center;\">Die FDA-Anforderungen f\u00fcr Nahrungserg\u00e4nzungsmittel \u00e4ndern sich st\u00e4ndig \u2013 Registrar Corp kann Ihnen helfen, mitzuhalten. Unsere Etiketten- und Inhaltsstoffpr\u00fcfungsdienste umfassen detaillierte \u00dcberpr\u00fcfungen Ihrer Produktetiketten, einen detaillierten Bericht \u00fcber empfohlene \u00c4nderungen, gebrauchsfertige Grafikdateien mit konformen Etiketten und pers\u00f6nliche Beratung durch unsere Regulierungsspezialisten.<\/p>\n[\/vc_column_text][vc_btn title=&#8221;Etikettenpr\u00fcfung erkunden&#8221; align=&#8221;center&#8221; i_align=&#8221;right&#8221; i_icon_fontawesome=&#8221;fas fa-arrow-right&#8221; add_icon=&#8221;true&#8221; link=&#8221;url:https%3A%2F%2Fdev.registrarcorp.com%2Fde%2Fservices%2Flabel-ingredients-review%2F|&#8221; el_class=&#8221;secondary-btn&#8221;][\/vc_column][vc_column width=&#8221;1\/3&#8243; css=&#8221;.vc_custom_1684152904899{padding-top: 30px !important;padding-right: 30px !important;padding-bottom: 30px !important;padding-left: 30px !important;}&#8221;][vc_single_image image=&#8221;1696&#8243; img_size=&#8221;medium&#8221; alignment=&#8221;center&#8221;][vc_custom_heading text=&#8221;Vorank\u00fcndigung&#8221; font_container=&#8221;tag:h2|font_size:32|text_align:center|color:%23003873&#8243; google_fonts=&#8221;font_family:Montserrat%3Aregular%2C700|font_style:700%20bold%20regular%3A700%3Anormal&#8221;][vc_column_text fnt_family=&#8221;Montserrat&#8221; fnt_size=&#8221;16&#8243;]\n<p style=\"text-align: center;\">Sch\u00fctzen Sie die \u00f6ffentliche Gesundheit, indem Sie f\u00fcr jede importierte Sendung eine obligatorische Vorank\u00fcndigung einreichen. Registrar Corp arbeitet mit Ihnen zusammen, um zus\u00e4tzliche Unterlagen zu sammeln und bereitzustellen, strenge Einreichungsrichtlinien auf der Grundlage der Transportmethode Ihrer Sendung zu erf\u00fcllen und die Einreichungssoftwaresysteme f\u00fcr vorherige Mitteilungen zu navigieren. Sie k\u00f6nnen auch mehrere Vorabbenachrichtigungen mit unserem sicheren und effizienten Express-Service f\u00fcr Vorabbenachrichtigungen einreichen.<\/p>\n[\/vc_column_text][vc_btn title=&#8221;Reichen Sie eine vorherige Ank\u00fcndigung ein&#8221; align=&#8221;center&#8221; i_align=&#8221;right&#8221; i_icon_fontawesome=&#8221;fas fa-arrow-right&#8221; add_icon=&#8221;true&#8221; link=&#8221;url:%2Fservices%2Fprior-notice%2F|&#8221; el_class=&#8221;secondary-btn&#8221;][\/vc_column][\/vc_row][vc_row][vc_column width=&#8221;1\/3&#8243; css=&#8221;.vc_custom_1684152917984{padding-top: 30px !important;padding-right: 30px !important;padding-bottom: 30px !important;padding-left: 30px !important;}&#8221;][vc_single_image image=&#8221;1757&#8243; img_size=&#8221;medium&#8221; alignment=&#8221;center&#8221;][vc_custom_heading text=&#8221;Master-Herstellungsunterlagen (Master Manufacturing Records)&#8221; font_container=&#8221;tag:h2|font_size:32|text_align:center|color:%23003873&#8243; google_fonts=&#8221;font_family:Montserrat%3Aregular%2C700|font_style:700%20bold%20regular%3A700%3Anormal&#8221;][vc_column_text fnt_family=&#8221;Montserrat&#8221; fnt_size=&#8221;16&#8243;]\n<p style=\"text-align: center;\">Unternehmen, die Nahrungserg\u00e4nzungsmittel herstellen, m\u00fcssen f\u00fcr jede einzigartige Formulierung und Chargengr\u00f6\u00dfe Master Manufacturing Records (MMRs) schreiben und implementieren. MMRs identifizieren Herstellungsprozessschritte und -Phasen, um die Konsistenz der Komponenten, Qualit\u00e4t, Etikettierung und Verpackung jeder Erg\u00e4nzungscharge zu verwalten. Unsere Spezialisten f\u00fcr Lebensmittelsicherheit werden die MMRs Ihrer Einrichtung \u00fcberpr\u00fcfen, um die fortlaufende FDA-Konformit\u00e4t sicherzustellen.<\/p>\n[\/vc_column_text][vc_btn title=&#8221;Lassen Sie Ihre MMRs \u00fcberpr\u00fcfen&#8221; shape=&#8221;square&#8221; align=&#8221;center&#8221; i_align=&#8221;right&#8221; i_icon_fontawesome=&#8221;fas fa-arrow-right&#8221; add_icon=&#8221;true&#8221; link=&#8221;url:https%3A%2F%2Fdev.registrarcorp.com%2Fde%2Fservices%2Fmaster-manufacturing-records%2F|&#8221; el_class=&#8221;secondary-btn&#8221;][\/vc_column][vc_column width=&#8221;1\/3&#8243; css=&#8221;.vc_custom_1684152927558{padding-top: 30px !important;padding-right: 30px !important;padding-bottom: 30px !important;padding-left: 30px !important;}&#8221;][vc_single_image image=&#8221;1740&#8243; img_size=&#8221;medium&#8221; alignment=&#8221;center&#8221;][vc_custom_heading text=&#8221;Sonstige Dienstleistungen&#8221; font_container=&#8221;tag:h2|font_size:32|text_align:center|color:%23003873&#8243; google_fonts=&#8221;font_family:Montserrat%3Aregular%2C700|font_style:700%20bold%20regular%3A700%3Anormal&#8221;][vc_column_text fnt_family=&#8221;Montserrat&#8221; fnt_size=&#8221;16&#8243;]\n<p style=\"text-align: center;\">Registrar Corp unterst\u00fctzt Einrichtungen f\u00fcr Nahrungserg\u00e4nzungsmittel mit zeitnaher Weiterleitung von Berichten \u00fcber unerw\u00fcnschte Ereignisse, indem es als Ihr US-Ansprechpartner fungiert. Wir bieten auch Unterst\u00fctzung bei Beschlagnahme f\u00fcr Sendungen an, die von der FDA verz\u00f6gert und zur\u00fcckgehalten wurden.<\/p>\n[\/vc_column_text][vc_btn title=&#8221;Entdecken Sie unsere anderen Services&#8221; align=&#8221;center&#8221; i_align=&#8221;right&#8221; i_icon_fontawesome=&#8221;fas fa-arrow-right&#8221; add_icon=&#8221;true&#8221; link=&#8221;url:https%3A%2F%2Fdev.registrarcorp.com%2Fde%2Fservices%2F|&#8221; el_class=&#8221;secondary-btn&#8221;][\/vc_column][vc_column width=&#8221;1\/3&#8243;][\/vc_column][\/vc_row][\/vc_section][vc_section full_width=&#8221;stretch_row&#8221; css=&#8221;.vc_custom_1684219585130{padding-top: 100px !important;padding-bottom: 50px !important;background-color: #003873 !important;}&#8221;][vc_row content_placement=&#8221;middle&#8221;][vc_column width=&#8221;3\/5&#8243;][vc_custom_heading text=&#8221;Einhaltung der Registrar Corp.&#8221; font_container=&#8221;tag:h2|font_size:56|text_align:left|color:%23ffffff&#8221; google_fonts=&#8221;font_family:Montserrat%3Aregular%2C700|font_style:700%20bold%20regular%3A700%3Anormal&#8221;][vc_column_text fnt_family=&#8221;Montserrat&#8221; fnt_size=&#8221;24&#8243; grad_text_color1=&#8221;#ffffff&#8221;]Mit unserer Branchenerfahrung und unserem Spezialistenteam ist Ihre Einrichtung f\u00fcr Nahrungserg\u00e4nzungsmittel in sicheren H\u00e4nden.[\/vc_column_text][vc_btn title=&#8221;Loslegen&#8221; color=&#8221;primary&#8221; i_align=&#8221;right&#8221; i_icon_fontawesome=&#8221;fas fa-arrow-right&#8221; css=&#8221;.vc_custom_1712915498777{background-color: #0081ff !important;}&#8221; add_icon=&#8221;true&#8221; link=&#8221;url:https%3A%2F%2Fdev.registrarcorp.com%2Fde%2Fcontact%2F|&#8221; el_class=&#8221;primary-btn-white&#8221;][\/vc_column][vc_column width=&#8221;2\/5&#8243;][vc_single_image image=&#8221;1765&#8243; img_size=&#8221;large&#8221;][\/vc_column][\/vc_row][\/vc_section][vc_section full_width=&#8221;stretch_row&#8221; css=&#8221;.vc_custom_1727969642525{padding-bottom: 50px !important;background-color: #eceff1 !important;}&#8221; el_class=&#8221;faq-accordion-section&#8221;][vc_row content_placement=&#8221;bottom&#8221; css=&#8221;.vc_custom_1700054703073{padding-top: 50px !important;}&#8221;][vc_column width=&#8221;2\/3&#8243;][vc_custom_heading text=&#8221;H\u00e4ufig gestellte Fragen&#8221; font_container=&#8221;tag:h2|font_size:40|text_align:left|color:%23003873&#8243; google_fonts=&#8221;font_family:Montserrat%3Aregular%2C700|font_style:700%20bold%20regular%3A700%3Anormal&#8221;][\/vc_column][vc_column width=&#8221;1\/3&#8243;][vc_single_image image=&#8221;1008&#8243; img_size=&#8221;medium&#8221; alignment=&#8221;right&#8221; el_class=&#8221;hide-row&#8221;][\/vc_column][\/vc_row][vc_row css=&#8221;.vc_custom_1684137364661{padding-bottom: 50px !important;}&#8221;][vc_column][vc_separator color=&#8221;custom&#8221; accent_color=&#8221;#3d3d3d&#8221;][vc_tta_accordion section_title_tag=&#8221;h2&#8243; c_icon=&#8221;chevron&#8221; active_section=&#8221;1&#8243; no_fill=&#8221;true&#8221; css=&#8221;.vc_custom_1683291355932{background-color: #eceff1 !important;}&#8221; el_class=&#8221;accordion&#8221;][vc_tta_section title=&#8221;Was ist ein Nahrungserg\u00e4nzungsmittel?&#8221; tab_id=&#8221;what-is-a-dietary-supplement&#8221; el_class=&#8221;accordion-class&#8221;][vc_column_text fnt_family=&#8221;Montserrat&#8221; fnt_size=&#8221;24&#8243; grad_text_color1=&#8221;#003873&#8243;]Ein Produkt, das zur Einnahme bestimmt ist und auch einen di\u00e4tetischen Inhaltsstoff enth\u00e4lt, der die Ern\u00e4hrung erg\u00e4nzen soll, wie Vitamine, Mineralstoffe, Kr\u00e4uter oder andere Pflanzenstoffe, Aminos\u00e4uren, Enzyme und lebende Mikroben (Probiotika). Sie k\u00f6nnen in vielen Formen verkauft werden, Pillen, Tabletten, Kapseln, Gummis, Weichgels, Fl\u00fcssigkeiten und Pulver oder sogar in Lebensmitteln wie Tees oder Riegeln, solange sie nicht als Lebensmittel oder als Mahlzeit beworben werden.[\/vc_column_text][\/vc_tta_section][vc_tta_section title=&#8221;Was ist ein \u201eneuer Nahrungsbestandteil\u201c in einem Nahrungserg\u00e4nzungsmittel?&#8221; tab_id=&#8221;what-is-a-new-dietary-ingredient&#8221; el_class=&#8221;accordion-class&#8221;][vc_column_text]<span data-contrast=\"auto\">Ein Inhaltsstoff muss in eine der folgenden Kategorien fallen:<\/span><span data-ccp-props=\"{&quot;201341983&quot;:0,&quot;335559740&quot;:276}\"><\/span><\/p>\n<ul>\n<li data-leveltext=\"\u25cf\" data-font=\"Georgia\" data-listid=\"1\" data-list-defn-props=\"{&quot;335551500&quot;:3355443,&quot;335552541&quot;:1,&quot;335559684&quot;:-2,&quot;335559685&quot;:720,&quot;335559991&quot;:360,&quot;469769226&quot;:&quot;Georgia&quot;,&quot;469769242&quot;:[8226],&quot;469777803&quot;:&quot;left&quot;,&quot;469777804&quot;:&quot;\u25cf&quot;}\" aria-setsize=\"-1\" data-aria-posinset=\"1\" data-aria-level=\"1\"><span data-contrast=\"auto\">Vitamin<\/span><span data-ccp-props=\"{&quot;201341983&quot;:0,&quot;335559685&quot;:720,&quot;335559740&quot;:276,&quot;335559991&quot;:360}\"><\/span><\/li>\n<li data-leveltext=\"\u25cf\" data-font=\"Georgia\" data-listid=\"1\" data-list-defn-props=\"{&quot;335551500&quot;:3355443,&quot;335552541&quot;:1,&quot;335559684&quot;:-2,&quot;335559685&quot;:720,&quot;335559991&quot;:360,&quot;469769226&quot;:&quot;Georgia&quot;,&quot;469769242&quot;:[8226],&quot;469777803&quot;:&quot;left&quot;,&quot;469777804&quot;:&quot;\u25cf&quot;}\" aria-setsize=\"-1\" data-aria-posinset=\"2\" data-aria-level=\"1\"><span data-contrast=\"auto\">Mineral<\/span><span data-ccp-props=\"{&quot;201341983&quot;:0,&quot;335559685&quot;:720,&quot;335559740&quot;:276,&quot;335559991&quot;:360}\"><\/span><\/li>\n<li data-leveltext=\"\u25cf\" data-font=\"Georgia\" data-listid=\"1\" data-list-defn-props=\"{&quot;335551500&quot;:3355443,&quot;335552541&quot;:1,&quot;335559684&quot;:-2,&quot;335559685&quot;:720,&quot;335559991&quot;:360,&quot;469769226&quot;:&quot;Georgia&quot;,&quot;469769242&quot;:[8226],&quot;469777803&quot;:&quot;left&quot;,&quot;469777804&quot;:&quot;\u25cf&quot;}\" aria-setsize=\"-1\" data-aria-posinset=\"3\" data-aria-level=\"1\"><span data-contrast=\"auto\">Kr\u00e4uter oder Pflanzen<\/span><span data-ccp-props=\"{&quot;201341983&quot;:0,&quot;335559685&quot;:720,&quot;335559740&quot;:276,&quot;335559991&quot;:360}\"><\/span><\/li>\n<li data-leveltext=\"\u25cf\" data-font=\"Georgia\" data-listid=\"1\" data-list-defn-props=\"{&quot;335551500&quot;:3355443,&quot;335552541&quot;:1,&quot;335559684&quot;:-2,&quot;335559685&quot;:720,&quot;335559991&quot;:360,&quot;469769226&quot;:&quot;Georgia&quot;,&quot;469769242&quot;:[8226],&quot;469777803&quot;:&quot;left&quot;,&quot;469777804&quot;:&quot;\u25cf&quot;}\" aria-setsize=\"-1\" data-aria-posinset=\"4\" data-aria-level=\"1\"><span data-contrast=\"auto\">Aminos\u00e4ure<\/span><span data-ccp-props=\"{&quot;201341983&quot;:0,&quot;335559685&quot;:720,&quot;335559740&quot;:276,&quot;335559991&quot;:360}\"><\/span><\/li>\n<li data-leveltext=\"\u25cf\" data-font=\"Georgia\" data-listid=\"1\" data-list-defn-props=\"{&quot;335551500&quot;:3355443,&quot;335552541&quot;:1,&quot;335559684&quot;:-2,&quot;335559685&quot;:720,&quot;335559991&quot;:360,&quot;469769226&quot;:&quot;Georgia&quot;,&quot;469769242&quot;:[8226],&quot;469777803&quot;:&quot;left&quot;,&quot;469777804&quot;:&quot;\u25cf&quot;}\" aria-setsize=\"-1\" data-aria-posinset=\"5\" data-aria-level=\"1\"><span data-contrast=\"auto\">Ern\u00e4hrungssubstanz, die zur Erg\u00e4nzung der Ern\u00e4hrung durch Erh\u00f6hung der gesamten Nahrungsaufnahme verwendet wird<\/span><span data-ccp-props=\"{&quot;201341983&quot;:0,&quot;335559685&quot;:720,&quot;335559740&quot;:276,&quot;335559991&quot;:360}\"><\/span><\/li>\n<li data-leveltext=\"\u25cf\" data-font=\"Georgia\" data-listid=\"1\" data-list-defn-props=\"{&quot;335551500&quot;:3355443,&quot;335552541&quot;:1,&quot;335559684&quot;:-2,&quot;335559685&quot;:720,&quot;335559991&quot;:360,&quot;469769226&quot;:&quot;Georgia&quot;,&quot;469769242&quot;:[8226],&quot;469777803&quot;:&quot;left&quot;,&quot;469777804&quot;:&quot;\u25cf&quot;}\" aria-setsize=\"-1\" data-aria-posinset=\"5\" data-aria-level=\"1\"><span data-contrast=\"auto\">Konzentrat, Metabolit, Bestandteil, Extrakt oder Kombination von Inhaltsstoffen aus den oben genannten Kategorien<\/span><span data-ccp-props=\"{&quot;201341983&quot;:0,&quot;335559685&quot;:720,&quot;335559740&quot;:276,&quot;335559991&quot;:360}\"><\/span><\/li>\n<\/ul>\n<p><span data-ccp-props=\"{&quot;201341983&quot;:0,&quot;335559740&quot;:276}\"><\/span><span data-contrast=\"auto\">Ein neuer Inhaltsstoff ist ein Inhaltsstoff, der vor Oktober 1994 in den Vereinigten Staaten nicht vermarktet wurde.<\/span><span data-ccp-props=\"{&quot;201341983&quot;:0,&quot;335559740&quot;:276}\"><\/span>[\/vc_column_text][\/vc_tta_section][vc_tta_section title=&#8221;Welche Informationen muss der Hersteller auf dem Etikett eines Nahrungserg\u00e4nzungsmittels angeben?&#8221; tab_id=&#8221;what-information-must&#8221; el_class=&#8221;accordion-class&#8221;][vc_column_text]<span data-contrast=\"auto\">Die FDA-Vorschriften verlangen, dass alle Nahrungserg\u00e4nzungsmittel-Etiketten Folgendes enthalten:<\/span><span data-ccp-props=\"{&quot;201341983&quot;:0,&quot;335559740&quot;:276}\"><\/span><\/p>\n<ul>\n<li data-leveltext=\"\u25cf\" data-font=\"Calibri\" data-listid=\"2\" data-list-defn-props=\"{&quot;335552541&quot;:1,&quot;335559684&quot;:-2,&quot;335559685&quot;:720,&quot;335559991&quot;:360,&quot;469769242&quot;:[8226],&quot;469777803&quot;:&quot;left&quot;,&quot;469777804&quot;:&quot;\u25cf&quot;}\" aria-setsize=\"-1\" data-aria-posinset=\"1\" data-aria-level=\"1\"><span data-contrast=\"auto\">Produktname<\/span><span data-ccp-props=\"{&quot;201341983&quot;:0,&quot;335559685&quot;:720,&quot;335559740&quot;:276,&quot;335559991&quot;:360}\"><\/span><\/li>\n<li data-leveltext=\"\u25cf\" data-font=\"Calibri\" data-listid=\"2\" data-list-defn-props=\"{&quot;335552541&quot;:1,&quot;335559684&quot;:-2,&quot;335559685&quot;:720,&quot;335559991&quot;:360,&quot;469769242&quot;:[8226],&quot;469777803&quot;:&quot;left&quot;,&quot;469777804&quot;:&quot;\u25cf&quot;}\" aria-setsize=\"-1\" data-aria-posinset=\"2\" data-aria-level=\"1\"><span data-contrast=\"auto\">Erkl\u00e4rung, dass es sich bei dem Produkt um ein Nahrungserg\u00e4nzungsmittel oder einen gleichwertigen Begriff handelt, der \u201eErn\u00e4hrung\u201c durch den Inhaltsstoff des Produkts ersetzt, wie z. B. \u201eEisenpr\u00e4parat\u201c oder \u201epflanzliches Nahrungserg\u00e4nzungsmittel\u201c<\/span><span data-ccp-props=\"{&quot;201341983&quot;:0,&quot;335559685&quot;:720,&quot;335559740&quot;:276,&quot;335559991&quot;:360}\"><\/span><\/li>\n<li data-leveltext=\"\u25cf\" data-font=\"Calibri\" data-listid=\"2\" data-list-defn-props=\"{&quot;335552541&quot;:1,&quot;335559684&quot;:-2,&quot;335559685&quot;:720,&quot;335559991&quot;:360,&quot;469769242&quot;:[8226],&quot;469777803&quot;:&quot;left&quot;,&quot;469777804&quot;:&quot;\u25cf&quot;}\" aria-setsize=\"-1\" data-aria-posinset=\"3\" data-aria-level=\"1\"><span data-contrast=\"auto\">Name und Gesch\u00e4ftssitz des Herstellers, Verpackers oder Vertriebsh\u00e4ndlers<\/span><span data-ccp-props=\"{&quot;201341983&quot;:0,&quot;335559685&quot;:720,&quot;335559740&quot;:276,&quot;335559991&quot;:360}\"><\/span><\/li>\n<li data-leveltext=\"\u25cf\" data-font=\"Calibri\" data-listid=\"2\" data-list-defn-props=\"{&quot;335552541&quot;:1,&quot;335559684&quot;:-2,&quot;335559685&quot;:720,&quot;335559991&quot;:360,&quot;469769242&quot;:[8226],&quot;469777803&quot;:&quot;left&quot;,&quot;469777804&quot;:&quot;\u25cf&quot;}\" aria-setsize=\"-1\" data-aria-posinset=\"3\" data-aria-level=\"1\"><span data-contrast=\"auto\">N\u00e4hrwertkennzeichnung des Nahrungserg\u00e4nzungsmittel-Faktenfelds<\/span><span data-ccp-props=\"{&quot;201341983&quot;:0,&quot;335559685&quot;:720,&quot;335559740&quot;:276,&quot;335559991&quot;:360}\"><\/span><\/li>\n<li data-leveltext=\"\u25cf\" data-font=\"Calibri\" data-listid=\"2\" data-list-defn-props=\"{&quot;335552541&quot;:1,&quot;335559684&quot;:-2,&quot;335559685&quot;:720,&quot;335559991&quot;:360,&quot;469769242&quot;:[8226],&quot;469777803&quot;:&quot;left&quot;,&quot;469777804&quot;:&quot;\u25cf&quot;}\" aria-setsize=\"-1\" data-aria-posinset=\"3\" data-aria-level=\"1\"><span data-contrast=\"auto\">Liste der sonstigen Bestandteile<\/span><span data-ccp-props=\"{&quot;201341983&quot;:0,&quot;335559685&quot;:720,&quot;335559740&quot;:276,&quot;335559991&quot;:360}\"><\/span><\/li>\n<li data-leveltext=\"\u25cf\" data-font=\"Calibri\" data-listid=\"2\" data-list-defn-props=\"{&quot;335552541&quot;:1,&quot;335559684&quot;:-2,&quot;335559685&quot;:720,&quot;335559991&quot;:360,&quot;469769242&quot;:[8226],&quot;469777803&quot;:&quot;left&quot;,&quot;469777804&quot;:&quot;\u25cf&quot;}\" aria-setsize=\"-1\" data-aria-posinset=\"3\" data-aria-level=\"1\"><span data-contrast=\"auto\">Netto-Inhaltsmenge<\/span><span data-ccp-props=\"{&quot;201341983&quot;:0,&quot;335559685&quot;:720,&quot;335559740&quot;:276,&quot;335559991&quot;:360}\"><\/span><\/li>\n<li data-leveltext=\"\u25cf\" data-font=\"Calibri\" data-listid=\"2\" data-list-defn-props=\"{&quot;335552541&quot;:1,&quot;335559684&quot;:-2,&quot;335559685&quot;:720,&quot;335559991&quot;:360,&quot;469769242&quot;:[8226],&quot;469777803&quot;:&quot;left&quot;,&quot;469777804&quot;:&quot;\u25cf&quot;}\" aria-setsize=\"-1\" data-aria-posinset=\"3\" data-aria-level=\"1\"><span data-contrast=\"auto\">Inl\u00e4ndische Adresse oder inl\u00e4ndische Telefonnummer f\u00fcr die Meldung schwerwiegender, unerw\u00fcnschter Ereignisse an den Hersteller, Verpacker oder H\u00e4ndler<\/span><span data-ccp-props=\"{&quot;201341983&quot;:0,&quot;335559685&quot;:720,&quot;335559740&quot;:276,&quot;335559991&quot;:360}\"><\/span><\/li>\n<\/ul>\n[\/vc_column_text][\/vc_tta_section][vc_tta_section title=&#8221;Ist es legal, ein Nahrungserg\u00e4nzungsmittelprodukt zu vermarkten, um eine bestimmte Krankheit zu behandeln, zu verhindern oder zu heilen?&#8221; tab_id=&#8221;is-it-legal&#8221; el_class=&#8221;accordion-class&#8221;][vc_column_text]<span data-contrast=\"auto\">Nein. Jedes Produkt, das als Nahrungserg\u00e4nzungsmittel verkauft und als Behandlung, Pr\u00e4vention oder Heilung einer bestimmten Krankheit oder Klasse von Krankheiten vermarktet wird, erf\u00fcllt die FDA-Definition eines Medikaments und unterliegt den Arzneimittelvorschriften.<\/span><span data-ccp-props=\"{&quot;201341983&quot;:0,&quot;335559740&quot;:276}\"><\/span>[\/vc_column_text][\/vc_tta_section][\/vc_tta_accordion][\/vc_column][\/vc_row][\/vc_section]\n<\/div>","protected":false},"excerpt":{"rendered":"<p>[vc_section full_width=&#8221;stretch_row&#8221; content_placement=&#8221;middle&#8221; css=&#8221;.vc_custom_1684238636830{padding-top: 80px !important;padding-bottom: 50px !important;background-color: #ffffff !important;}&#8221;][vc_row content_placement=&#8221;middle&#8221; el_class=&#8221;hero-section&#8221;][vc_column width=&#8221;1\/2&#8243;][vc_column_text css=&#8221;&#8221;] Halten Sie Ihre Nahrungserg\u00e4nzungsmittel-Einrichtung konform. [\/vc_column_text][vc_column_text fnt_family=&#8221;Montserrat&#8221; fnt_size=&#8221;24&#8243;]Die sichere Einfuhr und Vermarktung von Nahrungserg\u00e4nzungsmitteln mit Registrar Corp. Unser Team von Regulierunsfachleuten hilft Ihnen dabei, Compliance zu erreichen und aufrechtzuerhalten.[\/vc_column_text][vc_btn title=&#8221;Entdecken Sie unsere Angebote&#8221; color=&#8221;sky&#8221; i_align=&#8221;right&#8221; i_icon_fontawesome=&#8221;fas fa-arrow-right&#8221; add_icon=&#8221;true&#8221; link=&#8221;url:%23offerings|&#8221; el_class=&#8221;primary-btn&#8221;][\/vc_column][vc_column width=&#8221;1\/2&#8243;][vc_single_image<\/p>\n","protected":false},"author":33,"featured_media":0,"parent":14840,"menu_order":0,"comment_status":"closed","ping_status":"closed","template":"page-templates\/page-sidebar-none.php","meta":{"_acf_changed":false,"content-type":"","footnotes":""},"class_list":["post-14044","page","type-page","status-publish","hentry"],"acf":[],"_links":{"self":[{"href":"https:\/\/dev.registrarcorp.com\/de\/wp-json\/wp\/v2\/pages\/14044","targetHints":{"allow":["GET"]}}],"collection":[{"href":"https:\/\/dev.registrarcorp.com\/de\/wp-json\/wp\/v2\/pages"}],"about":[{"href":"https:\/\/dev.registrarcorp.com\/de\/wp-json\/wp\/v2\/types\/page"}],"author":[{"embeddable":true,"href":"https:\/\/dev.registrarcorp.com\/de\/wp-json\/wp\/v2\/users\/33"}],"replies":[{"embeddable":true,"href":"https:\/\/dev.registrarcorp.com\/de\/wp-json\/wp\/v2\/comments?post=14044"}],"version-history":[{"count":0,"href":"https:\/\/dev.registrarcorp.com\/de\/wp-json\/wp\/v2\/pages\/14044\/revisions"}],"up":[{"embeddable":true,"href":"https:\/\/dev.registrarcorp.com\/de\/wp-json\/wp\/v2\/pages\/14840"}],"wp:attachment":[{"href":"https:\/\/dev.registrarcorp.com\/de\/wp-json\/wp\/v2\/media?parent=14044"}],"curies":[{"name":"wp","href":"https:\/\/api.w.org\/{rel}","templated":true}]}}