{"id":12042,"date":"2023-07-08T07:50:48","date_gmt":"2023-07-08T07:50:48","guid":{"rendered":"https:\/\/staging.registrarcorp.com\/color-additive-review-and-batch-certification\/"},"modified":"2024-10-03T19:27:03","modified_gmt":"2024-10-03T19:27:03","slug":"color-additives","status":"publish","type":"page","link":"https:\/\/dev.registrarcorp.com\/es\/services\/label-ingredients-review\/color-additives\/","title":{"rendered":"Revisi\u00f3n de aditivos de color y certificaci\u00f3n de lotes"},"content":{"rendered":"<div class=\"wpb-content-wrapper\">[vc_row full_width=&#8221;stretch_row&#8221; css=&#8221;.vc_custom_1726759153635{padding-top: 70px !important;background-color: #ffffff !important;}&#8221; el_class=&#8221;vertical-text-align hero-section&#8221;][vc_column width=&#8221;1\/2&#8243; css=&#8221;.vc_custom_1688990185635{padding-top: 50px !important;}&#8221; el_class=&#8221;color-additive-header&#8221;][vc_custom_heading text=&#8221;Siga cumpliendo con los servicios de aditivos de color de la FDA de Registrar Corp.&#8221; font_container=&#8221;tag:h1|font_size:46px|text_align:left|color:%23003873|line_height:56px&#8221; google_fonts=&#8221;font_family:Montserrat%3Aregular%2C700|font_style:700%20bold%20regular%3A700%3Anormal&#8221;][vc_column_text fnt_family=&#8221;Montserrat&#8221; fnt_size=&#8221;18px&#8221; fnt_family_h4=&#8221;Montserrat&#8221; fnt_size_h4=&#8221;24px&#8221;]Evite desperdiciar innumerables horas investigando los amplios requisitos de aditivos de color de la FDA y obtenga orientaci\u00f3n experta sobre qu\u00e9 regulaciones se aplican a sus productos. Registrar Corp est\u00e1 aqu\u00ed para hacer el trabajo pesado por usted.[\/vc_column_text][vc_btn title=&#8221;Obtenga su revisi\u00f3n de aditivos de color&#8221; style=&#8221;flat&#8221; shape=&#8221;square&#8221; color=&#8221;blue&#8221; size=&#8221;lg&#8221; align=&#8221;left&#8221; i_align=&#8221;right&#8221; i_icon_fontawesome=&#8221;fas fa-arrow-right&#8221; css=&#8221;.vc_custom_1688802651726{padding-top: 20px !important;}&#8221; add_icon=&#8221;true&#8221; el_class=&#8221;primary-btn&#8221; link=&#8221;url:%23formSection|&#8221;][\/vc_column][vc_column width=&#8221;1\/2&#8243;][vc_single_image image=&#8221;7197&#8243; img_size=&#8221;552&#215;558&#8243; alignment=&#8221;right&#8221;][\/vc_column][\/vc_row][vc_row full_width=&#8221;stretch_row&#8221; css=&#8221;.vc_custom_1688803176733{padding-top: 50px !important;background-color: #eeefef !important;}&#8221; el_class=&#8221;vertical-text-align&#8221;][vc_column width=&#8221;1\/2&#8243;][vc_single_image image=&#8221;7205&#8243; img_size=&#8221;588&#215;537&#8243;][\/vc_column][vc_column width=&#8221;1\/2&#8243; el_class=&#8221;col-txt-center&#8221;][vc_custom_heading text=&#8221;Revisi\u00f3n de aditivos de color y certificaci\u00f3n de lotes&#8221; font_container=&#8221;tag:h2|font_size:32px|text_align:left|color:%23003873|line_height:56px&#8221; google_fonts=&#8221;font_family:Montserrat%3Aregular%2C700|font_style:700%20bold%20regular%3A700%3Anormal&#8221;][vc_column_text fnt_family=&#8221;Montserrat&#8221; fnt_size=&#8221;18px&#8221; fnt_family_h5=&#8221;Montserrat&#8221; fnt_size_h5=&#8221;18px&#8221;]Un aditivo de color es cualquier tinte, pigmento u otra sustancia que puede impartir color a un producto. La FDA regula los aditivos de color agregados a alimentos, suplementos, medicamentos, cosm\u00e9ticos y dispositivos m\u00e9dicos, incluidas las sustancias sint\u00e9ticas y las sustancias derivadas de fuentes naturales.<\/p>\n<p>Los aditivos de color deben someterse al proceso de aprobaci\u00f3n de la FDA antes de ser utilizados en productos regulados por la agencia. La FDA puede tomar medidas de cumplimiento contra una firma que distribuya productos que contienen un color no aprobado o uno utilizado de una manera no descrita en la regulaci\u00f3n.<\/p>\n<p>Estas acciones pueden incluir cartas de advertencia, colocaci\u00f3n de la compa\u00f1\u00eda en alerta de importaci\u00f3n o detenci\u00f3n y rechazo del producto en el puerto.<br \/>\n[\/vc_column_text][\/vc_column][\/vc_row][vc_row full_width=&#8221;stretch_row&#8221; css=&#8221;.vc_custom_1704750454423{padding-top: 30px !important;padding-bottom: 50px !important;background-color: #eeefef !important;}&#8221; el_class=&#8221;vertical-text-align&#8221;][vc_column width=&#8221;1\/2&#8243; css=&#8221;.vc_custom_1688982816048{padding-right: 50px !important;}&#8221;][vc_column_text fnt_family=&#8221;Montserrat&#8221; fnt_size=&#8221;18px&#8221; fnt_family_h5=&#8221;Montserrat&#8221; fnt_size_h5=&#8221;18px&#8221;]Para algunos aditivos de color sint\u00e9tico, la aprobaci\u00f3n para su uso depende de la finalizaci\u00f3n exitosa de la \u201ccertificaci\u00f3n de lote\u201d. Las empresas no estadounidenses deben designar a un agente estadounidense para este proceso.<\/p>\n<p>Durante el proceso de certificaci\u00f3n de lotes, el fabricante:<\/p>\n<ul>\n<li>Separa una muestra del aditivo de color<\/li>\n<li>Env\u00eda la muestra a la FDA<\/li>\n<li>Paga una tarifa para que la FDA analice la muestra de acuerdo con las especificaciones descritas en la reglamentaci\u00f3n<\/li>\n<li>Obtiene un n\u00famero de lote \u00fanico si el color pasa<\/li>\n<\/ul>\n<p>Navegar por los requisitos confusos para cada uno de sus aditivos de color es desafiante y lleva mucho tiempo. \u00bfC\u00f3mo sabe si un aditivo de color necesita certificaci\u00f3n de lote, no lo necesita o no est\u00e1 permitido en absoluto?[\/vc_column_text][\/vc_column][vc_column width=&#8221;1\/2&#8243; el_class=&#8221;col-txt-center&#8221;][vc_single_image image=&#8221;7213&#8243; img_size=&#8221;557&#215;454&#8243;][\/vc_column][\/vc_row][vc_row full_width=&#8221;stretch_row&#8221; css=&#8221;.vc_custom_1688803412380{padding-top: 50px !important;background-color: #003873 !important;}&#8221;][vc_column][vc_custom_heading text=&#8221;Registrar Corp puede ayudar.&#8221; font_container=&#8221;tag:h2|font_size:32px|text_align:left|color:%23ffffff|line_height:50px&#8221; google_fonts=&#8221;font_family:Montserrat%3Aregular%2C700|font_style:700%20bold%20regular%3A700%3Anormal&#8221; css=&#8221;.vc_custom_1704751354373{margin-bottom: 0px !important;}&#8221;][\/vc_column][\/vc_row][vc_row full_width=&#8221;stretch_row&#8221; css=&#8221;.vc_custom_1688804278503{padding-bottom: 20px !important;background-color: #003873 !important;}&#8221; el_class=&#8221;vertical-text-align&#8221;][vc_column width=&#8221;1\/2&#8243;][vc_column_text fnt_family=&#8221;Montserrat&#8221; fnt_size=&#8221;24px&#8221; fnt_family_h5=&#8221;Montserrat&#8221; fnt_size_h5=&#8221;18px&#8221;]\n<p style=\"color: #ffffff;\">Simplificaremos las regulaciones de aditivos de color al hacer una referencia cruzada de su color con miles de p\u00e1ginas dentro del C\u00f3digo de Regulaciones Federales, as\u00ed como el Registro Federal, Sustancias Agregadas a la Base de Datos de Alimentos, Gu\u00edas de Etiquetado y Cartas de Advertencia emitidas por la FDA de los EE. UU.<\/p>\n<p style=\"color: #ffffff;\">Registrar Corp puede revisar sus aditivos de color para determinar si han sido aprobados por la FDA. Nuestro informe detallar\u00e1 todos los usos aprobados y las especificaciones requeridas para sus aditivos de color.<\/p>\n[\/vc_column_text][\/vc_column][vc_column width=&#8221;1\/2&#8243; el_class=&#8221;color-additive&#8221;][vc_column_text fnt_size=&#8221;24px&#8221;]<span style=\"font-size: 18.0pt;\"><span style=\"color: #ffffff;\">Si su aditivo de color est\u00e1 sujeto al requisito de certificaci\u00f3n de lotes, haremos lo siguiente:<\/span>[\/vc_column_text][vc_column_text fnt_family=&#8221;Montserrat&#8221; fnt_size=&#8221;24px&#8221;]<\/span><\/p>\n<div class=\"p-main-list\">\n<div>\n<p style=\"color: #ffffff;\"><img loading=\"lazy\" decoding=\"async\" class=\"alignnone size-full wp-image-7230\" style=\"color: #333333;\" src=\"https:\/\/dev.registrarcorp.com\/wp-content\/uploads\/2023\/07\/help.png\" alt=\"\" width=\"50\" height=\"50\" srcset=\"https:\/\/dev.registrarcorp.com\/wp-content\/uploads\/2023\/07\/help.png 100w, https:\/\/dev.registrarcorp.com\/wp-content\/uploads\/2023\/07\/help-150x150.png 150w, https:\/\/dev.registrarcorp.com\/wp-content\/uploads\/2023\/07\/help-600x600.png 600w\" sizes=\"auto, (max-width: 50px) 100vw, 50px\" \/><\/p>\n<\/div>\n<p><span style=\"color: #ffffff;\"><span style=\"font-size: 18.0pt;\">Ayudarle a obtener una cuenta de la FDA e iniciar sesi\u00f3n en el sistema en l\u00ednea<\/span><\/span><\/p>\n<\/div>\n<div class=\"p-main-list\">\n<div class=\"p-list-icon\"><img loading=\"lazy\" decoding=\"async\" class=\"alignnone size-full wp-image-7222\" src=\"https:\/\/dev.registrarcorp.com\/wp-content\/uploads\/2023\/07\/assist.png\" alt=\"\" width=\"50\" height=\"50\" srcset=\"https:\/\/dev.registrarcorp.com\/wp-content\/uploads\/2023\/07\/assist.png 100w, https:\/\/dev.registrarcorp.com\/wp-content\/uploads\/2023\/07\/assist-150x150.png 150w, https:\/\/dev.registrarcorp.com\/wp-content\/uploads\/2023\/07\/assist-600x600.png 600w\" sizes=\"auto, (max-width: 50px) 100vw, 50px\" \/><\/div>\n<p><span style=\"color: #ffffff;\"><span style=\"font-size: 18.0pt;\">Ayudarlo con el env\u00edo de muestras<\/span><\/span><\/p>\n<\/div>\n<div class=\"p-main-list\">\n<div class=\"p-list-icon\"><img loading=\"lazy\" decoding=\"async\" class=\"alignnone size-full wp-image-7214\" src=\"https:\/\/dev.registrarcorp.com\/wp-content\/uploads\/2023\/07\/serve.png\" alt=\"\" width=\"50\" height=\"50\" srcset=\"https:\/\/dev.registrarcorp.com\/wp-content\/uploads\/2023\/07\/serve.png 100w, https:\/\/dev.registrarcorp.com\/wp-content\/uploads\/2023\/07\/serve-150x150.png 150w, https:\/\/dev.registrarcorp.com\/wp-content\/uploads\/2023\/07\/serve-600x600.png 600w\" sizes=\"auto, (max-width: 50px) 100vw, 50px\" \/><\/div>\n<p><span style=\"color: #ffffff;\"><span style=\"font-size: 18.0pt;\">Servir como su contacto de comunicaciones y (si corresponde) agente de EE. UU.<\/span><\/span><\/p>\n<\/div>\n[\/vc_column_text][\/vc_column][\/vc_row][vc_row full_width=&#8221;stretch_row&#8221; css=&#8221;.vc_custom_1688803127667{padding-bottom: 50px !important;background-color: #003873 !important;}&#8221;][vc_column width=&#8221;1\/6&#8243;][\/vc_column][vc_column width=&#8221;2\/3&#8243; css=&#8221;.vc_custom_1685362239351{padding-top: 0px !important;}&#8221;][vc_btn title=&#8221;Comience hoy mismo&#8221; style=&#8221;flat&#8221; shape=&#8221;square&#8221; color=&#8221;blue&#8221; size=&#8221;lg&#8221; align=&#8221;center&#8221; i_align=&#8221;right&#8221; i_icon_fontawesome=&#8221;fas fa-arrow-right&#8221; add_icon=&#8221;true&#8221; el_class=&#8221;primary-btn-white&#8221; link=&#8221;url:%23formSection|&#8221;][\/vc_column][vc_column width=&#8221;1\/6&#8243;][\/vc_column][\/vc_row][vc_row full_width=&#8221;stretch_row&#8221; css=&#8221;.vc_custom_1697469888310{padding-top: 30px !important;padding-bottom: 30px !important;background-color: #ffffff !important;}&#8221; el_id=&#8221;formSection&#8221;][vc_column width=&#8221;1\/2&#8243;][vc_column_text]\n<h2><span class=\"ui-provider fz b c d e f g h i j k l m n o p q r s t u v w x y z ab ac ae af ag ah ai aj ak\" dir=\"ltr\"><span style=\"color: #003873;\">Registrar Corp ayuda a simplificar las regulaciones de aditivos de color.\u00a0<\/span><\/span><\/h2>\n[\/vc_column_text][\/vc_column][vc_column width=&#8221;1\/2&#8243; css=&#8221;.vc_custom_1697468877918{padding-top: 25px !important;padding-right: 25px !important;padding-bottom: 25px !important;padding-left: 25px !important;background-color: #003873 !important;}&#8221;][vc_raw_html]W2dyYXZpdHlmb3JtIGlkPSI2MCIgdGl0bGU9ImZhbHNlIiBkZXNjcmlwdGlvbj0iZmFsc2UiXQ==[\/vc_raw_html][\/vc_column][\/vc_row][vc_row full_width=&#8221;stretch_row&#8221; css=&#8221;.vc_custom_1727969514553{padding-bottom: 50px !important;background-color: #eceff1 !important;}&#8221; el_class=&#8221;faq-accordion-section&#8221;][vc_column][vc_single_image image=&#8221;3266&#8243; img_size=&#8221;medium&#8221; alignment=&#8221;right&#8221; css=&#8221;.vc_custom_1700033563340{margin-bottom: -105px !important;}&#8221; el_class=&#8221;hide-row&#8221;][vc_custom_heading text=&#8221;Preguntas frecuentes&#8221; font_container=&#8221;tag:h2|font_size:40px|text_align:left|color:%23003873&#8243; google_fonts=&#8221;font_family:Montserrat%3Aregular%2C700|font_style:700%20bold%20regular%3A700%3Anormal&#8221; css=&#8221;.vc_custom_1700033595093{border-bottom-width: 0.5px !important;padding-top: 50px !important;padding-bottom: 20px !important;border-bottom-color: #000000 !important;border-bottom-style: solid !important;}&#8221;][vc_tta_accordion style=&#8221;flat&#8221; shape=&#8221;square&#8221; c_icon=&#8221;chevron&#8221; active_section=&#8221;1&#8243; no_fill=&#8221;true&#8221;][vc_tta_section title=&#8221;\u00bfCu\u00e1les son las reglas de la FDA espec\u00edficas para los aditivos de color?&#8221; tab_id=&#8221;faq1&#8243; el_class=&#8221;prior-faq-sec&#8221;][vc_column_text]Todos los aditivos de color deben estar aprobados por la FDA para su uso previsto. Una vez aprobado, la FDA anuncia una regulaci\u00f3n para el aditivo de color espec\u00edfico, que se encuentra en el T\u00edtulo 21 del C\u00f3digo de Regulaciones Federales.<\/p>\n<p>Algunos colores se aprueban generalmente, mientras que otros tendr\u00e1n usos aprobados muy espec\u00edficos o limitaciones en su uso. Por ejemplo, el betacaroteno puede usarse en alimentos generalmente, pero el extracto de espirulina solo puede usarse en ciertas categor\u00edas de productos.[\/vc_column_text][\/vc_tta_section][vc_tta_section title=&#8221;\u00bfQu\u00e9 es la certificaci\u00f3n de lotes?&#8221; tab_id=&#8221;faq2&#8243; el_class=&#8221;prior-faq-sec&#8221;][vc_column_text]<span data-contrast=\"none\">Adem\u00e1s, algunos aditivos de color requieren una \u201ccertificaci\u00f3n de lote\u201d antes de que puedan agregarse a un producto terminado, donde la FDA prueba una muestra de cada lote fabricado para garantizar que cumpla con sus especificaciones. Estos colores, una vez certificados, se designan con \u201cFD&amp;C\u201d o \u201cD&amp;C\u201d en el nombre.<\/span><span data-ccp-props=\"{&quot;201341983&quot;:0,&quot;335559685&quot;:0,&quot;335559739&quot;:160,&quot;335559740&quot;:257}\"><\/span><\/p>\n<p><span data-contrast=\"none\">La certificaci\u00f3n implica reglas estrictas con respecto a la fabricaci\u00f3n y luego \u201ccontrolar\u201d el lote para que no se produzca adulteraci\u00f3n mientras la FDA analiza la muestra. El etiquetado del aditivo de color en s\u00ed tambi\u00e9n est\u00e1 sujeto a requisitos de contenido espec\u00edficos.\u00a0 Cualquier violaci\u00f3n puede dar lugar a que la FDA rechace el lote y se niegue a certificarlo.<\/span><span data-ccp-props=\"{&quot;201341983&quot;:0,&quot;335559685&quot;:0,&quot;335559739&quot;:160,&quot;335559740&quot;:257}\"><\/span><\/p>\n<p><span data-contrast=\"none\">Las empresas deben tener mucho cuidado de asegurarse de que sus colores est\u00e9n aprobados para su uso en los EE. UU., ya que esta es una causa extremadamente com\u00fan para las detenciones de env\u00edos. Las empresas tambi\u00e9n deben estar preparadas para probar que cualquier color certificable utilizado en sus productos proviene de lotes certificados por la FDA con el n\u00famero de lote exacto.<\/span><span data-ccp-props=\"{&quot;201341983&quot;:0,&quot;335559685&quot;:0,&quot;335559739&quot;:160,&quot;335559740&quot;:257}\"><\/span>[\/vc_column_text][\/vc_tta_section][vc_tta_section title=&#8221;\u00bfCu\u00e1les son los cargos para certificar un aditivo de color?&#8221; tab_id=&#8221;faq3&#8243; el_class=&#8221;prior-faq-sec&#8221;][vc_column_text]<span data-contrast=\"none\">La FDA cobra cargos seg\u00fan el tama\u00f1o del lote que se certifica. Para colores lisos y lacas, la tarifa es de $0.35 por libra, pero no menos de $224. Para los reempaques de aditivos de color certificados previamente, la tarifa var\u00eda: lotes de 100 libras o menos, $35; lotes de m\u00e1s de 100 libras hasta 1000 libras, $35 m\u00e1s $0.06 por cada libra que supere las 100 libras; y para lotes de m\u00e1s de 1000 libras, $89 m\u00e1s $0.02 por cada libra que supere las 1000 libras. <\/span><span data-ccp-props=\"{&quot;201341983&quot;:0,&quot;335559685&quot;:0,&quot;335559739&quot;:160,&quot;335559740&quot;:257}\"><\/span><\/p>\n<p><span data-contrast=\"none\">El 2 de noviembre de 2022, la FDA propuso un aumento en las tarifas de certificaci\u00f3n de lotes de color para cubrir el aumento de los costos de operaci\u00f3n del programa. Hasta la fecha, este aumento propuesto no ha sido finalizado.<\/span><span data-ccp-props=\"{&quot;201341983&quot;:0,&quot;335559685&quot;:0,&quot;335559739&quot;:160,&quot;335559740&quot;:257}\"><\/span>[\/vc_column_text][\/vc_tta_section][vc_tta_section title=&#8221;\u00bfCu\u00e1les son los procedimientos que una empresa debe seguir para certificar los colores?&#8221; tab_id=&#8221;faq4&#8243; el_class=&#8221;prior-faq-sec&#8221;][vc_column_text]<span data-contrast=\"none\">Para certificar los colores con la FDA, una compa\u00f1\u00eda debe establecer una cuenta de aditivos de color con la FDA. Las compa\u00f1\u00edas no estadounidenses tambi\u00e9n deben designar a un agente estadounidense que \u201caceptar\u00e1 la responsabilidad\u201d de cualquier muestra presentada para certificaci\u00f3n.<\/span><span data-ccp-props=\"{&quot;201341983&quot;:0,&quot;335559685&quot;:0,&quot;335559739&quot;:160,&quot;335559740&quot;:257}\"><\/span><\/p>\n<p><span data-contrast=\"none\">Una vez establecida la cuenta de aditivos de color, se le otorgar\u00e1 acceso a una compa\u00f1\u00eda al sistema en l\u00ednea de la FDA a trav\u00e9s del cual se pueden enviar solicitudes de certificaci\u00f3n por lotes. Para usar el sistema en l\u00ednea, los cargos por certificaci\u00f3n deben enviarse a la FDA y atribuirse a la cuenta de aditivos de color.<\/span><span data-ccp-props=\"{&quot;201341983&quot;:0,&quot;335559685&quot;:0,&quot;335559739&quot;:160,&quot;335559740&quot;:257}\"><\/span><\/p>\n<p><span data-contrast=\"none\">Una vez que se reciben los honorarios, una compa\u00f1\u00eda puede presentar solicitudes y enviar las muestras a la FDA para su an\u00e1lisis. El agente de EE. UU. tambi\u00e9n utiliza el sistema en l\u00ednea para aceptar la responsabilidad de las muestras. La FDA publicar\u00e1 los resultados de las pruebas en el sistema y har\u00e1 un seguimiento por correo con certificados impresos para los lotes.<\/span><span data-ccp-props=\"{&quot;201341983&quot;:0,&quot;335559685&quot;:0,&quot;335559739&quot;:160,&quot;335559740&quot;:257}\"><\/span>[\/vc_column_text][\/vc_tta_section][vc_tta_section title=&#8221;\u00bfCu\u00e1les son ejemplos de aditivos de color que requieren certificaci\u00f3n de lotes?&#8221; tab_id=&#8221;faq5&#8243; el_class=&#8221;prior-faq-sec&#8221;][vc_column_text]<span data-contrast=\"none\">Muchos aditivos de color utilizados en todo el mundo est\u00e1n sujetos a la certificaci\u00f3n de lotes de la FDA. Es muy com\u00fan que las empresas que env\u00edan productos con estos colores a los EE. UU. experimenten env\u00edos detenidos y rechazos de entrada cuando no pueden probar que los productos se fabricaron con colores certificados.<\/span><span data-ccp-props=\"{&quot;201341983&quot;:0,&quot;335559685&quot;:0,&quot;335559739&quot;:160,&quot;335559740&quot;:257}\"><\/span><\/p>\n<p><span data-contrast=\"none\">Por ejemplo, Rojo Allura, Tartrazina y Amarillo Sunset deben estar certificados como FD&amp;C Red 40, FD&amp;C Yellow No. 5 y FD&amp;C Yellow No. 6.<\/span><span data-ccp-props=\"{&quot;201341983&quot;:0,&quot;335559685&quot;:0,&quot;335559739&quot;:160,&quot;335559740&quot;:257}\"><\/span>[\/vc_column_text][\/vc_tta_section][vc_tta_section title=&#8221;\u00bfQu\u00e9 tama\u00f1o de muestra debo separar?&#8221; tab_id=&#8221;faq6&#8243; el_class=&#8221;prior-faq-sec&#8221;][vc_column_text]<span data-contrast=\"none\">Una muestra de color liso o laca debe ser de 4 onzas. Una muestra de reempaque o mezcla debe ser de 2 onzas. La FDA prefiere que las empresas utilicen contenedores espec\u00edficos que la agencia env\u00eda a la empresa cuando se establece la cuenta de aditivos de color. No usar los recipientes de la FDA puede retrasar el proceso o provocar el rechazo de la muestra.<\/span><span data-ccp-props=\"{&quot;201341983&quot;:0,&quot;335559685&quot;:0,&quot;335559739&quot;:160,&quot;335559740&quot;:257}\"><\/span>[\/vc_column_text][\/vc_tta_section][vc_tta_section title=&#8221;\u00bfQu\u00e9 debo hacer mientras la FDA analiza mi muestra?&#8221; tab_id=&#8221;faq7&#8243; el_class=&#8221;prior-faq-sec&#8221;][vc_column_text]<span data-contrast=\"none\">Las regulaciones de la FDA exigen que su lote se mantenga bajo estricto control hasta que se obtenga la certificaci\u00f3n. Debe almacenarse en contenedores que eviten un cambio en la composici\u00f3n y mantenerse bajo el control de la persona que solicita la certificaci\u00f3n.<\/span><span data-ccp-props=\"{&quot;201341983&quot;:0,&quot;335559685&quot;:0,&quot;335559739&quot;:160,&quot;335559740&quot;:257}\"><\/span><\/p>\n<p><span data-contrast=\"none\">Las muestras deben marcarse para que quede claro que no deben usarse hasta que se complete la certificaci\u00f3n. La FDA se ha negado a certificar aditivos de color en casos en los que la agencia tiene motivos para creer que no est\u00e1n bajo el control del solicitante.<\/span><span data-ccp-props=\"{&quot;201341983&quot;:0,&quot;335559685&quot;:0,&quot;335559739&quot;:160,&quot;335559740&quot;:257}\"><\/span><\/p>\n<p><span data-contrast=\"none\">Despu\u00e9s de completar la certificaci\u00f3n, el lote debe conservarse para mantener su composici\u00f3n adecuada hasta que se utilice en un alimento, medicamento o cosm\u00e9tico.<\/span><span data-ccp-props=\"{&quot;201341983&quot;:0,&quot;335559685&quot;:0,&quot;335559739&quot;:160,&quot;335559740&quot;:257}\"><\/span>[\/vc_column_text][\/vc_tta_section][vc_tta_section title=&#8221;\u00bfQu\u00e9 es un \u201cn\u00famero de lote \u00fanico\u201d?&#8221; tab_id=&#8221;faq8&#8243; el_class=&#8221;prior-faq-sec&#8221;][vc_column_text]<span data-contrast=\"none\">Si un lote pasa y est\u00e1 certificado, la FDA asignar\u00e1 al lote un n\u00famero de lote \u00fanico. Este n\u00famero debe agregarse al etiquetado y consultarse si la FDA solicita una prueba de certificaci\u00f3n.<\/span><span data-ccp-props=\"{&quot;201341983&quot;:0,&quot;335559685&quot;:0,&quot;335559739&quot;:160,&quot;335559740&quot;:257}\"><\/span><\/p>\n<p><span data-contrast=\"none\">Cualquier compa\u00f1\u00eda que compre un aditivo de color certificable para su uso en un producto terminado destinado al mercado de los EE. UU. debe asegurarse de que se les proporcione el n\u00famero de lote \u00fanico en caso de que la FDA lo solicite al momento de la inspecci\u00f3n en el puerto.<\/span><span data-ccp-props=\"{&quot;201341983&quot;:0,&quot;335559685&quot;:0,&quot;335559739&quot;:160,&quot;335559740&quot;:257}\"><\/span>[\/vc_column_text][\/vc_tta_section][\/vc_tta_accordion][\/vc_column][\/vc_row]\n<\/div>","protected":false},"excerpt":{"rendered":"<p>[vc_row full_width=&#8221;stretch_row&#8221; css=&#8221;.vc_custom_1726759153635{padding-top: 70px !important;background-color: #ffffff !important;}&#8221; el_class=&#8221;vertical-text-align hero-section&#8221;][vc_column width=&#8221;1\/2&#8243; css=&#8221;.vc_custom_1688990185635{padding-top: 50px !important;}&#8221; el_class=&#8221;color-additive-header&#8221;][vc_custom_heading text=&#8221;Siga cumpliendo con los servicios de aditivos de color de la FDA de Registrar Corp.&#8221; font_container=&#8221;tag:h1|font_size:46px|text_align:left|color:%23003873|line_height:56px&#8221; google_fonts=&#8221;font_family:Montserrat%3Aregular%2C700|font_style:700%20bold%20regular%3A700%3Anormal&#8221;][vc_column_text fnt_family=&#8221;Montserrat&#8221; fnt_size=&#8221;18px&#8221; fnt_family_h4=&#8221;Montserrat&#8221; fnt_size_h4=&#8221;24px&#8221;]Evite desperdiciar innumerables horas investigando los amplios requisitos de aditivos de color de la FDA y obtenga orientaci\u00f3n experta sobre qu\u00e9<\/p>\n","protected":false},"author":33,"featured_media":0,"parent":13697,"menu_order":0,"comment_status":"closed","ping_status":"closed","template":"page-templates\/page-sidebar-none.php","meta":{"_acf_changed":false,"content-type":"","footnotes":""},"class_list":["post-12042","page","type-page","status-publish","hentry"],"acf":[],"_links":{"self":[{"href":"https:\/\/dev.registrarcorp.com\/es\/wp-json\/wp\/v2\/pages\/12042","targetHints":{"allow":["GET"]}}],"collection":[{"href":"https:\/\/dev.registrarcorp.com\/es\/wp-json\/wp\/v2\/pages"}],"about":[{"href":"https:\/\/dev.registrarcorp.com\/es\/wp-json\/wp\/v2\/types\/page"}],"author":[{"embeddable":true,"href":"https:\/\/dev.registrarcorp.com\/es\/wp-json\/wp\/v2\/users\/33"}],"replies":[{"embeddable":true,"href":"https:\/\/dev.registrarcorp.com\/es\/wp-json\/wp\/v2\/comments?post=12042"}],"version-history":[{"count":0,"href":"https:\/\/dev.registrarcorp.com\/es\/wp-json\/wp\/v2\/pages\/12042\/revisions"}],"up":[{"embeddable":true,"href":"https:\/\/dev.registrarcorp.com\/es\/wp-json\/wp\/v2\/pages\/13697"}],"wp:attachment":[{"href":"https:\/\/dev.registrarcorp.com\/es\/wp-json\/wp\/v2\/media?parent=12042"}],"curies":[{"name":"wp","href":"https:\/\/api.w.org\/{rel}","templated":true}]}}