{"id":12213,"date":"2023-07-06T07:20:12","date_gmt":"2023-07-06T07:20:12","guid":{"rendered":"https:\/\/staging.registrarcorp.com\/california\/"},"modified":"2025-06-05T20:23:07","modified_gmt":"2025-06-05T20:23:07","slug":"california","status":"publish","type":"page","link":"https:\/\/dev.registrarcorp.com\/es\/services\/label-ingredients-review\/california\/","title":{"rendered":"California"},"content":{"rendered":"<div class=\"wpb-content-wrapper\">[vc_section full_width=&#8221;stretch_row&#8221; el_class=&#8221;banner-section&#8221; css=&#8221;.vc_custom_1688716788560{padding-top: 60px !important;padding-bottom: 40px !important;background-color: #ffffff !important;}&#8221;][vc_row full_width=&#8221;stretch_row&#8221; css=&#8221;.vc_custom_1726759168120{background-color: #ffffff !important;}&#8221; el_class=&#8221;topContainer row-wdith hero-section&#8221; el_id=&#8221;headerRow&#8221;][vc_column width=&#8221;1\/2&#8243; css=&#8221;.vc_custom_1688728430635{margin-top: 40px !important;}&#8221;][vc_column_text css=&#8221;&#8221; fnt_family=&#8221;Montserrat&#8221; fnt_size=&#8221;46px&#8221; fnt_family_h1=&#8221;Montserrat&#8221; fnt_size_h1=&#8221;46&#8243;]\n<h1 style=\"font-weight: bold;\"><strong><span style=\"color: #003873;\">Cumplimiento con<\/span><\/strong><strong><span style=\"color: #0081ff;\"> Ley de Cosm\u00e9ticos Seguros de California (SB 484)<\/span><\/strong><\/h1>\n[\/vc_column_text][vc_column_text fnt_family=&#8221;Montserrat&#8221; fnt_size=&#8221;18px&#8221;]Con m\u00e1s de 900 ingredientes considerados por la Ley de<a href=\"https:\/\/www.cdph.ca.gov\/Programs\/CCDPHP\/DEODC\/OHB\/CSCP\/Pages\/CSCP.aspx\" target=\"_blank\" rel=\"noopener\"> Cosm\u00e9ticos Seguros de <\/a>California de 2005\u00a0 conocidos\u00a0 o sospechosos de causar da\u00f1o a los consumidores, el vender productos cosm\u00e9ticos en el estado m\u00e1s poblado y consciente en temas de la salud es m\u00e1s dif\u00edcil que nunca.<\/p>\n<p>No permita que su empresa sufra de requisitos de reportes complicados que requieran que usted busque en la lista exhaustiva de ingredientes SB 484 para mantener el cumplimiento.<\/p>\n<p>Concentre su tiempo y recursos en el desarrollo de m\u00e1s productos para los consumidores estadounidenses y aproveche los servicios expertos de revisi\u00f3n de ingredientes e informes de Registrar Corp para navegar este proceso con facilidad.<\/p>\n<p>Nuestro equipo de especialistas en regulaci\u00f3n determinar\u00e1 cu\u00e1les de los ingredientes de sus productos est\u00e1n en la lista de California y los informar\u00e1 en su nombre.[\/vc_column_text][vc_btn title=&#8221;Revisar mis ingredientes&#8221; color=&#8221;sky&#8221; i_align=&#8221;right&#8221; i_icon_fontawesome=&#8221;fas fa-arrow-right&#8221; add_icon=&#8221;true&#8221; el_class=&#8221;primary-btn&#8221; link=&#8221;url:%23formSection|&#8221;][\/vc_column][vc_column width=&#8221;1\/2&#8243; el_class=&#8221;container-right&#8221;][vc_single_image image=&#8221;6973&#8243; img_size=&#8221;588&#215;605&#8243; alignment=&#8221;right&#8221;][\/vc_column][\/vc_row][\/vc_section][vc_section][vc_row full_width=&#8221;stretch_row&#8221; css=&#8221;.vc_custom_1688716915841{padding-top: 30px !important;padding-bottom: 30px !important;background-color: #eeefef !important;}&#8221;][vc_column width=&#8221;1\/2&#8243;][vc_single_image image=&#8221;6981&#8243; img_size=&#8221;480&#215;441&#8243;][\/vc_column][vc_column width=&#8221;1\/2&#8243;][vc_custom_heading text=&#8221;\u00bfQu\u00e9 es la Ley de Cosm\u00e9ticos Seguros de California?&#8221; font_container=&#8221;tag:h2|font_size:40px|text_align:left|color:%23003873|line_height:50px&#8221; google_fonts=&#8221;font_family:Montserrat%3Aregular%2C700|font_style:700%20bold%20regular%3A700%3Anormal&#8221;][vc_column_text fnt_family=&#8221;Montserrat&#8221; fnt_size=&#8221;18px&#8221;]Muchos cosm\u00e9ticos contienen sustancias qu\u00edmicas que se sabe o se sospecha que aumentan el da\u00f1o reproductivo, los defectos de nacimiento y provocan diversas formas de c\u00e1ncer y otros eventos adversos para la salud. La Ley de Cosm\u00e9ticos Seguros de California (Ley del Senado 484) se estableci\u00f3 para recopilar informaci\u00f3n sobre esos productos. Esta Ley exige que la informaci\u00f3n se comparta con el p\u00fablico y ayuda a proteger a las personas con un mayor riesgo de exposici\u00f3n por parte de la profesi\u00f3n.<\/p>\n<p>La ley logra esto promulgando los siguientes mandatos para los fabricantes de cosm\u00e9ticos que venden sus productos en el estado de California:<\/p>\n<ul>\n<li>Deben divulgar al estado cualquier ingrediente que se encuentre identificado en las listas de sustancias qu\u00edmicas estatales o federales con reporte que causen c\u00e1ncer o defectos cong\u00e9nitos.<\/li>\n<li>El etiquetado debe incluir todos los ingredientes que se encuentran en las listas anteriores<\/li>\n<li>Los informes de estos ingredientes cosm\u00e9ticos peligrosos deben enviarse al Departamento de Servicios de Salud (Department of Health Services, DHS) de California.<\/li>\n<\/ul>\n[\/vc_column_text][\/vc_column][\/vc_row][\/vc_section][vc_section][vc_row full_width=&#8221;stretch_row&#8221; css=&#8221;.vc_custom_1688716931274{padding-top: 30px !important;padding-bottom: 30px !important;background-color: #ffffff !important;}&#8221;][vc_column width=&#8221;1\/2&#8243;][vc_custom_heading text=&#8221;\u00bfCu\u00e1les son los ingredientes incluidos en el SB 484 de California?&#8221; font_container=&#8221;tag:h2|font_size:40px|text_align:left|color:%23003873|line_height:50px&#8221; google_fonts=&#8221;font_family:Montserrat%3Aregular%2C700|font_style:700%20bold%20regular%3A700%3Anormal&#8221;][vc_column_text fnt_family=&#8221;Montserrat&#8221; fnt_size=&#8221;18px&#8221;]<span style=\"color: #003873;\">La Ley de Cosm\u00e9ticos Seguros de California ha detallado una lista exhaustiva de m\u00e1s de 900 ingredientes da\u00f1inos. Esta es una lista de los ingredientes m\u00e1s comunes que deben informarse:<\/span><\/p>\n<ul>\n<li><span style=\"color: #003873;\">Anisol de hidroxibutilado (BHA)<\/span><\/li>\n<li><span style=\"color: #003873;\">Negro 2 o negro carb\u00f3n<\/span><\/li>\n<li><span style=\"color: #003873;\">Cocamida DEA<\/span><\/li>\n<li><span style=\"color: #003873;\">Di\u00f3xido de titanio (cuando es transportado por el aire)<\/span><\/li>\n<li><span style=\"color: #003873;\">Retinol y \u00e9steres de retinilo (como acetato y palmitato)<\/span><\/li>\n<li><span style=\"color: #003873;\">Talco (transportado por el aire, como en polvos corporales)<\/span><\/li>\n<\/ul>\n[\/vc_column_text][\/vc_column][vc_column width=&#8221;1\/2&#8243;][vc_single_image image=&#8221;6997&#8243; img_size=&#8221;512&#215;402&#8243; alignment=&#8221;right&#8221;][\/vc_column][\/vc_row][\/vc_section][vc_section][vc_row content_placement=&#8221;middle&#8221; css=&#8221;.vc_custom_1688729760545{padding-top: 40px !important;padding-bottom: 20px !important;background-color: #eeefef !important;}&#8221; el_class=&#8221;max-width-800&#8243;][vc_column][vc_single_image image=&#8221;7005&#8243; img_size=&#8221;66&#215;66&#8243; alignment=&#8221;center&#8221;][vc_column_text fnt_family=&#8221;Montserrat&#8221; fnt_family_h2=&#8221;Montserrat&#8221; fnt_size_h2=&#8221;32px&#8221;]\n<h2 style=\"text-align: center;\"><span style=\"color: #003873;\"><strong>La lista completa de ingredientesnotificables SB 484<\/strong><\/span><\/h2>\n[\/vc_column_text][vc_column_text]\n<p style=\"text-align: center;\">La lista m\u00e1s actualizada es del Programa de Cosm\u00e9ticos Seguros de California. Puede encontrar una lista completa de los ingredientes<a href=\"https:\/\/cscpsubmit.cdph.ca.gov\/submission\/assets\/files\/Reportable_Ingredients_List.xlsx\" target=\"_blank\" rel=\"noopener\"> cosm\u00e9ticos que deben <\/a>informarse en CSCA &amp; CFFRIKA en la actualizaci\u00f3n de junio de 2023.<\/p>\n[\/vc_column_text][\/vc_column][\/vc_row][\/vc_section][vc_section][vc_row full_width=&#8221;stretch_row&#8221; css=&#8221;.vc_custom_1689375475989{padding-top: 40px !important;padding-bottom: 40px !important;background-color: #cde8fa !important;}&#8221; el_id=&#8221;formSection&#8221;][vc_column width=&#8221;1\/2&#8243;][vc_custom_heading text=&#8221;La ventaja de Registrar Corp&#8221; font_container=&#8221;tag:h2|font_size:56px|text_align:left|color:%23003873|line_height:66px&#8221; google_fonts=&#8221;font_family:Montserrat%3Aregular%2C700|font_style:700%20bold%20regular%3A700%3Anormal&#8221;][vc_column_text fnt_family=&#8221;Montserrat&#8221;]es que como l\u00edder global en regulaciones de cosm\u00e9ticos de EE. UU. a trav\u00e9s de los servicios de revisi\u00f3n e informes de ingredientes de expertos de Registrar Corp lo liberan de tediosas tareas de cumplimiento. Lo ayudamos a enfocarse en las iniciativas que m\u00e1s le importan a su negocio: crear productos de calidad que les encantar\u00e1n a los consumidores.<\/p>\n<p>Simplemente complete el formulario y tenga la tranquilidad de saber que sus etiquetas e informes cumplen con los est\u00e1ndares actuales de la Ley de Cosm\u00e9ticos Seguros de California.[\/vc_column_text][\/vc_column][vc_column width=&#8221;1\/2&#8243;][vc_raw_html]W2dyYXZpdHlmb3JtIGlkPSI2MCIgdGl0bGU9ImZhbHNvIiBkZXNjcmlwdGlvbj0iZmFsc2UiXQ==[\/vc_raw_html][\/vc_column][\/vc_row][\/vc_section]\n<\/div>","protected":false},"excerpt":{"rendered":"<p>[vc_section full_width=&#8221;stretch_row&#8221; el_class=&#8221;banner-section&#8221; css=&#8221;.vc_custom_1688716788560{padding-top: 60px !important;padding-bottom: 40px !important;background-color: #ffffff !important;}&#8221;][vc_row full_width=&#8221;stretch_row&#8221; css=&#8221;.vc_custom_1726759168120{background-color: #ffffff !important;}&#8221; el_class=&#8221;topContainer row-wdith hero-section&#8221; el_id=&#8221;headerRow&#8221;][vc_column width=&#8221;1\/2&#8243; css=&#8221;.vc_custom_1688728430635{margin-top: 40px !important;}&#8221;][vc_column_text css=&#8221;&#8221; fnt_family=&#8221;Montserrat&#8221; fnt_size=&#8221;46px&#8221; fnt_family_h1=&#8221;Montserrat&#8221; fnt_size_h1=&#8221;46&#8243;] Cumplimiento con Ley de Cosm\u00e9ticos Seguros de California (SB 484) [\/vc_column_text][vc_column_text fnt_family=&#8221;Montserrat&#8221; fnt_size=&#8221;18px&#8221;]Con m\u00e1s de 900 ingredientes considerados por la Ley de Cosm\u00e9ticos Seguros de California de 2005\u00a0<\/p>\n","protected":false},"author":33,"featured_media":0,"parent":13697,"menu_order":0,"comment_status":"closed","ping_status":"closed","template":"page-templates\/page-sidebar-none.php","meta":{"_acf_changed":false,"content-type":"","footnotes":""},"class_list":["post-12213","page","type-page","status-publish","hentry"],"acf":[],"_links":{"self":[{"href":"https:\/\/dev.registrarcorp.com\/es\/wp-json\/wp\/v2\/pages\/12213","targetHints":{"allow":["GET"]}}],"collection":[{"href":"https:\/\/dev.registrarcorp.com\/es\/wp-json\/wp\/v2\/pages"}],"about":[{"href":"https:\/\/dev.registrarcorp.com\/es\/wp-json\/wp\/v2\/types\/page"}],"author":[{"embeddable":true,"href":"https:\/\/dev.registrarcorp.com\/es\/wp-json\/wp\/v2\/users\/33"}],"replies":[{"embeddable":true,"href":"https:\/\/dev.registrarcorp.com\/es\/wp-json\/wp\/v2\/comments?post=12213"}],"version-history":[{"count":0,"href":"https:\/\/dev.registrarcorp.com\/es\/wp-json\/wp\/v2\/pages\/12213\/revisions"}],"up":[{"embeddable":true,"href":"https:\/\/dev.registrarcorp.com\/es\/wp-json\/wp\/v2\/pages\/13697"}],"wp:attachment":[{"href":"https:\/\/dev.registrarcorp.com\/es\/wp-json\/wp\/v2\/media?parent=12213"}],"curies":[{"name":"wp","href":"https:\/\/api.w.org\/{rel}","templated":true}]}}