{"id":13610,"date":"2023-05-30T11:18:05","date_gmt":"2023-05-30T11:18:05","guid":{"rendered":"https:\/\/staging.registrarcorp.com\/fce-registration\/"},"modified":"2025-07-30T09:26:57","modified_gmt":"2025-07-30T09:26:57","slug":"fce-registration","status":"publish","type":"page","link":"https:\/\/dev.registrarcorp.com\/es\/services\/fce-registration\/","title":{"rendered":"Registro de FCE"},"content":{"rendered":"<div class=\"wpb-content-wrapper\">[vc_section full_width=&#8221;stretch_row&#8221; el_class=&#8221;banner-section&#8221; el_id=&#8221;headerSection&#8221; css=&#8221;.vc_custom_1685599961458{padding-top: 30px !important;padding-bottom: 50px !important;background-color: #ffffff !important;}&#8221;][vc_row full_width=&#8221;stretch_row&#8221; css=&#8221;.vc_custom_1726759139067{padding-top: 40px !important;background-color: #ffffff !important;}&#8221; el_class=&#8221;topContainer row-wdith hero-section&#8221; el_id=&#8221;headerRow&#8221;][vc_column width=&#8221;2\/3&#8243;][vc_column_text fnt_family=&#8221;Montserrat&#8221; fnt_size=&#8221;46px&#8221;]\n<h1 style=\"font-weight: bold;\">El <span style=\"color: #003873;\"><strong>registro en FCE <\/strong><\/span><strong><span style=\"color: #0081ff;\">nunca ha sido tan f\u00e1cil.<\/span><\/strong><\/h1>\n[\/vc_column_text][vc_column_text fnt_family=&#8221;Montserrat&#8221; fnt_size=&#8221;24&#8243;]Ciertos alimentos que son estables en anaquel, sellados herm\u00e9ticamente con pH y niveles de actividad de agua espec\u00edficos; deben cumplir con las regulaciones de la FDA para el establecimiento de enlatado de alimentos (Food Canning Establishment, FCE). Nuestro equipo de especialistas en ciencias de la alimentaci\u00f3n puede ayudarle a determinar qu\u00e9 normativas debe cumplir, ayudar con el registro en la FCE y proporcionar orientaci\u00f3n experta en el camino.[\/vc_column_text][vc_btn title=&#8221;Comience hoy mismo&#8221; color=&#8221;sky&#8221; i_align=&#8221;right&#8221; i_icon_fontawesome=&#8221;fas fa-arrow-right&#8221; add_icon=&#8221;true&#8221; el_class=&#8221;primary-btn&#8221; link=&#8221;url:%23fSecci%C3%B3n%20orm|&#8221;][\/vc_column][vc_column width=&#8221;1\/3&#8243; el_class=&#8221;container-right&#8221;][vc_single_image image=&#8221;3258&#8243; img_size=&#8221;full&#8221; alignment=&#8221;center&#8221;][\/vc_column][\/vc_row][\/vc_section][vc_section css=&#8221;.vc_custom_1687355023852{padding-top: 0px !important;}&#8221; el_id=&#8221;getStarted&#8221;][vc_row full_width=&#8221;stretch_row&#8221; css=&#8221;.vc_custom_1685533876549{padding-top: 40px !important;padding-bottom: 20px !important;background-color: #ffffff !important;}&#8221;][vc_column width=&#8221;1\/2&#8243;][vc_single_image image=&#8221;3274&#8243; img_size=&#8221;600&#215;360&#8243;][\/vc_column][vc_column width=&#8221;1\/2&#8243;][vc_column_text fnt_family=&#8221;Montserrat&#8221; fnt_size=&#8221;32&#8243; grad_text_color1=&#8221;#003873&#8243;]\n<h2 style=\"font-weight: bold;\"><span style=\"color: #003873;\">Identificaci\u00f3n de productos acidificados y\u00a0 de bajo \u00e1cido<\/span><\/h2>\n[\/vc_column_text][vc_column_text fnt_family=&#8221;Montserrat&#8221; fnt_size=&#8221;18&#8243; grad_text_color1=&#8221;#003873&#8243;]Las empresas que producen productos de alimentos enlatados acidificados o con bajo contenido de \u00e1cido (AF\/LACF) deben completar su registro FCE y tramitar las presentaciones de SID en cada proceso de producci\u00f3n a la FDA. <a href=\"\/resources\/examples\/fce-sid\/\">Los ejemplos comunes de AF\/LACF<\/a> incluyen at\u00fan enlatado, pimientos rojos asados enlatados y agua de coco.<\/p>\n<p>El equipo de especialistas de Registrar Corp puede trabajar con usted para determinar si sus productos califican como AF\/LACF y cumplir con los requisitos de FCE-SID.[\/vc_column_text][vc_btn title=&#8221;Obtener ayuda para la designaci\u00f3n de productos&#8221; color=&#8221;sky&#8221; i_align=&#8221;right&#8221; i_icon_fontawesome=&#8221;fas fa-arrow-right&#8221; add_icon=&#8221;true&#8221; el_class=&#8221;primary-btn&#8221; link=&#8221;url:%23fSecci%C3%B3n%20orm|&#8221;][\/vc_column][\/vc_row][\/vc_section][vc_section][vc_row full_width=&#8221;stretch_row&#8221; css=&#8221;.vc_custom_1685533969856{padding-top: 40px !important;padding-bottom: 20px !important;background-color: #ffffff !important;}&#8221;][vc_column width=&#8221;1\/2&#8243;][vc_column_text fnt_family=&#8221;Montserrat&#8221; fnt_size=&#8221;32&#8243; grad_text_color1=&#8221;#003873&#8243;]\n<h2 style=\"font-weight: bold;\">Preparaci\u00f3n de FCE con el asistente de FCE de Registrar Corp<\/h2>\n[\/vc_column_text][vc_column_text fnt_family=&#8221;Montserrat&#8221; fnt_size=&#8221;18&#8243; grad_text_color1=&#8221;#003873&#8243;]Conozca qu\u00e9 regulaciones de LACF debe cumplir. Nuestra plataforma FCE Wizard le permite generar un informe gratuito con requisitos potenciales para productos individuales en funci\u00f3n de su nivel de pH, actividad del agua, ingredientes y m\u00e1s.[\/vc_column_text][vc_btn title=&#8221;Verifique su producto&#8221; color=&#8221;sky&#8221; i_align=&#8221;right&#8221; i_icon_fontawesome=&#8221;fas fa-arrow-right&#8221; add_icon=&#8221;true&#8221; el_class=&#8221;primary-btn&#8221; link=&#8221;url:https%3A%2F%2Fwww.fcewizard.com%2F|&#8221;][\/vc_column][vc_column width=&#8221;1\/2&#8243;][vc_single_image image=&#8221;3283&#8243; img_size=&#8221;600&#215;345&#8243; alignment=&#8221;right&#8221;][\/vc_column][\/vc_row][\/vc_section][vc_section][vc_row full_width=&#8221;stretch_row&#8221; css=&#8221;.vc_custom_1685534048415{padding-top: 40px !important;padding-bottom: 20px !important;background-color: #ffffff !important;}&#8221;][vc_column width=&#8221;1\/2&#8243;][vc_single_image image=&#8221;3292&#8243; img_size=&#8221;550&#215;370&#8243;][\/vc_column][vc_column width=&#8221;1\/2&#8243;][vc_column_text fnt_family=&#8221;Montserrat&#8221; fnt_size=&#8221;32&#8243; grad_text_color1=&#8221;#003873&#8243;]\n<h2 style=\"font-weight: bold;\">Verificador de identificador de presentaci\u00f3n (SID)<\/h2>\n[\/vc_column_text][vc_column_text fnt_family=&#8221;Montserrat&#8221; fnt_size=&#8221;18&#8243; grad_text_color1=&#8221;#003873&#8243;]A cada presentaci\u00f3n de proceso \u00fanico para AF\/LACF se le asigna un n\u00famero de Identificador de presentaci\u00f3n (SID) \u00fanico. Verificar los n\u00fameros de Identificador de presentaci\u00f3n (SID) de sus productos FCE antes del env\u00edo ayuda a evitar detenciones que consumen mucho tiempo, errores de entrada y evaluaciones de archivadores bajas. La herramienta Verificador de SID de Registrar Corp facilita la confirmaci\u00f3n de si sus SID est\u00e1n archivados en la base de datos de la FDA.[\/vc_column_text][vc_btn title=&#8221;\u00bfSu SID es v\u00e1lido?&#8221; color=&#8221;sky&#8221; i_align=&#8221;right&#8221; i_icon_fontawesome=&#8221;fas fa-arrow-right&#8221; add_icon=&#8221;true&#8221; el_class=&#8221;primary-btn&#8221; link=&#8221;url:https%3A%2F%2Fdev.registrarcorp.com%2Fes%2Fservices%2Ffce-registration%2Fsid-verifier%2F|&#8221;][\/vc_column][\/vc_row][vc_row disable_element=&#8221;yes&#8221;][vc_column width=&#8221;1\/2&#8243;][vc_custom_heading text=&#8221;Registrar Corp ayuda r\u00e1pida y eficientemente con FCE.&#8221; font_container=&#8221;tag:h2|font_size:56px|text_align:left|color:%23003873|line_height:66px&#8221; google_fonts=&#8221;font_family:Montserrat%3Aregular%2C700|font_style:700%20bold%20regular%3A700%3Anormal&#8221;][vc_column_text fnt_family=&#8221;Montserrat&#8221; fnt_size=&#8221;24px&#8221;]D\u00e9 el primer paso y complete el formulario para comenzar.[\/vc_column_text][\/vc_column][vc_column width=&#8221;1\/2&#8243;][vc_raw_js]JTNDc2NyaXB0JTIwY2hhcnNldCUzRCUyMnV0Zi04JTIyJTIwdHlwZSUzRCUyMnRleHQlMkZqYXZhc2NyaXB0JTIyJTIwc3JjJTNEJTIyJTJGJTJGanMuaHNmb3Jtcy5uZXQlMkZmb3JtcyUyRmVtYmVkJTJGdjIuanMlMjIlM0UlM0MlMkZzY3JpcHQlM0UlMjAlMEElMEElM0NzY3JpcHQlM0UlMjAlMEElMEElMjAlMjBoYnNwdC5mb3Jtcy5jcmVhdGUlMjglN0IlMjAlMEElMEElMjAlMjAlMjAlMjByZWdpb24lM0ElMjAlMjJuYTElMjIlMkMlMjAlMEElMEElMjAlMjAlMjAlMjBwb3J0YWxJZCUzQSUyMCUyMjIzMzE3OTM3JTIyJTJDJTIwJTBBJTBBJTIwJTIwJTIwJTIwZm9ybUlkJTNBJTIwJTIyNDQyZTJiNDctMTgwMy00M2ZlLWE0ZjUtZDA1YTY3YjE3NmFhJTIyJTIwJTBBJTBBJTIwJTIwJTdEJTI5JTNCJTIwJTBBJTBBJTNDJTJGc2NyaXB0JTNFJTIw[\/vc_raw_js][\/vc_column][\/vc_row][\/vc_section][vc_section full_width=&#8221;stretch_row&#8221; css=&#8221;.vc_custom_1707313467974{padding-top: 40px !important;padding-bottom: 20px !important;background-color: #a5dbff !important;}&#8221;][vc_row][vc_column width=&#8221;1\/4&#8243;][vc_single_image image=&#8221;28755&#8243; img_size=&#8221;80&#215;106&#8243; alignment=&#8221;right&#8221;][\/vc_column][vc_column width=&#8221;3\/4&#8243;][vc_column_text]\n<h2 style=\"text-align: left;\"><strong><span style=\"color: #003873;\">\u00bfNecesita formaci\u00f3n en BPCS?<\/span><\/strong><\/h2>\n[\/vc_column_text][vc_column_text]\n<p style=\"color: #ffffff;\"><span style=\"color: #003873;\">La FDA exige que los fabricantes de alimentos enlatados bajos en \u00e1cido\/acidos tengan al menos una persona que haya completado con \u00e9xito la capacitaci\u00f3n <span class=\"no-translate\">Better Process Control School<\/span> (BPCS) para supervisar cada turno que fabrica productos que se encuentran bajo la jurisdicci\u00f3n de LACF. Nuestra formaci\u00f3n 100 % en l\u00ednea y a su propio ritmo sobre BPCS le ayuda a mantener el cumplimiento de la FDA FCE.<\/span><\/p>\n[\/vc_column_text][vc_btn title=&#8221;Inscribirse en la formaci\u00f3n de BPCS&#8221; style=&#8221;flat&#8221; color=&#8221;sky&#8221; i_align=&#8221;right&#8221; i_icon_fontawesome=&#8221;fas fa-arrow-right&#8221; css=&#8221;&#8221; add_icon=&#8221;true&#8221; link=&#8221;url:https%3A%2F%2Fdev.registrarcorp.com%2Fes%2Fcompliance-training%2Ffood-beverage%2F%3Fct_topic%3Dbetter-process-control-school|&#8221; el_class=&#8221;primary-btn&#8221;][\/vc_column][\/vc_row][\/vc_section][vc_section el_id=&#8221;formSection&#8221; css=&#8221;.vc_custom_1707241351487{padding-top: 60px !important;background-color: #eeefef !important;}&#8221;][vc_row][vc_column width=&#8221;1\/2&#8243;][vc_custom_heading text=&#8221;Registrar Corp ayuda r\u00e1pida y eficientemente con FCE.&#8221; font_container=&#8221;tag:h2|font_size:56px|text_align:left|color:%23003873|line_height:66px&#8221; google_fonts=&#8221;font_family:Montserrat%3Aregular%2C700|font_style:700%20bold%20regular%3A700%3Anormal&#8221;][vc_column_text fnt_family=&#8221;Montserrat&#8221; fnt_size=&#8221;24px&#8221;]D\u00e9 el primer paso y complete el formulario para comenzar.[\/vc_column_text][\/vc_column][vc_column width=&#8221;1\/2&#8243;][vc_raw_html]W2dyYXZpdHlmb3JtIGlkPSI2OSIgdGl0bGU9ImZhbHNvIiBkZXNjcmlwdGlvbj0iZmFsc2UiIGFqYXg9InRydWUiIGZpZWxkX3ZhbHVlcz0iaW5xdWlyeV90eXBlPUZDRS1TSUQmZm9ybV90eXBlPXNob3J0Il0=[\/vc_raw_html][\/vc_column][\/vc_row][\/vc_section][vc_section full_width=&#8221;stretch_row&#8221; css=&#8221;.vc_custom_1685426929622{padding-bottom: 50px !important;background-color: #eceff1 !important;}&#8221; el_class=&#8221;faq-accordion-section&#8221;][vc_row content_placement=&#8221;bottom&#8221; css=&#8221;.vc_custom_1700032542303{padding-top: 50px !important;}&#8221;][vc_column][vc_custom_heading text=&#8221;Preguntas frecuentes&#8221; font_container=&#8221;tag:h2|font_size:40|text_align:left|color:%23003873&#8243; google_fonts=&#8221;font_family:Montserrat%3Aregular%2C700|font_style:700%20bold%20regular%3A700%3Anormal&#8221;][\/vc_column][\/vc_row][vc_row css=&#8221;.vc_custom_1684137364661{padding-bottom: 50px !important;}&#8221;][vc_column][vc_separator color=&#8221;black&#8221;][vc_tta_accordion section_title_tag=&#8221;h2&#8243; c_icon=&#8221;chevron&#8221; active_section=&#8221;1&#8243; no_fill=&#8221;true&#8221; collapsible_all=&#8221;true&#8221; css=&#8221;.vc_custom_1738151809588{background-color: #eceff1 !important;}&#8221; el_class=&#8221;accordion&#8221;][vc_tta_section title=&#8221;\u00bfNecesita registrarse en la FDA y tener un registro de FCE?&#8221; tab_id=&#8221;who-must-register4dc4-563f&#8221; el_class=&#8221;accordion-class&#8221;][vc_column_text fnt_family=&#8221;Montserrat&#8221; fnt_size=&#8221;24&#8243; grad_text_color1=&#8221;#003873&#8243;]Todas las instalaciones que fabriquen, procesen, empaqueten o conserven alimentos para consumo humano o animal en los Estados Unidos deben registrarse ante la Administraci\u00f3n de Alimentos y Medicamentos (Food and Drug Administration, FDA) de los EE. UU. Las instalaciones de alimentos que fabrican, procesan o empaquetan alimentos enlatados acidificados o bajos en \u00e1cido se consideran establecimientos de enlatado de alimentos (Food Canning Establishments, FCE) y necesitan un registro adicional.[\/vc_column_text][\/vc_tta_section][vc_tta_section title=&#8221;\u00bfNecesitan los FCE un plan de seguridad alimentaria?&#8221; tab_id=&#8221;what-information-is-required4dc4-563f&#8221; el_class=&#8221;accordion-class&#8221;][vc_column_text fnt_family=&#8221;Montserrat&#8221; fnt_size=&#8221;24&#8243; grad_text_color1=&#8221;#003873&#8243;]Los alimentos sujetos a los requisitos de la FCE tambi\u00e9n est\u00e1n sujetos a la Regla de controles preventivos y requieren un plan de seguridad alimentaria a menos que se aplique una exenci\u00f3n a ese alimento en particular. Los productos de mariscos y jugos est\u00e1n sujetos al Punto de Control Cr\u00edtico de An\u00e1lisis de Peligros (HACCP), por lo que no requieren un plan de Seguridad Alimentaria. Los alimentos regulados por el USDA tampoco est\u00e1n sujetos a la Regla de controles preventivos.[\/vc_column_text][\/vc_tta_section][vc_tta_section title=&#8221;\u00bfLos FCE necesitan un PCQI?&#8221; tab_id=&#8221;who-must-provide-drug-listings4dc4-563f&#8221; el_class=&#8221;accordion-class&#8221;][vc_column_text fnt_family=&#8221;Montserrat&#8221; fnt_size=&#8221;24&#8243; grad_text_color1=&#8221;#003873&#8243;]La FDA exige que la mayor\u00eda de los establecimientos alimentarios registrados por la FDA creen e implementen un plan de seguridad alimentaria. Las empresas sujetas a la Regla de Controles Preventivos (21 CFR 117) deben designar a una Persona Calificada para Controles Preventivos (PCQI) para desarrollar el plan de Seguridad Alimentaria.[\/vc_column_text][\/vc_tta_section][vc_tta_section title=&#8221;\u00bfNecesito un FCE separado para cada planta?&#8221; tab_id=&#8221;what-information-is-submitted4dc4-563f&#8221; el_class=&#8221;accordion-class&#8221;][vc_column_text fnt_family=&#8221;Montserrat&#8221; fnt_size=&#8221;24&#8243; grad_text_color1=&#8221;#003873&#8243;]Los fabricantes de AF\/LACF deben registrarse con informaci\u00f3n de LACF, incluido el nombre del establecimiento, la ubicaci\u00f3n de cada establecimiento en el que se lleva a cabo el procesamiento, el m\u00e9todo de procesamiento y una lista de alimentos procesados en cada establecimiento (21 CFR 108.25(c)(1) y 21 CFR 108.35(c)(1)). Despu\u00e9s de registrar un establecimiento, la FDA asigna un n\u00famero de establecimiento de enlatado de alimentos (FCE) que identifica la planta de procesamiento f\u00edsico ubicada en la direcci\u00f3n proporcionada.[\/vc_column_text][\/vc_tta_section][\/vc_tta_accordion][\/vc_column][\/vc_row][\/vc_section]\n<\/div>","protected":false},"excerpt":{"rendered":"<p>[vc_section full_width=&#8221;stretch_row&#8221; el_class=&#8221;banner-section&#8221; el_id=&#8221;headerSection&#8221; css=&#8221;.vc_custom_1685599961458{padding-top: 30px !important;padding-bottom: 50px !important;background-color: #ffffff !important;}&#8221;][vc_row full_width=&#8221;stretch_row&#8221; css=&#8221;.vc_custom_1726759139067{padding-top: 40px !important;background-color: #ffffff !important;}&#8221; el_class=&#8221;topContainer row-wdith hero-section&#8221; el_id=&#8221;headerRow&#8221;][vc_column width=&#8221;2\/3&#8243;][vc_column_text fnt_family=&#8221;Montserrat&#8221; fnt_size=&#8221;46px&#8221;] El registro en FCE nunca ha sido tan f\u00e1cil. [\/vc_column_text][vc_column_text fnt_family=&#8221;Montserrat&#8221; fnt_size=&#8221;24&#8243;]Ciertos alimentos que son estables en anaquel, sellados herm\u00e9ticamente con pH y niveles de actividad de agua espec\u00edficos; deben cumplir<\/p>\n","protected":false},"author":33,"featured_media":0,"parent":14792,"menu_order":0,"comment_status":"closed","ping_status":"closed","template":"page-templates\/page-sidebar-none.php","meta":{"_acf_changed":false,"content-type":"","footnotes":""},"class_list":["post-13610","page","type-page","status-publish","hentry"],"acf":[],"_links":{"self":[{"href":"https:\/\/dev.registrarcorp.com\/es\/wp-json\/wp\/v2\/pages\/13610","targetHints":{"allow":["GET"]}}],"collection":[{"href":"https:\/\/dev.registrarcorp.com\/es\/wp-json\/wp\/v2\/pages"}],"about":[{"href":"https:\/\/dev.registrarcorp.com\/es\/wp-json\/wp\/v2\/types\/page"}],"author":[{"embeddable":true,"href":"https:\/\/dev.registrarcorp.com\/es\/wp-json\/wp\/v2\/users\/33"}],"replies":[{"embeddable":true,"href":"https:\/\/dev.registrarcorp.com\/es\/wp-json\/wp\/v2\/comments?post=13610"}],"version-history":[{"count":0,"href":"https:\/\/dev.registrarcorp.com\/es\/wp-json\/wp\/v2\/pages\/13610\/revisions"}],"up":[{"embeddable":true,"href":"https:\/\/dev.registrarcorp.com\/es\/wp-json\/wp\/v2\/pages\/14792"}],"wp:attachment":[{"href":"https:\/\/dev.registrarcorp.com\/es\/wp-json\/wp\/v2\/media?parent=13610"}],"curies":[{"name":"wp","href":"https:\/\/api.w.org\/{rel}","templated":true}]}}