{"id":13999,"date":"2023-05-11T05:25:59","date_gmt":"2023-05-11T05:25:59","guid":{"rendered":"https:\/\/staging.registrarcorp.com\/prior-notice-express\/"},"modified":"2025-08-13T09:00:29","modified_gmt":"2025-08-13T09:00:29","slug":"prior-notice-express","status":"publish","type":"page","link":"https:\/\/dev.registrarcorp.com\/es\/services\/prior-notice-express\/","title":{"rendered":"Aviso previo"},"content":{"rendered":"<div class=\"wpb-content-wrapper\">[vc_row full_width=&#8221;stretch_row&#8221; css=&#8221;.vc_custom_1726502944664{padding-top: 70px !important;padding-bottom: 70px !important;background-color: #eeefef !important;}&#8221; el_class=&#8221;hero-section&#8221;][vc_column width=&#8221;1\/2&#8243;][vc_column_text]\n<h1><strong><span style=\"color: #003873;\">Presente los avisos previos en l\u00ednea de forma <span style=\"color: #0081ff;\"> r\u00e1pida y sencilla.<\/span><\/span><\/strong><\/h1>\n[\/vc_column_text][vc_column_text fnt_family=&#8221;Montserrat&#8221; fnt_size=&#8221;24px&#8221;]La Administraci\u00f3n de Alimentos y Medicamentos (Food and Drug Administration, FDA) de los EE. UU. requiere un aviso previo de todos los env\u00edos de alimentos, bebidas y suplementos diet\u00e9ticos que ingresen a los EE. UU. Nuestros servicios de Aviso Previo son soluciones personalizadas que agilizan el proceso de presentaci\u00f3n para que usted pueda concentrarse en llevar su producto al mercado.[\/vc_column_text][vc_column_text css=&#8221;.vc_custom_1725909305707{margin-bottom: 10px !important;}&#8221;]\n<p style=\"color: #003873;\"><strong>\u00bfYa tiene una cuenta?<\/strong><br \/>\nInicie sesi\u00f3n en su cuenta MyFDA para continuar con la presentaci\u00f3n.<\/p>\n[\/vc_column_text][vc_btn title=&#8221;Iniciar sesi\u00f3n en MyFDA&#8221; style=&#8221;flat&#8221; shape=&#8221;square&#8221; color=&#8221;blue&#8221; size=&#8221;lg&#8221; align=&#8221;left&#8221; i_align=&#8221;right&#8221; i_icon_fontawesome=&#8221;fas fa-arrow-right&#8221; css=&#8221;&#8221; add_icon=&#8221;true&#8221; el_class=&#8221;primary-btn btnTextBold&#8221; link=&#8221;url:https%3A%2F%2Fhub.registrarcorp.com%2F|target:_blank|&#8221;][vc_column_text css=&#8221;.vc_custom_1725910092413{margin-bottom: 10px !important;}&#8221;]\n<p style=\"font-weight: bold; color: #003873;\">Cree una cuenta MyFDA gratuita para comenzar la presentaci\u00f3n de su aviso previo.<\/p>\n[\/vc_column_text][vc_btn title=&#8221;Crear cuenta&#8221; style=&#8221;flat&#8221; shape=&#8221;square&#8221; color=&#8221;blue&#8221; size=&#8221;lg&#8221; align=&#8221;left&#8221; i_align=&#8221;right&#8221; i_icon_fontawesome=&#8221;fas fa-arrow-right&#8221; css=&#8221;&#8221; add_icon=&#8221;true&#8221; el_class=&#8221;primary-btn btnTextBold&#8221; link=&#8221;url:https%3A%2F%2Fwww.myfda.com%2Fsignup|target:_blank|&#8221;][\/vc_column][vc_column width=&#8221;1\/2&#8243;][vc_single_image image=&#8221;1551&#8243; img_size=&#8221;large&#8221;][\/vc_column][\/vc_row][vc_row full_width=&#8221;stretch_row&#8221; css=&#8221;.vc_custom_1683788470829{background-color: #ffffff !important;}&#8221;][vc_column width=&#8221;1\/2&#8243;][vc_single_image image=&#8221;1559&#8243; img_size=&#8221;550&#215;650&#8243;][\/vc_column][vc_column width=&#8221;1\/2&#8243;][vc_custom_heading text=&#8221;Plazos de notificaci\u00f3n previa&#8221; font_container=&#8221;tag:h2|font_size:32px|text_align:left|color:%23003873|line_height:40px&#8221; google_fonts=&#8221;font_family:Montserrat%3Aregular%2C700|font_style:700%20bold%20regular%3A700%3Anormal&#8221;][vc_column_text]\n<div style=\"color: #003873; font-size: 18px; line-height: 28px; font-weight: 400;\">\n<p>La notificaci\u00f3n anticipada de los env\u00edos importados permite a la FDA dirigir las inspecciones de manera m\u00e1s eficiente y prevenir mejor las emergencias de salud p\u00fablica. La FDA tiene lineamientos estrictos sobre cu\u00e1ndo tramitar Avisos previos, seg\u00fan c\u00f3mo se env\u00eden los productos.<\/p>\n<p><span style=\"font-weight: bold;\">Los Avisos previos deben ser tramitados y confirmados por la FDA como m\u00ednimo:<\/span><\/p>\n<div class=\"notice-main\">\n<div class=\"n-icon\"><img loading=\"lazy\" decoding=\"async\" class=\"alignnone size-full wp-image-1560\" src=\"https:\/\/dev.registrarcorp.com\/wp-content\/uploads\/2023\/05\/prior-clock.png\" alt=\"reloj anterior\" width=\"80\" height=\"97\"\/><\/div>\n<div class=\"n-content\">2 horas antes de la llegada por carretera 4 horas antes de la llegada por tren 4 horas antes de la llegada por aire 8 horas antes de la llegada por agua<\/div>\n<\/div>\n<p>Si su env\u00edo llega por correo internacional o correo expreso, debe tramitar un Aviso previo antes de enviar el paquete.<\/p>\n<p>Puede tramitar un Aviso previo hasta 15 d\u00edas calendario antes de la llegada del env\u00edo a trav\u00e9s de la Interfaz del sistema de aviso previo (PNSI) de la FDA, o hasta 30 d\u00edas calendario si lo presenta a trav\u00e9s de la Interfaz automatizada del corredor\/Sistema comercial automatizado (ABI\/ACS) a trav\u00e9s de un corredor.<\/p>\n<\/div>\n[\/vc_column_text][\/vc_column][\/vc_row][vc_row full_width=&#8221;stretch_row&#8221; css=&#8221;.vc_custom_1683800569104{padding-top: 100px !important;padding-bottom: 100px !important;background-color: #ffffff !important;}&#8221;][vc_column width=&#8221;1\/2&#8243;][vc_custom_heading text=&#8221;Informaci\u00f3n requerida de aviso previo&#8221; font_container=&#8221;tag:h2|font_size:32px|text_align:left|color:%23003873|line_height:40px&#8221; google_fonts=&#8221;font_family:Montserrat%3Aregular%2C700|font_style:700%20bold%20regular%3A700%3Anormal&#8221;][vc_column_text]\n<div style=\"color: #003873; font-size: 18px; line-height: 28px; font-weight: 400;\">\n<p>La FDA le exige que proporcione documentaci\u00f3n adicional con cada Aviso previo.<\/p>\n<p>Los tr\u00e1mites deben incluir:<\/p>\n<div class=\"p-main-list\">\n<div class=\"p-list-icon\"><img loading=\"lazy\" decoding=\"async\" width=\"118\" height=\"118\" class=\"alignnone size-full wp-image-1609\" src=\"https:\/\/dev.registrarcorp.com\/wp-content\/uploads\/2023\/05\/shipment.png\" alt=\"env\u00edo\" srcset=\"https:\/\/dev.registrarcorp.com\/wp-content\/uploads\/2023\/05\/shipment.png 118w, https:\/\/dev.registrarcorp.com\/wp-content\/uploads\/2023\/05\/shipment-150x150.png 150w, https:\/\/dev.registrarcorp.com\/wp-content\/uploads\/2023\/05\/shipment-600x600.png 600w\" sizes=\"auto, (max-width: 118px) 100vw, 118px\" \/><\/div>\n<p>Informaci\u00f3n sobre el fabricante, remitente, transmisor, remitente y el importador, propietario odestinatario final<\/p>\n<\/div>\n<div class=\"p-main-list\">\n<div class=\"p-list-icon\"><img loading=\"lazy\" decoding=\"async\" width=\"105\" height=\"69\" class=\"alignnone size-full wp-image-1601\" src=\"https:\/\/dev.registrarcorp.com\/wp-content\/uploads\/2023\/05\/p-code.png\" alt=\"c\u00f3digo p\" srcset=\"https:\/\/dev.registrarcorp.com\/wp-content\/uploads\/2023\/05\/p-code.png 105w, https:\/\/dev.registrarcorp.com\/wp-content\/uploads\/2023\/05\/p-code-600x400.png 600w\" sizes=\"auto, (max-width: 105px) 100vw, 105px\" \/><\/div>\n<p>Identificaci\u00f3n de cada producto en el env\u00edo, que incluye su c\u00f3digo de producto de la FDA, nombre com\u00fan del producto, cantidad estimada y peso del producto<\/p>\n<\/div>\n<div class=\"p-main-list\">\n<div class=\"p-list-icon\"><img loading=\"lazy\" decoding=\"async\" class=\"alignnone wp-image-1593 size-full\" src=\"https:\/\/dev.registrarcorp.com\/wp-content\/uploads\/2023\/05\/transport.png\" alt=\"transporte\" width=\"98\" height=\"95\"\/><\/div>\n<p>Transportista y modo de transporte<\/p>\n<\/div>\n<div class=\"p-main-list\">\n<div class=\"p-list-icon\"><img loading=\"lazy\" decoding=\"async\" class=\"alignnone wp-image-1585 size-full\" src=\"https:\/\/dev.registrarcorp.com\/wp-content\/uploads\/2023\/05\/p-time.png\" alt=\"tiempo p\" width=\"108\" height=\"98\"\/><\/div>\n<p>Hora prevista de llegada o hora del puerto de entrada, lo que puede significar un atraque, aterrizaje o tiempo previsto de cruce fronterizo seg\u00fan el modo de transporte de su env\u00edo<\/p>\n<\/div>\n<div class=\"p-main-list\">\n<div class=\"p-list-icon\"><img loading=\"lazy\" decoding=\"async\" class=\"alignnone wp-image-1577 size-full\" src=\"https:\/\/dev.registrarcorp.com\/wp-content\/uploads\/2023\/05\/fsma.png\" alt=\"fsma\" width=\"156\" height=\"156\" srcset=\"https:\/\/dev.registrarcorp.com\/wp-content\/uploads\/2023\/05\/fsma.png 156w, https:\/\/dev.registrarcorp.com\/wp-content\/uploads\/2023\/05\/fsma-150x150.png 150w, https:\/\/dev.registrarcorp.com\/wp-content\/uploads\/2023\/05\/fsma-600x600.png 600w\" sizes=\"auto, (max-width: 156px) 100vw, 156px\" \/><\/div>\n<p>El nombre de cualquier pa\u00eds al que se le haya negado elingreso al producto, seg\u00fan lo requerido por la Ley de Modernizaci\u00f3n de la Seguridad Alimentaria (FSMA).<\/p>\n<\/div>\n<\/div>\n[\/vc_column_text][\/vc_column][vc_column width=&#8221;1\/2&#8243;][vc_single_image image=&#8221;1576&#8243; img_size=&#8221;620&#215;700&#8243; alignment=&#8221;right&#8221;][\/vc_column][\/vc_row][vc_row full_width=&#8221;stretch_row&#8221; css=&#8221;.vc_custom_1683803592657{background-color: #003873 !important;}&#8221;][vc_column width=&#8221;1\/2&#8243;][vc_single_image image=&#8221;1628&#8243; img_size=&#8221;large&#8221; css=&#8221;.vc_custom_1683805419879{margin-left: -100px !important;}&#8221;][\/vc_column][vc_column width=&#8221;1\/2&#8243; css=&#8221;.vc_custom_1683805777928{padding-top: 75px !important;}&#8221;][vc_custom_heading text=&#8221;Valor del aviso previo Express&#8221; font_container=&#8221;tag:h2|font_size:32px|text_align:left|color:%23ffffff|line_height:40px&#8221; google_fonts=&#8221;font_family:Montserrat%3Aregular%2C700|font_style:700%20bold%20regular%3A700%3Anormal&#8221;][vc_column_text css=&#8221;&#8221; fnt_family=&#8221;Montserrat&#8221; fnt_size=&#8221;18px&#8221;]\n<p style=\"color: #ffffff;\">Ahorre tiempo y haga m\u00e1s al tramitar varios Avisos previos a la vez con nuestro servicio Previo a Avisos r\u00e1pidos. Prior Notice Express le permite guardar y almacenar su informaci\u00f3n de manera segura en l\u00ednea, disminuye los posibles errores durante el tr\u00e1mite y reduce su tiempo al hacerlo en un 50 %.<\/p>\n<p style=\"color: #ffffff;\">Simplemente cree una cuenta <a style=\"color: #fff;\" href=\"https:\/\/www.myfda.com\/signup\" target=\"_blank\" rel=\"noopener\">de Prior Notice Express<\/a> para comenzar.<\/p>\n[\/vc_column_text][\/vc_column][\/vc_row][vc_row full_width=&#8221;stretch_row&#8221; css=&#8221;.vc_custom_1683808756526{padding-top: 50px !important;background-color: #a5dbff !important;}&#8221;][vc_column][vc_custom_heading text=&#8221;Precios de aviso previo de Registrar Corp&#8221; font_container=&#8221;tag:h2|font_size:32px|text_align:center|color:%23003873|line_height:40px&#8221; google_fonts=&#8221;font_family:Montserrat%3Aregular%2C700|font_style:700%20bold%20regular%3A700%3Anormal&#8221;][vc_column_text fnt_family=&#8221;Montserrat&#8221; fnt_size=&#8221;24px&#8221;]\n<p style=\"text-align: center;\">Puede comprar una sola presentaci\u00f3n de Aviso previo obloques de presentaciones a una tarifa con descuento:<\/p>\n[\/vc_column_text][\/vc_column][\/vc_row][vc_row full_width=&#8221;stretch_row&#8221; css=&#8221;.vc_custom_1683806236654{background-color: #a5dbff !important;}&#8221;][vc_column width=&#8221;1\/3&#8243;][vc_column_text css=&#8221;.vc_custom_1683885181616{background-color: #ffffff !important;}&#8221;]\n<div class=\"prior-pricing\">\n<p><span style=\"font-weight: 600;\">Una (1) presentaci\u00f3n de notificaci\u00f3n<\/span>previa<\/p>\n<hr style=\"color: #0081ff; border: 1px solid;\"\/>\n<p><span style=\"font-weight: 600;\">$19.95<\/span><\/p>\n<\/div>\n[\/vc_column_text][\/vc_column][vc_column width=&#8221;1\/3&#8243;][vc_column_text css=&#8221;.vc_custom_1683885322020{background-color: #ffffff !important;}&#8221;]\n<div class=\"prior-pricing\">\n<p><span style=\"font-weight: 600;\">Presentaci\u00f3n de diez (10) avisos<\/span>previos<\/p>\n<hr style=\"color: #0081ff; border: 1px solid;\"\/>\n<p><span style=\"font-weight: 600;\">$17.95<\/span> cada uno con un descuento del <span class=\"p-discount\">10 % ($179.50 USD)<\/span><\/p>\n<\/div>\n[\/vc_column_text][\/vc_column][vc_column width=&#8221;1\/3&#8243;][vc_column_text css=&#8221;.vc_custom_1683885357238{background-color: #ffffff !important;}&#8221;]\n<div class=\"prior-pricing\">\n<p><span style=\"font-weight: 600;\">Presentaci\u00f3n de notificaci\u00f3n<\/span>previa de veinticinco (25)<\/p>\n<hr style=\"color: #0081ff; border: 1px solid;\"\/>\n<p><span style=\"font-weight: 600;\">$14.95<\/span> cada uno con un descuento del <span class=\"p-discount\">25 % ($373.75 USD)<\/span><\/p>\n<\/div>\n[\/vc_column_text][\/vc_column][\/vc_row][vc_row full_width=&#8221;stretch_row&#8221; css=&#8221;.vc_custom_1683808740048{padding-bottom: 75px !important;background-color: #a5dbff !important;}&#8221;][vc_column][vc_column_text fnt_family=&#8221;Montserrat&#8221; fnt_size=&#8221;16px&#8221;]\n<p style=\"text-align: center;\">Para usar bloques de Avisos previos, debe crear una cuenta de Avisos previos r\u00e1pidos.<\/p>\n[\/vc_column_text][vc_row_inner][vc_column_inner width=&#8221;1\/2&#8243;][vc_btn title=&#8221;Iniciar sesi\u00f3n en MyFDA&#8221; style=&#8221;flat&#8221; shape=&#8221;square&#8221; color=&#8221;blue&#8221; size=&#8221;lg&#8221; align=&#8221;right&#8221; css=&#8221;&#8221; el_class=&#8221;primary-btn btnTextBold&#8221; link=&#8221;url:https%3A%2F%2Fwww.myfda.com%2F|target:_blank|&#8221;][\/vc_column_inner][vc_column_inner width=&#8221;1\/2&#8243;][vc_btn title=&#8221;Crear cuenta&#8221; style=&#8221;flat&#8221; shape=&#8221;square&#8221; color=&#8221;blue&#8221; size=&#8221;lg&#8221; css=&#8221;&#8221; el_class=&#8221;primary-btn btnTextBold&#8221; link=&#8221;url:https%3A%2F%2Fwww.myfda.com%2Fsignup|target:_blank|&#8221;][\/vc_column_inner][\/vc_row_inner][\/vc_column][\/vc_row][vc_row full_width=&#8221;stretch_row&#8221; css=&#8221;.vc_custom_1727968776956{padding-bottom: 50px !important;background-color: #eceff1 !important;}&#8221; el_class=&#8221;faq-accordion-section&#8221;][vc_column][vc_single_image image=&#8221;3266&#8243; img_size=&#8221;medium&#8221; alignment=&#8221;right&#8221; css=&#8221;.vc_custom_1700046352727{margin-bottom: -105px !important;}&#8221; el_class=&#8221;hide-row&#8221;][vc_custom_heading text=&#8221;Preguntas frecuentes&#8221; font_container=&#8221;tag:h2|font_size:40px|text_align:left|color:%23003873&#8243; google_fonts=&#8221;font_family:Montserrat%3Aregular%2C700|font_style:700%20bold%20regular%3A700%3Anormal&#8221; css=&#8221;.vc_custom_1700046359781{border-bottom-width: 0.5px !important;padding-top: 50px !important;padding-bottom: 20px !important;border-bottom-color: #000000 !important;border-bottom-style: solid !important;}&#8221;][vc_tta_accordion style=&#8221;flat&#8221; shape=&#8221;square&#8221; c_icon=&#8221;chevron&#8221; active_section=&#8221;1&#8243; no_fill=&#8221;true&#8221; collapsible_all=&#8221;true&#8221;][vc_tta_section title=&#8221;\u00bfQu\u00e9 es un aviso previo?&#8221; tab_id=&#8221;faq1&#8243; el_class=&#8221;prior-faq-sec&#8221;][vc_column_text]La Ley de Preparaci\u00f3n y Respuesta al Bioterrorismo y Seguridad de la Salud P\u00fablica de 2002 (la Ley del Bioterrorismo) exige que la FDA reciba una notificaci\u00f3n previa de alimentos, animales, bebidas y suplementos alimenticios, incluido el alimento para animales que se importa u ofrece para su importaci\u00f3n a los Estados Unidos.<\/p>\n<p>Los proveedores extranjeros de alimentos, bebidas y suplementos alimenticios que ingresen a los EE. UU. deben presentar una notificaci\u00f3n anticipada con informaci\u00f3n sobre cada producto y env\u00edo, un proceso denominado Aviso previo.<\/p>\n<p>Esto permite a la FDA apuntar mejor a las inspecciones de importaci\u00f3n y proteger la salud p\u00fablica de los EE. UU.[\/vc_column_text][\/vc_tta_section][vc_tta_section title=&#8221;\u00bfCu\u00e1l es la diferencia entre Aviso previo y Aduanas de los EE. UU.?&#8221; tab_id=&#8221;faq2&#8243; el_class=&#8221;prior-faq-sec&#8221;][vc_column_text]La Oficina de Aduanas y Protecci\u00f3n Fronteriza (Customs and Border Protection, CBP) de los EE. UU. tambi\u00e9n protege el suministro de alimentos y la salud p\u00fablica de los EE. UU. en las fronteras nacionales con la FDA. Sin embargo, la CBP requiere documentaci\u00f3n diferente de los env\u00edos entrantes llamada Presentaci\u00f3n de seguridad del importador (ISF) o 10+2. Estos solo se requieren para env\u00edos mar\u00edtimos entrantes por embarcaci\u00f3n.[\/vc_column_text][\/vc_tta_section][vc_tta_section title=&#8221;\u00bfQu\u00e9 sucede si tengo una presentaci\u00f3n incorrecta?&#8221; tab_id=&#8221;faq3&#8243; el_class=&#8221;prior-faq-sec&#8221;][vc_column_text]Si no se proporciona a la FDA un Aviso previo de manera oportuna, se le negar\u00e1 el ingreso al env\u00edo de alimentos, bebidas o suplementos diet\u00e9ticos hasta que se corrijan los errores. Las empresas tambi\u00e9n podr\u00edan ser multadas por la FDA por no proporcionar un Aviso previo.[\/vc_column_text][\/vc_tta_section][\/vc_tta_accordion][\/vc_column][\/vc_row]\n<\/div>","protected":false},"excerpt":{"rendered":"<p>[vc_row full_width=&#8221;stretch_row&#8221; css=&#8221;.vc_custom_1726502944664{padding-top: 70px !important;padding-bottom: 70px !important;background-color: #eeefef !important;}&#8221; el_class=&#8221;hero-section&#8221;][vc_column width=&#8221;1\/2&#8243;][vc_column_text] Presente los avisos previos en l\u00ednea de forma r\u00e1pida y sencilla. [\/vc_column_text][vc_column_text fnt_family=&#8221;Montserrat&#8221; fnt_size=&#8221;24px&#8221;]La Administraci\u00f3n de Alimentos y Medicamentos (Food and Drug Administration, FDA) de los EE. UU. requiere un aviso previo de todos los env\u00edos de alimentos, bebidas y suplementos diet\u00e9ticos que ingresen<\/p>\n","protected":false},"author":33,"featured_media":0,"parent":14792,"menu_order":0,"comment_status":"closed","ping_status":"closed","template":"page-templates\/page-skillup-design.php","meta":{"_acf_changed":false,"content-type":"","footnotes":""},"class_list":["post-13999","page","type-page","status-publish","hentry"],"acf":[],"_links":{"self":[{"href":"https:\/\/dev.registrarcorp.com\/es\/wp-json\/wp\/v2\/pages\/13999","targetHints":{"allow":["GET"]}}],"collection":[{"href":"https:\/\/dev.registrarcorp.com\/es\/wp-json\/wp\/v2\/pages"}],"about":[{"href":"https:\/\/dev.registrarcorp.com\/es\/wp-json\/wp\/v2\/types\/page"}],"author":[{"embeddable":true,"href":"https:\/\/dev.registrarcorp.com\/es\/wp-json\/wp\/v2\/users\/33"}],"replies":[{"embeddable":true,"href":"https:\/\/dev.registrarcorp.com\/es\/wp-json\/wp\/v2\/comments?post=13999"}],"version-history":[{"count":0,"href":"https:\/\/dev.registrarcorp.com\/es\/wp-json\/wp\/v2\/pages\/13999\/revisions"}],"up":[{"embeddable":true,"href":"https:\/\/dev.registrarcorp.com\/es\/wp-json\/wp\/v2\/pages\/14792"}],"wp:attachment":[{"href":"https:\/\/dev.registrarcorp.com\/es\/wp-json\/wp\/v2\/media?parent=13999"}],"curies":[{"name":"wp","href":"https:\/\/api.w.org\/{rel}","templated":true}]}}