{"id":14072,"date":"2023-05-15T12:47:29","date_gmt":"2023-05-15T12:47:29","guid":{"rendered":"https:\/\/staging.registrarcorp.com\/other-industries\/"},"modified":"2025-06-03T19:44:37","modified_gmt":"2025-06-03T19:44:37","slug":"other-industries","status":"publish","type":"page","link":"https:\/\/dev.registrarcorp.com\/es\/industries\/other-industries\/","title":{"rendered":"Otras industrias"},"content":{"rendered":"<div class=\"wpb-content-wrapper\">[vc_section full_width=&#8221;stretch_row&#8221; css=&#8221;.vc_custom_1684235389613{padding-top: 80px !important;padding-bottom: 50px !important;background-color: #ffffff !important;}&#8221;][vc_row content_placement=&#8221;middle&#8221; el_class=&#8221;hero-section&#8221;][vc_column width=&#8221;1\/2&#8243;][vc_custom_heading text=&#8221;Servicios de cumplimiento y registro&#8221; font_container=&#8221;tag:h1|font_size:46|text_align:left|color:%23003873&#8243; google_fonts=&#8221;font_family:Montserrat%3Aregular%2C700|font_style:700%20bold%20regular%3A700%3Anormal&#8221; css=&#8221;.vc_custom_1742480651459{margin-bottom: 0px !important;}&#8221;][vc_custom_heading text=&#8221;para otras industrias.&#8221; font_container=&#8221;tag:h2|font_size:46|text_align:left|color:%230081ff&#8221; google_fonts=&#8221;font_family:Montserrat%3Aregular%2C700|font_style:700%20bold%20regular%3A700%3Anormal&#8221;][vc_column_text fnt_family=&#8221;Montserrat&#8221; fnt_size=&#8221;24&#8243;]Ayudamos a mantener el cumplimiento de su industria. Registrar Corp ofrece servicios de apoyo regulatorio de la FDA a fabricantes de productos electr\u00f3nicos o dispositivos emisores de radiaci\u00f3n (RED), tabaco y productos biol\u00f3gicos.[\/vc_column_text][vc_btn title=&#8221;Explore nuestras ofertas&#8221; i_align=&#8221;right&#8221; i_icon_fontawesome=&#8221;fas fa-arrow-right&#8221; add_icon=&#8221;true&#8221; link=&#8221;url:%23red|&#8221; el_class=&#8221;primary-btn&#8221;][\/vc_column][vc_column width=&#8221;1\/2&#8243;][vc_single_image image=&#8221;53671&#8243; img_size=&#8221;full&#8221; alignment=&#8221;center&#8221; css=&#8221;&#8221;][\/vc_column][\/vc_row][\/vc_section][vc_section content_placement=&#8221;middle&#8221; css=&#8221;.vc_custom_1703687096566{padding-top: 80px !important;padding-bottom: 50px !important;}&#8221; el_id=&#8221;red&#8221;][vc_row content_placement=&#8221;middle&#8221;][vc_column width=&#8221;1\/2&#8243;][vc_single_image image=&#8221;53680&#8243; img_size=&#8221;full&#8221; alignment=&#8221;center&#8221; css=&#8221;&#8221;][\/vc_column][vc_column width=&#8221;1\/2&#8243;][vc_custom_heading text=&#8221;Dispositivos electr\u00f3nicos o emisores de radiaci\u00f3n (RED)&#8221; font_container=&#8221;tag:h2|font_size:40|text_align:left|color:%23003873&#8243; google_fonts=&#8221;font_family:Montserrat%3Aregular%2C700|font_style:700%20bold%20regular%3A700%3Anormal&#8221;][vc_column_text css=&#8221;.vc_custom_1684322315077{margin-bottom: 30px !important;}&#8221; fnt_family=&#8221;Montserrat&#8221; fnt_size=&#8221;18&#8243;]Mant\u00e9ngase al tanto de los requisitos de la FDA para los RED. Registrar Corp apoya a los fabricantes de productos electr\u00f3nicos al ofrecer servicios de cumplimiento de la FDA, incluido el agente designado de EE. UU. para el servicio de procesos, el apoyo del n\u00famero de acceso de la FDA, las revisiones de etiquetas y la presentaci\u00f3n anual y de informes de productos.[\/vc_column_text][vc_btn title=&#8221;M\u00e1s informaci\u00f3n sobre los REDs&#8221; i_align=&#8221;right&#8221; i_icon_fontawesome=&#8221;fas fa-arrow-right&#8221; add_icon=&#8221;true&#8221; link=&#8221;url:https%3A%2F%2Fdev.registrarcorp.com%2Fes%2Fservices%2Fradiation-emitting-device-reporting%2F|&#8221; el_class=&#8221;secondary-btn&#8221;][\/vc_column][\/vc_row][\/vc_section][vc_section full_width=&#8221;stretch_row&#8221; css=&#8221;.vc_custom_1703687049088{padding-top: 80px !important;padding-bottom: 50px !important;background-color: #ffffff !important;}&#8221; el_id=&#8221;tobacco&#8221;][vc_row content_placement=&#8221;middle&#8221; css=&#8221;.vc_custom_1684236240540{padding-top: 80px !important;padding-bottom: 50px !important;}&#8221;][vc_column width=&#8221;1\/2&#8243;][vc_custom_heading text=&#8221;Tabaco&#8221; font_container=&#8221;tag:h2|font_size:40|text_align:left|color:%23003873&#8243; google_fonts=&#8221;font_family:Montserrat%3Aregular%2C700|font_style:700%20bold%20regular%3A700%3Anormal&#8221;][vc_column_text fnt_family=&#8221;Montserrat&#8221; fnt_size=&#8221;16&#8243;]Registre sus productos de tabaco para ingresar al mercado de los EE. UU. Nuestro equipo de profesionales regulatorios puede ayudarlo con el registro y la renovaci\u00f3n de establecimientos de la FDA, las presentaciones de listados de productos y la presentaci\u00f3n de informes de ingredientes.[\/vc_column_text][vc_btn title=&#8221;Reg\u00edstrese hoy mismo&#8221; i_align=&#8221;right&#8221; i_icon_fontawesome=&#8221;fas fa-arrow-right&#8221; add_icon=&#8221;true&#8221; link=&#8221;url:https%3A%2F%2Fdev.registrarcorp.com%2Fes%2Ffda-registration-form%2F|title:Reg%C3%ADstrese%20hoy%20mismo|&#8221; el_class=&#8221;secondary-btn&#8221;][\/vc_column][vc_column width=&#8221;1\/2&#8243;][vc_single_image image=&#8221;53690&#8243; img_size=&#8221;full&#8221; css=&#8221;&#8221;][\/vc_column][\/vc_row][\/vc_section][vc_section css=&#8221;.vc_custom_1703687065060{padding-top: 80px !important;padding-bottom: 50px !important;}&#8221; el_id=&#8221;biologics&#8221;][vc_row content_placement=&#8221;middle&#8221;][vc_column width=&#8221;1\/2&#8243;][vc_single_image image=&#8221;53699&#8243; img_size=&#8221;full&#8221; alignment=&#8221;center&#8221; css=&#8221;&#8221;][\/vc_column][vc_column width=&#8221;1\/2&#8243;][vc_custom_heading text=&#8221;Productos biol\u00f3gicos&#8221; font_container=&#8221;tag:h2|font_size:40|text_align:left|color:%23003873&#8243; google_fonts=&#8221;font_family:Montserrat%3Aregular%2C700|font_style:700%20bold%20regular%3A700%3Anormal&#8221;][vc_column_text fnt_family=&#8221;Montserrat&#8221; fnt_size=&#8221;16&#8243;]Ya sea que fabrique al\u00e9rgenos, hemoderivados o vacunas, Registrar Corp puede ayudarlo a cumplir con la FDA. Apoyamos a las compa\u00f1\u00edas de productos biol\u00f3gicos con el Registro, la renovaci\u00f3n anual y el registro y la lista de la FDA para el establecimiento de sangre para c\u00e9lulas humanas, tejidos y productos celulares y basados en tejidos (HCT\/P).[\/vc_column_text][vc_btn title=&#8221;Reg\u00edstrese hoy mismo&#8221; i_align=&#8221;right&#8221; i_icon_fontawesome=&#8221;fas fa-arrow-right&#8221; add_icon=&#8221;true&#8221; link=&#8221;url:https%3A%2F%2Fdev.registrarcorp.com%2Fes%2Ffda-registration-form%2F|&#8221; el_class=&#8221;secondary-btn&#8221;][\/vc_column][\/vc_row][\/vc_section][vc_section full_width=&#8221;stretch_row&#8221; css=&#8221;.vc_custom_1684236524972{padding-top: 80px !important;padding-bottom: 50px !important;background-color: #003873 !important;}&#8221;][vc_row content_placement=&#8221;middle&#8221;][vc_column width=&#8221;1\/2&#8243;][vc_custom_heading text=&#8221;Trabaje con Registrar Corp hoy mismo.&#8221; font_container=&#8221;tag:h2|font_size:56|text_align:left|color:%23ffffff&#8221; google_fonts=&#8221;font_family:Montserrat%3Aregular%2C700|font_style:700%20bold%20regular%3A700%3Anormal&#8221;][vc_column_text fnt_family=&#8221;Montserrat&#8221; fnt_size=&#8221;24&#8243; grad_text_color1=&#8221;#ffffff&#8221;]Con 20 a\u00f1os de experiencia, estamos comprometidos a ayudar a su empresa a lograr el cumplimiento de la FDA.[\/vc_column_text][vc_btn title=&#8221;Comience&#8221; color=&#8221;sky&#8221; i_align=&#8221;right&#8221; i_icon_fontawesome=&#8221;fas fa-arrow-right&#8221; add_icon=&#8221;true&#8221; link=&#8221;url:https%3A%2F%2Fdev.registrarcorp.com%2Fes%2Fcontact%2F|&#8221; el_class=&#8221;primary-btn-white&#8221;][\/vc_column][vc_column width=&#8221;1\/2&#8243;][vc_single_image image=&#8221;53708&#8243; img_size=&#8221;large&#8221; alignment=&#8221;center&#8221; css=&#8221;&#8221;][\/vc_column][\/vc_row][\/vc_section][vc_section full_width=&#8221;stretch_row&#8221; css=&#8221;.vc_custom_1727969053335{background-color: #eceff1 !important;}&#8221; el_class=&#8221;faq-accordion-section&#8221;][vc_row content_placement=&#8221;bottom&#8221; css=&#8221;.vc_custom_1700031769606{padding-top: 50px !important;}&#8221;][vc_column width=&#8221;2\/3&#8243;][vc_custom_heading text=&#8221;Preguntas frecuentes&#8221; font_container=&#8221;tag:h2|font_size:40|text_align:left|color:%23003873&#8243; google_fonts=&#8221;font_family:Montserrat%3Aregular%2C700|font_style:700%20bold%20regular%3A700%3Anormal&#8221;][\/vc_column][vc_column width=&#8221;1\/3&#8243;][vc_single_image image=&#8221;1012&#8243; img_size=&#8221;medium&#8221; alignment=&#8221;right&#8221; el_class=&#8221;hide-row&#8221;][\/vc_column][\/vc_row][vc_row css=&#8221;.vc_custom_1684137364661{padding-bottom: 50px !important;}&#8221;][vc_column][vc_separator color=&#8221;black&#8221;][vc_tta_accordion section_title_tag=&#8221;h2&#8243; c_icon=&#8221;chevron&#8221; active_section=&#8221;1&#8243; no_fill=&#8221;true&#8221; collapsible_all=&#8221;true&#8221; css=&#8221;.vc_custom_1735640790470{background-color: #eceff1 !important;}&#8221; el_class=&#8221;accordion&#8221;][vc_tta_section title=&#8221;\u00bfQu\u00e9 es un producto electr\u00f3nico emisor de radiaci\u00f3n?&#8221; tab_id=&#8221;what-is-a-radiation&#8221; el_class=&#8221;accordion-class&#8221;][vc_column_text fnt_family=&#8221;Montserrat&#8221; fnt_size=&#8221;24&#8243; grad_text_color1=&#8221;#003873&#8243;]La FDA define los REDs\u00a0como cualquier producto que contiene un circuito electr\u00f3nico y genera cualquier tipo de radiaci\u00f3n, como radiaci\u00f3n X (rayos X), microondas, ondas de radio (radiofrecuencia (RF)), l\u00e1ser, luz visible, sonido, ultrasonido o luz ultravioleta. Algunos ejemplos de RED incluyen sistemas de rayos X de diagn\u00f3stico, productos l\u00e1ser, espect\u00e1culos de luz l\u00e1ser y hornos microondas.<\/p>\n<p>Los t\u00e9rminos legales y las definiciones de los REDs se pueden encontrar <a href=\"https:\/\/www.govinfo.gov\/content\/pkg\/USCODE-2010-title21\/html\/USCODE-2010-title21-chap9-subchapV-partC-sec360ii.htm\" target=\"_blank\" rel=\"noopener\">aqu\u00ed <\/a>.[\/vc_column_text][\/vc_tta_section][vc_tta_section title=&#8221;\u00bfC\u00f3mo verifica la FDA el cumplimiento de los requisitos de productos electr\u00f3nicos emisores de radiaci\u00f3n?&#8221; tab_id=&#8221;how-does-FDA-verify-compliance-with-Radiation&#8221; el_class=&#8221;accordion-class&#8221;][vc_column_text]Los revisores de entradas de la FDA utilizan la informaci\u00f3n proporcionada a la FDA por los importadores antes de la entrada, que incluye:<\/p>\n<ul>\n<li>Fabricante declarado<\/li>\n<li>Descripci\u00f3n del producto<\/li>\n<li>Afirmaciones de cumplimiento (A de C)<\/li>\n<\/ul>\n<p>Estas declaraciones de ingreso luego se verifican para verificar el cumplimiento compar\u00e1ndolas con la informaci\u00f3n en los sistemas de datos internos de la FDA. [\/vc_column_text][\/vc_tta_section][vc_tta_section title=&#8221;\u00bfExisten requisitos adicionales para los productos electr\u00f3nicos m\u00e9dicos que emiten radiaci\u00f3n?&#8221; tab_id=&#8221;are-there-additional-requirements&#8221; el_class=&#8221;accordion-class&#8221;][vc_column_text]S\u00ed. Los REDs m\u00e9dicos tambi\u00e9n deben cumplir con las reglamentaciones de la FDA para dispositivos m\u00e9dicos, as\u00ed como con las reglamentaciones de REDs. [\/vc_column_text][\/vc_tta_section][vc_tta_section title=&#8221;\u00bfQu\u00e9 es un producto de tabaco?&#8221; tab_id=&#8221;what-is-a-tobacco-product&#8221; el_class=&#8221;accordion-class&#8221;][vc_column_text]La FDA define \u201cproducto de tabaco\u201d como \u201ccualquier producto fabricado o derivado del tabaco que est\u00e1 destinado al consumo humano, incluido cualquier componente, parte o accesorio de un producto de tabaco (excepto las materias primas que no sean tabaco utilizadas en la fabricaci\u00f3n de un componente, parte o accesorio de un producto de tabaco).\u201d<\/p>\n<p>Esto puede incluir, entre otros, cigarrillos electr\u00f3nicos, cigarros, tabaco de narguile, tabaco de pipa y tabaco de rollo propio (RYO). [\/vc_column_text][\/vc_tta_section][vc_tta_section title=&#8221;\u00bfC\u00f3mo verifica la FDA los requisitos de tabaco al momento de la importaci\u00f3n?&#8221; tab_id=&#8221;how-does-FDA-verify-tobacco&#8221; el_class=&#8221;accordion-class&#8221;][vc_column_text]La FDA verificar\u00e1 el cumplimiento de los siguientes requisitos para los productos de tabaco en el momento de la importaci\u00f3n:<\/p>\n<ul>\n<li>Autorizaci\u00f3n de comercializaci\u00f3n<\/li>\n<li>Etiquetado<\/li>\n<li>Tarifas del usuario<\/li>\n<\/ul>\n[\/vc_column_text][\/vc_tta_section][vc_tta_section title=&#8221;\u00bfC\u00f3mo verifica la FDA el cumplimiento de los requisitos de tabaco?&#8221; tab_id=&#8221;how-does-the-FDA-verify-compliance-with-tobacco&#8221; el_class=&#8221;accordion-class&#8221;][vc_column_text]La FDA examina las etiquetas de los productos de tabaco para confirmar el cumplimiento normativo. Las etiquetas, el etiquetado o la publicidad de los productos de tabaco se revisar\u00e1n para:<\/p>\n<ul>\n<li>Requisitos generales de etiquetado<\/li>\n<li>Advertencia de nicotina<\/li>\n<li>Descriptores de riesgo modificados, como \u201cbajo\u201d, \u201cleve\u201d o \u201cliviano\u201d, o descriptores similares y sin orden vigente de la FDA<\/li>\n<li>Advertencias publicitarias sobre el tabaco sin humo<\/li>\n<li>Etiquetado con fines terap\u00e9uticos<\/li>\n<li>Sabores artificiales o naturales (que no sean tabaco o mentol) o una hierba o especia que sea un sabor caracter\u00edstico del producto de tabaco o humo de tabaco<\/li>\n<\/ul>\n[\/vc_column_text][\/vc_tta_section][\/vc_tta_accordion][\/vc_column][\/vc_row][\/vc_section]\n<\/div>","protected":false},"excerpt":{"rendered":"<p>[vc_section full_width=&#8221;stretch_row&#8221; css=&#8221;.vc_custom_1684235389613{padding-top: 80px !important;padding-bottom: 50px !important;background-color: #ffffff !important;}&#8221;][vc_row content_placement=&#8221;middle&#8221; el_class=&#8221;hero-section&#8221;][vc_column width=&#8221;1\/2&#8243;][vc_custom_heading text=&#8221;Servicios de cumplimiento y registro&#8221; font_container=&#8221;tag:h1|font_size:46|text_align:left|color:%23003873&#8243; google_fonts=&#8221;font_family:Montserrat%3Aregular%2C700|font_style:700%20bold%20regular%3A700%3Anormal&#8221; css=&#8221;.vc_custom_1742480651459{margin-bottom: 0px !important;}&#8221;][vc_custom_heading text=&#8221;para otras industrias.&#8221; font_container=&#8221;tag:h2|font_size:46|text_align:left|color:%230081ff&#8221; google_fonts=&#8221;font_family:Montserrat%3Aregular%2C700|font_style:700%20bold%20regular%3A700%3Anormal&#8221;][vc_column_text fnt_family=&#8221;Montserrat&#8221; fnt_size=&#8221;24&#8243;]Ayudamos a mantener el cumplimiento de su industria. Registrar Corp ofrece servicios de apoyo regulatorio de la FDA a fabricantes de productos electr\u00f3nicos o dispositivos emisores de<\/p>\n","protected":false},"author":33,"featured_media":0,"parent":14838,"menu_order":0,"comment_status":"closed","ping_status":"closed","template":"page-templates\/page-sidebar-none.php","meta":{"_acf_changed":false,"content-type":"","footnotes":""},"class_list":["post-14072","page","type-page","status-publish","hentry"],"acf":[],"_links":{"self":[{"href":"https:\/\/dev.registrarcorp.com\/es\/wp-json\/wp\/v2\/pages\/14072","targetHints":{"allow":["GET"]}}],"collection":[{"href":"https:\/\/dev.registrarcorp.com\/es\/wp-json\/wp\/v2\/pages"}],"about":[{"href":"https:\/\/dev.registrarcorp.com\/es\/wp-json\/wp\/v2\/types\/page"}],"author":[{"embeddable":true,"href":"https:\/\/dev.registrarcorp.com\/es\/wp-json\/wp\/v2\/users\/33"}],"replies":[{"embeddable":true,"href":"https:\/\/dev.registrarcorp.com\/es\/wp-json\/wp\/v2\/comments?post=14072"}],"version-history":[{"count":0,"href":"https:\/\/dev.registrarcorp.com\/es\/wp-json\/wp\/v2\/pages\/14072\/revisions"}],"up":[{"embeddable":true,"href":"https:\/\/dev.registrarcorp.com\/es\/wp-json\/wp\/v2\/pages\/14838"}],"wp:attachment":[{"href":"https:\/\/dev.registrarcorp.com\/es\/wp-json\/wp\/v2\/media?parent=14072"}],"curies":[{"name":"wp","href":"https:\/\/api.w.org\/{rel}","templated":true}]}}