{"id":12088,"date":"2023-07-08T07:50:48","date_gmt":"2023-07-08T07:50:48","guid":{"rendered":"https:\/\/staging.registrarcorp.com\/color-additive-review-and-batch-certification\/"},"modified":"2024-10-03T19:26:32","modified_gmt":"2024-10-03T19:26:32","slug":"color-additives","status":"publish","type":"page","link":"https:\/\/dev.registrarcorp.com\/fr\/services\/label-ingredients-review\/color-additives\/","title":{"rendered":"R\u00e9vision des colorants additifs et certification des lots"},"content":{"rendered":"<div class=\"wpb-content-wrapper\">[vc_row full_width=&#8221;stretch_row&#8221; css=&#8221;.vc_custom_1726759153635{padding-top: 70px !important;background-color: #ffffff !important;}&#8221; el_class=&#8221;vertical-text-align hero-section&#8221;][vc_column width=&#8221;1\/2&#8243; css=&#8221;.vc_custom_1688990185635{padding-top: 50px !important;}&#8221; el_class=&#8221;color-additive-header&#8221;][vc_custom_heading text=&#8221;Restez en conformit\u00e9 avec les services d\u2019additifs de couleur de la FDA de Registrar Corp.&#8221; font_container=&#8221;tag:h1|font_size:46px|text_align:left|color:%23003873|line_height:56px&#8221; google_fonts=&#8221;font_family:Montserrat%3Aregular%2C700|font_style:700%20bold%20regular%3A700%3Anormal&#8221;][vc_column_text fnt_family=&#8221;Montserrat&#8221; fnt_size=&#8221;18px&#8221; fnt_family_h4=&#8221;Montserrat&#8221; fnt_size_h4=&#8221;24px&#8221;]\u00c9vitez de perdre d\u2019innombrables heures \u00e0 rechercher les exigences \u00e9tendues de la FDA en mati\u00e8re d\u2019additifs de couleur et obtenez des conseils d\u2019experts sur les r\u00e9glementations qui s\u2019appliquent \u00e0 vos produits. Registrar Corp est l\u00e0 pour faire le gros du travail pour vous.[\/vc_column_text][vc_btn title=&#8221;Obtenez votre avis sur l\u2019additif de couleur&#8221; style=&#8221;flat&#8221; shape=&#8221;square&#8221; color=&#8221;blue&#8221; size=&#8221;lg&#8221; align=&#8221;left&#8221; i_align=&#8221;right&#8221; i_icon_fontawesome=&#8221;fas fa-arrow-right&#8221; css=&#8221;.vc_custom_1688802651726{padding-top: 20px !important;}&#8221; add_icon=&#8221;true&#8221; el_class=&#8221;primary-btn&#8221; link=&#8221;url:%23formSection|&#8221;][\/vc_column][vc_column width=&#8221;1\/2&#8243;][vc_single_image image=&#8221;7192&#8243; img_size=&#8221;552&#215;558&#8243; alignment=&#8221;right&#8221;][\/vc_column][\/vc_row][vc_row full_width=&#8221;stretch_row&#8221; css=&#8221;.vc_custom_1688803176733{padding-top: 50px !important;background-color: #eeefef !important;}&#8221; el_class=&#8221;vertical-text-align&#8221;][vc_column width=&#8221;1\/2&#8243;][vc_single_image image=&#8221;7200&#8243; img_size=&#8221;588&#215;537&#8243;][\/vc_column][vc_column width=&#8221;1\/2&#8243; el_class=&#8221;col-txt-center&#8221;][vc_custom_heading text=&#8221;R\u00e9vision des colorants additifs et certification des lots&#8221; font_container=&#8221;tag:h2|font_size:32px|text_align:left|color:%23003873|line_height:56px&#8221; google_fonts=&#8221;font_family:Montserrat%3Aregular%2C700|font_style:700%20bold%20regular%3A700%3Anormal&#8221;][vc_column_text fnt_family=&#8221;Montserrat&#8221; fnt_size=&#8221;18px&#8221; fnt_family_h5=&#8221;Montserrat&#8221; fnt_size_h5=&#8221;18px&#8221;]Un additif de couleur est un colorant, un pigment ou une autre substance qui peut donner de la couleur \u00e0 un produit. La FDA r\u00e9glemente les additifs de couleur ajout\u00e9s aux aliments, compl\u00e9ments, m\u00e9dicaments, cosm\u00e9tiques et dispositifs m\u00e9dicaux, y compris les substances synth\u00e9tiques et les substances d\u00e9riv\u00e9es de sources naturelles.<\/p>\n<p>Les additifs de couleur doivent \u00eatre soumis au processus d\u2019approbation de la FDA avant d\u2019\u00eatre utilis\u00e9s dans des produits r\u00e9glement\u00e9s par l\u2019agence. La FDA peut prendre des mesures coercitives contre une entreprise distribuant des produits contenant une couleur non approuv\u00e9e ou utilis\u00e9s d\u2019une mani\u00e8re non d\u00e9crite dans la r\u00e9glementation.<\/p>\n<p>Ces actions peuvent inclure des lettres d\u2019avertissement, le placement de la soci\u00e9t\u00e9 en alerte \u00e0 l\u2019importation, ou la d\u00e9tention et le refus du produit au port.<br \/>\n[\/vc_column_text][\/vc_column][\/vc_row][vc_row full_width=&#8221;stretch_row&#8221; css=&#8221;.vc_custom_1704750454423{padding-top: 30px !important;padding-bottom: 50px !important;background-color: #eeefef !important;}&#8221; el_class=&#8221;vertical-text-align&#8221;][vc_column width=&#8221;1\/2&#8243; css=&#8221;.vc_custom_1688982816048{padding-right: 50px !important;}&#8221;][vc_column_text fnt_family=&#8221;Montserrat&#8221; fnt_size=&#8221;18px&#8221; fnt_family_h5=&#8221;Montserrat&#8221; fnt_size_h5=&#8221;18px&#8221;]Pour certains additifs de couleur synth\u00e9tiques, l\u2019approbation d\u2019utilisation d\u00e9pend de la r\u00e9ussite de la \u00ab\u00a0certification de lot\u00a0\u00bb. Les soci\u00e9t\u00e9s non am\u00e9ricaines sont tenues de d\u00e9signer un agent am\u00e9ricain pour ce processus.<\/p>\n<p>Au cours du processus de certification des lots, le fabricant\u00a0\u00a0:<\/p>\n<ul>\n<li>R\u00e9cup\u00e8re un \u00e9chantillon de l\u2019additif de couleur<\/li>\n<li>Envoie l\u2019\u00e9chantillon \u00e0 la FDA<\/li>\n<li>Paye des frais pour que la FDA teste l\u2019\u00e9chantillon conform\u00e9ment aux sp\u00e9cifications d\u00e9crites dans la r\u00e9glementation<\/li>\n<li>Obtient un num\u00e9ro de lot unique si la couleur passe<\/li>\n<\/ul>\n<p>Il est difficile et fastidieux de comprendre les exigences d\u00e9routantes de chacun de vos additifs de couleur. Comment savoir si un additif de couleur a besoin d\u2019une certification par lots, n\u2019en a pas besoin ou n\u2019est pas autoris\u00e9 du tout\u00a0\u00a0?[\/vc_column_text][\/vc_column][vc_column width=&#8221;1\/2&#8243; el_class=&#8221;col-txt-center&#8221;][vc_single_image image=&#8221;7208&#8243; img_size=&#8221;557&#215;454&#8243;][\/vc_column][\/vc_row][vc_row full_width=&#8221;stretch_row&#8221; css=&#8221;.vc_custom_1688803412380{padding-top: 50px !important;background-color: #003873 !important;}&#8221;][vc_column][vc_custom_heading text=&#8221;Registrar Corp peut vous aider.&#8221; font_container=&#8221;tag:h2|font_size:32px|text_align:left|color:%23ffffff|line_height:50px&#8221; google_fonts=&#8221;font_family:Montserrat%3Aregular%2C700|font_style:700%20bold%20regular%3A700%3Anormal&#8221; css=&#8221;.vc_custom_1704751354373{margin-bottom: 0px !important;}&#8221;][\/vc_column][\/vc_row][vc_row full_width=&#8221;stretch_row&#8221; css=&#8221;.vc_custom_1688804278503{padding-bottom: 20px !important;background-color: #003873 !important;}&#8221; el_class=&#8221;vertical-text-align&#8221;][vc_column width=&#8221;1\/2&#8243;][vc_column_text fnt_family=&#8221;Montserrat&#8221; fnt_size=&#8221;24px&#8221; fnt_family_h5=&#8221;Montserrat&#8221; fnt_size_h5=&#8221;18px&#8221;]\n<p style=\"color: #ffffff;\">Nous simplifierons les r\u00e9glementations sur les additifs de couleur en comparant votre couleur \u00e0 des milliers de pages du Code des r\u00e9glementations f\u00e9d\u00e9rales ainsi qu\u2019au Registre f\u00e9d\u00e9ral, aux substances ajout\u00e9es \u00e0 la base de donn\u00e9es des aliments, aux guides d\u2019\u00e9tiquetage et aux lettres d\u2019avertissement \u00e9mises par la FDA am\u00e9ricaine.<\/p>\n<p style=\"color: #ffffff;\">Registrar Corp peut examiner vos additifs de couleur pour d\u00e9terminer s\u2019ils ont \u00e9t\u00e9 approuv\u00e9s par la FDA. Notre rapport d\u00e9taillera toutes les utilisations et sp\u00e9cifications approuv\u00e9es requises pour vos additifs de couleur.<\/p>\n[\/vc_column_text][\/vc_column][vc_column width=&#8221;1\/2&#8243; el_class=&#8221;color-additive&#8221;][vc_column_text fnt_size=&#8221;24px&#8221;]<span style=\"font-size: 18.0pt;\"><span style=\"color: #ffffff;\">Si votre additif de couleur est soumis \u00e0 l\u2019exigence de certification de lot, nous\u00a0\u00a0:<\/span>[\/vc_column_text][vc_column_text fnt_family=&#8221;Montserrat&#8221; fnt_size=&#8221;24px&#8221;]<\/span><\/p>\n<div class=\"p-main-list\">\n<div>\n<p style=\"color: #ffffff;\"><img loading=\"lazy\" decoding=\"async\" class=\"alignnone size-full wp-image-7230\" style=\"color: #333333;\" src=\"https:\/\/dev.registrarcorp.com\/wp-content\/uploads\/2023\/07\/help.png\" alt=\"\" width=\"50\" height=\"50\" srcset=\"https:\/\/dev.registrarcorp.com\/wp-content\/uploads\/2023\/07\/help.png 100w, https:\/\/dev.registrarcorp.com\/wp-content\/uploads\/2023\/07\/help-150x150.png 150w, https:\/\/dev.registrarcorp.com\/wp-content\/uploads\/2023\/07\/help-600x600.png 600w\" sizes=\"auto, (max-width: 50px) 100vw, 50px\" \/><\/p>\n<\/div>\n<p><span style=\"color: #ffffff;\"><span style=\"font-size: 18.0pt;\">Vous aider \u00e0 obtenir un compte FDA et \u00e0 vous connecter au syst\u00e8me en ligne<\/span><\/span><\/p>\n<\/div>\n<div class=\"p-main-list\">\n<div class=\"p-list-icon\"><img loading=\"lazy\" decoding=\"async\" class=\"alignnone size-full wp-image-7222\" src=\"https:\/\/dev.registrarcorp.com\/wp-content\/uploads\/2023\/07\/assist.png\" alt=\"\" width=\"50\" height=\"50\" srcset=\"https:\/\/dev.registrarcorp.com\/wp-content\/uploads\/2023\/07\/assist.png 100w, https:\/\/dev.registrarcorp.com\/wp-content\/uploads\/2023\/07\/assist-150x150.png 150w, https:\/\/dev.registrarcorp.com\/wp-content\/uploads\/2023\/07\/assist-600x600.png 600w\" sizes=\"auto, (max-width: 50px) 100vw, 50px\" \/><\/div>\n<p><span style=\"color: #ffffff;\"><span style=\"font-size: 18.0pt;\">Vous aider \u00e0 soumettre les \u00e9chantillons<\/span><\/span><\/p>\n<\/div>\n<div class=\"p-main-list\">\n<div class=\"p-list-icon\"><img loading=\"lazy\" decoding=\"async\" class=\"alignnone size-full wp-image-7214\" src=\"https:\/\/dev.registrarcorp.com\/wp-content\/uploads\/2023\/07\/serve.png\" alt=\"\" width=\"50\" height=\"50\" srcset=\"https:\/\/dev.registrarcorp.com\/wp-content\/uploads\/2023\/07\/serve.png 100w, https:\/\/dev.registrarcorp.com\/wp-content\/uploads\/2023\/07\/serve-150x150.png 150w, https:\/\/dev.registrarcorp.com\/wp-content\/uploads\/2023\/07\/serve-600x600.png 600w\" sizes=\"auto, (max-width: 50px) 100vw, 50px\" \/><\/div>\n<p><span style=\"color: #ffffff;\"><span style=\"font-size: 18.0pt;\">Servir de contact de communication et (le cas \u00e9ch\u00e9ant) d\u2019agent am\u00e9ricain<\/span><\/span><\/p>\n<\/div>\n[\/vc_column_text][\/vc_column][\/vc_row][vc_row full_width=&#8221;stretch_row&#8221; css=&#8221;.vc_custom_1688803127667{padding-bottom: 50px !important;background-color: #003873 !important;}&#8221;][vc_column width=&#8221;1\/6&#8243;][\/vc_column][vc_column width=&#8221;2\/3&#8243; css=&#8221;.vc_custom_1685362239351{padding-top: 0px !important;}&#8221;][vc_btn title=&#8221;Commencez d\u00e8s aujourd\u2019hui&#8221; style=&#8221;flat&#8221; shape=&#8221;square&#8221; color=&#8221;blue&#8221; size=&#8221;lg&#8221; align=&#8221;center&#8221; i_align=&#8221;right&#8221; i_icon_fontawesome=&#8221;fas fa-arrow-right&#8221; add_icon=&#8221;true&#8221; el_class=&#8221;primary-btn-white&#8221; link=&#8221;url:%23formSection|&#8221;][\/vc_column][vc_column width=&#8221;1\/6&#8243;][\/vc_column][\/vc_row][vc_row full_width=&#8221;stretch_row&#8221; css=&#8221;.vc_custom_1697469888310{padding-top: 30px !important;padding-bottom: 30px !important;background-color: #ffffff !important;}&#8221; el_id=&#8221;formSection&#8221;][vc_column width=&#8221;1\/2&#8243;][vc_column_text]\n<h2><span class=\"ui-provider fz b c d e f g h i j k l m n o p q r s t u v w x y z ab ac ae af ag ah ai aj ak\" dir=\"ltr\"><span style=\"color: #003873;\">Registrar Corp simplifie les r\u00e9glementations relatives aux additifs de couleur.\u00a0<\/span><\/span><\/h2>\n[\/vc_column_text][\/vc_column][vc_column width=&#8221;1\/2&#8243; css=&#8221;.vc_custom_1697468877918{padding-top: 25px !important;padding-right: 25px !important;padding-bottom: 25px !important;padding-left: 25px !important;background-color: #003873 !important;}&#8221;][vc_raw_html]W2dyYXZpdHlmb3JtIGlkPSI2MCIgdGl0bGU9ImZhbHNlIiBkZXNjcmlwdGlvbj0iZmFsc2UiXQ==[\/vc_raw_html][\/vc_column][\/vc_row][vc_row full_width=&#8221;stretch_row&#8221; css=&#8221;.vc_custom_1727969514553{padding-bottom: 50px !important;background-color: #eceff1 !important;}&#8221; el_class=&#8221;faq-accordion-section&#8221;][vc_column][vc_single_image image=&#8221;3261&#8243; img_size=&#8221;medium&#8221; alignment=&#8221;right&#8221; css=&#8221;.vc_custom_1700033563340{margin-bottom: -105px !important;}&#8221; el_class=&#8221;hide-row&#8221;][vc_custom_heading text=&#8221;Foire Aux Questions&#8221; font_container=&#8221;tag:h2|font_size:40px|text_align:left|color:%23003873&#8243; google_fonts=&#8221;font_family:Montserrat%3Aregular%2C700|font_style:700%20bold%20regular%3A700%3Anormal&#8221; css=&#8221;.vc_custom_1700033595093{border-bottom-width: 0.5px !important;padding-top: 50px !important;padding-bottom: 20px !important;border-bottom-color: #000000 !important;border-bottom-style: solid !important;}&#8221;][vc_tta_accordion style=&#8221;flat&#8221; shape=&#8221;square&#8221; c_icon=&#8221;chevron&#8221; active_section=&#8221;1&#8243; no_fill=&#8221;true&#8221;][vc_tta_section title=&#8221;Quelles sont les r\u00e8gles de la FDA sp\u00e9cifiques aux additifs de couleur\u00a0\u00a0?&#8221; tab_id=&#8221;faq1&#8243; el_class=&#8221;prior-faq-sec&#8221;][vc_column_text]Tous les additifs de couleur doivent \u00eatre approuv\u00e9s par la FDA pour leur utilisation pr\u00e9vue. Une fois approuv\u00e9e, la FDA annonce une r\u00e9glementation pour l\u2019additif de couleur sp\u00e9cifique, qui se trouve dans le Titre 21\u00a0du Code des r\u00e9glementations f\u00e9d\u00e9rales.<\/p>\n<p>Certaines couleurs sont g\u00e9n\u00e9ralement approuv\u00e9es, tandis que d\u2019autres auront des utilisations approuv\u00e9es tr\u00e8s sp\u00e9cifiques ou des limitations de leur utilisation. Par exemple, le b\u00eata-carot\u00e8ne peut \u00eatre utilis\u00e9 dans les aliments en g\u00e9n\u00e9ral, mais l\u2019extrait de spiruline ne peut \u00eatre utilis\u00e9 que dans certaines cat\u00e9gories de produits.[\/vc_column_text][\/vc_tta_section][vc_tta_section title=&#8221;Qu\u2019est-ce que la certification par lots\u00a0\u00a0?&#8221; tab_id=&#8221;faq2&#8243; el_class=&#8221;prior-faq-sec&#8221;][vc_column_text]<span data-contrast=\"none\">En outre, certains additifs de couleur n\u00e9cessitent une \u00ab\u00a0certification de lot\u00a0\u00bb avant de pouvoir \u00eatre ajout\u00e9s \u00e0 un produit fini, o\u00f9 la FDA teste un \u00e9chantillon de chaque lot fabriqu\u00e9 pour s\u2019assurer qu\u2019il r\u00e9pond \u00e0 leurs sp\u00e9cifications. Une fois certifi\u00e9es, ces couleurs sont d\u00e9sign\u00e9es par \u00ab\u00a0FD&amp;C\u00a0\u00bb ou \u00ab\u00a0D&amp;C\u00a0\u00bb dans le nom.<\/span><span data-ccp-props=\"{&quot;201341983&quot;:0,&quot;335559685&quot;:0,&quot;335559739&quot;:160,&quot;335559740&quot;:257}\"><\/span><\/p>\n<p><span data-contrast=\"none\">La certification implique des r\u00e8gles strictes concernant la fabrication, puis le \u00ab\u00a0contr\u00f4le\u00a0\u00bb du lot afin qu\u2019aucune alt\u00e9ration ne se produise pendant que la FDA teste l\u2019\u00e9chantillon. L\u2019\u00e9tiquetage de l\u2019additif de couleur lui-m\u00eame est \u00e9galement soumis \u00e0 des exigences de contenu sp\u00e9cifiques.\u00a0 Toute violation peut entra\u00eener le rejet du lot par la FDA et le refus de la certification.<\/span><span data-ccp-props=\"{&quot;201341983&quot;:0,&quot;335559685&quot;:0,&quot;335559739&quot;:160,&quot;335559740&quot;:257}\"><\/span><\/p>\n<p><span data-contrast=\"none\">Les entreprises doivent faire tr\u00e8s attention \u00e0 ce que leurs couleurs soient approuv\u00e9es pour une utilisation aux \u00c9tats-Unis, car il s\u2019agit d\u2019une cause extr\u00eamement fr\u00e9quente de d\u00e9tentions pour exp\u00e9dition. Les entreprises doivent \u00e9galement \u00eatre pr\u00eates \u00e0 prouver que toutes les couleurs certifiables utilis\u00e9es dans leurs produits proviennent de lots certifi\u00e9s FDA avec le num\u00e9ro de lot exact.<\/span><span data-ccp-props=\"{&quot;201341983&quot;:0,&quot;335559685&quot;:0,&quot;335559739&quot;:160,&quot;335559740&quot;:257}\"><\/span>[\/vc_column_text][\/vc_tta_section][vc_tta_section title=&#8221;Quels sont les frais de certification d\u2019un additif de couleur\u00a0\u00a0?&#8221; tab_id=&#8221;faq3&#8243; el_class=&#8221;prior-faq-sec&#8221;][vc_column_text]<span data-contrast=\"none\">La FDA facture des frais en fonction de la taille du lot certifi\u00e9. Pour les couleurs et lacs droits, les frais sont de 0,35 $ la livre, mais pas moins de 224 $. Pour les reconditionnements d\u2019additifs de couleur pr\u00e9c\u00e9demment certifi\u00e9s, les frais varient\u00a0\u00a0: lots de 100\u00a0livres ou moins, 35 $\u00a0 ; lots de plus de 100\u00a0livres jusqu\u2019\u00e0 1 000\u00a0livres, 35 $ plus 0,06 $ pour chaque livre de plus de 100\u00a0livres\u00a0 ; et pour les lots de plus de 1 000\u00a0livres, 89 $ plus 0,02 $ pour chaque livre de plus de 1 000\u00a0livres. <\/span><span data-ccp-props=\"{&quot;201341983&quot;:0,&quot;335559685&quot;:0,&quot;335559739&quot;:160,&quot;335559740&quot;:257}\"><\/span><\/p>\n<p><span data-contrast=\"none\">Le 2\u00a0novembre 2022, la FDA a propos\u00e9 une augmentation des frais de certification des lots de couleurs pour couvrir l\u2019augmentation des co\u00fbts d\u2019exploitation du programme. \u00c0 ce jour, cette augmentation propos\u00e9e n\u2019a pas \u00e9t\u00e9 finalis\u00e9e.<\/span><span data-ccp-props=\"{&quot;201341983&quot;:0,&quot;335559685&quot;:0,&quot;335559739&quot;:160,&quot;335559740&quot;:257}\"><\/span>[\/vc_column_text][\/vc_tta_section][vc_tta_section title=&#8221;Quelles sont les proc\u00e9dures qu\u2019une entreprise doit suivre pour certifier les couleurs\u00a0\u00a0?&#8221; tab_id=&#8221;faq4&#8243; el_class=&#8221;prior-faq-sec&#8221;][vc_column_text]<span data-contrast=\"none\">Afin de certifier les couleurs aupr\u00e8s de la FDA, une entreprise doit \u00e9tablir un compte d\u2019additif de couleur aupr\u00e8s de la FDA. Les soci\u00e9t\u00e9s non am\u00e9ricaines doivent \u00e9galement d\u00e9signer un agent am\u00e9ricain qui \u00ab\u00a0acceptera la responsabilit\u00e9\u00a0\u00bb pour tous les \u00e9chantillons soumis pour certification.<\/span><span data-ccp-props=\"{&quot;201341983&quot;:0,&quot;335559685&quot;:0,&quot;335559739&quot;:160,&quot;335559740&quot;:257}\"><\/span><\/p>\n<p><span data-contrast=\"none\">Une fois le compte d\u2019additif de couleur \u00e9tabli, une soci\u00e9t\u00e9 se verra accorder l\u2019acc\u00e8s au syst\u00e8me en ligne de la FDA par lequel les demandes de certification par lots peuvent \u00eatre soumises. Pour utiliser le syst\u00e8me en ligne, les frais de certification doivent \u00eatre envoy\u00e9s \u00e0 la FDA et attribu\u00e9s au compte d\u2019additif de couleur.<\/span><span data-ccp-props=\"{&quot;201341983&quot;:0,&quot;335559685&quot;:0,&quot;335559739&quot;:160,&quot;335559740&quot;:257}\"><\/span><\/p>\n<p><span data-contrast=\"none\">Une fois les frais re\u00e7us, une soci\u00e9t\u00e9 peut soumettre des demandes et envoyer les \u00e9chantillons \u00e0 la FDA pour analyse. L\u2019agent am\u00e9ricain utilise \u00e9galement le syst\u00e8me en ligne pour accepter la responsabilit\u00e9 des \u00e9chantillons. La FDA publiera les r\u00e9sultats des tests dans le syst\u00e8me et effectuera un suivi par courrier avec les certificats papier pour les lots.<\/span><span data-ccp-props=\"{&quot;201341983&quot;:0,&quot;335559685&quot;:0,&quot;335559739&quot;:160,&quot;335559740&quot;:257}\"><\/span>[\/vc_column_text][\/vc_tta_section][vc_tta_section title=&#8221;Quels sont les exemples d\u2019additifs de couleur qui n\u00e9cessitent une certification par lots\u00a0\u00a0?&#8221; tab_id=&#8221;faq5&#8243; el_class=&#8221;prior-faq-sec&#8221;][vc_column_text]<span data-contrast=\"none\">De nombreux additifs de couleur utilis\u00e9s dans le monde entier sont soumis \u00e0 la certification par lots de la FDA. Il est tr\u00e8s courant que les entreprises qui envoient des produits de ces couleurs aux \u00c9tats-Unis subissent des exp\u00e9ditions d\u00e9tenues et un refus d\u2019entr\u00e9e lorsqu\u2019elles ne peuvent pas prouver que les produits ont \u00e9t\u00e9 fabriqu\u00e9s avec des couleurs certifi\u00e9es.<\/span><span data-ccp-props=\"{&quot;201341983&quot;:0,&quot;335559685&quot;:0,&quot;335559739&quot;:160,&quot;335559740&quot;:257}\"><\/span><\/p>\n<p><span data-contrast=\"none\">Par exemple, Allura Red, Tartrazine et Sunset Yellow doivent \u00eatre certifi\u00e9s FD&amp;C Red 40, FD&amp;C Yellow No. 5\u00a0et FD&amp;C Yellow No. 6.<\/span><span data-ccp-props=\"{&quot;201341983&quot;:0,&quot;335559685&quot;:0,&quot;335559739&quot;:160,&quot;335559740&quot;:257}\"><\/span>[\/vc_column_text][\/vc_tta_section][vc_tta_section title=&#8221;Quelle taille d\u2019\u00e9chantillon dois-je pr\u00e9lever\u00a0\u00a0?&#8221; tab_id=&#8221;faq6&#8243; el_class=&#8221;prior-faq-sec&#8221;][vc_column_text]<span data-contrast=\"none\">Un \u00e9chantillon de couleur droite ou de lac doit \u00eatre de 4\u00a0onces. Un \u00e9chantillon de reconditionnement ou de m\u00e9lange doit \u00eatre de 2\u00a0onces. La FDA pr\u00e9f\u00e8re que les entreprises utilisent des conteneurs sp\u00e9cifiques que l\u2019agence envoie \u00e0 l\u2019entreprise lorsque le compte d\u2019additif de couleur est \u00e9tabli. Le fait de ne pas utiliser les r\u00e9cipients de la FDA peut retarder le processus ou entra\u00eener le rejet de l\u2019\u00e9chantillon.<\/span><span data-ccp-props=\"{&quot;201341983&quot;:0,&quot;335559685&quot;:0,&quot;335559739&quot;:160,&quot;335559740&quot;:257}\"><\/span>[\/vc_column_text][\/vc_tta_section][vc_tta_section title=&#8221;Que dois-je faire pendant que la FDA analyse mon \u00e9chantillon\u00a0\u00a0?&#8221; tab_id=&#8221;faq7&#8243; el_class=&#8221;prior-faq-sec&#8221;][vc_column_text]<span data-contrast=\"none\">Les r\u00e9glementations de la FDA exigent que votre lot soit maintenu sous contr\u00f4le strict en attente de certification. Il doit \u00eatre stock\u00e9 dans des r\u00e9cipients qui emp\u00eacheront un changement de composition et maintenus sous le contr\u00f4le de la personne demandant la certification.<\/span><span data-ccp-props=\"{&quot;201341983&quot;:0,&quot;335559685&quot;:0,&quot;335559739&quot;:160,&quot;335559740&quot;:257}\"><\/span><\/p>\n<p><span data-contrast=\"none\">Les \u00e9chantillons doivent \u00eatre marqu\u00e9s de mani\u00e8re \u00e0 ce qu\u2019il soit clair qu\u2019ils ne doivent pas \u00eatre utilis\u00e9s tant que la certification n\u2019est pas termin\u00e9e. La FDA a refus\u00e9 de certifier les additifs de couleur dans les cas o\u00f9 l\u2019agence a des raisons de croire qu\u2019ils ne sont pas d\u00e9tenus sous le contr\u00f4le du demandeur.<\/span><span data-ccp-props=\"{&quot;201341983&quot;:0,&quot;335559685&quot;:0,&quot;335559739&quot;:160,&quot;335559740&quot;:257}\"><\/span><\/p>\n<p><span data-contrast=\"none\">Une fois la certification termin\u00e9e, le lot doit \u00eatre conserv\u00e9 pour maintenir sa composition appropri\u00e9e jusqu\u2019\u00e0 ce qu\u2019il soit utilis\u00e9 dans un aliment, un m\u00e9dicament ou un produit cosm\u00e9tique.<\/span><span data-ccp-props=\"{&quot;201341983&quot;:0,&quot;335559685&quot;:0,&quot;335559739&quot;:160,&quot;335559740&quot;:257}\"><\/span>[\/vc_column_text][\/vc_tta_section][vc_tta_section title=&#8221;Qu\u2019est-ce qu\u2019un \u00ab\u00a0num\u00e9ro de lot unique\u00a0\u00bb\u00a0\u00a0?&#8221; tab_id=&#8221;faq8&#8243; el_class=&#8221;prior-faq-sec&#8221;][vc_column_text]<span data-contrast=\"none\">Si un lot r\u00e9ussit et est certifi\u00e9, la FDA attribuera au lot un num\u00e9ro de lot unique. Ce num\u00e9ro doit \u00eatre ajout\u00e9 \u00e0 l\u2019\u00e9tiquetage et r\u00e9f\u00e9renc\u00e9 si la FDA demande une preuve de certification.<\/span><span data-ccp-props=\"{&quot;201341983&quot;:0,&quot;335559685&quot;:0,&quot;335559739&quot;:160,&quot;335559740&quot;:257}\"><\/span><\/p>\n<p><span data-contrast=\"none\">Toute entreprise achetant un additif de couleur certifiable pour une utilisation dans un produit fini destin\u00e9 au march\u00e9 am\u00e9ricain doit s\u2019assurer qu\u2019elle re\u00e7oit le num\u00e9ro de lot unique dans le cas o\u00f9 la FDA le demande lors d\u2019une inspection au port.<\/span><span data-ccp-props=\"{&quot;201341983&quot;:0,&quot;335559685&quot;:0,&quot;335559739&quot;:160,&quot;335559740&quot;:257}\"><\/span>[\/vc_column_text][\/vc_tta_section][\/vc_tta_accordion][\/vc_column][\/vc_row]\n<\/div>","protected":false},"excerpt":{"rendered":"<p>[vc_row full_width=&#8221;stretch_row&#8221; css=&#8221;.vc_custom_1726759153635{padding-top: 70px !important;background-color: #ffffff !important;}&#8221; el_class=&#8221;vertical-text-align hero-section&#8221;][vc_column width=&#8221;1\/2&#8243; css=&#8221;.vc_custom_1688990185635{padding-top: 50px !important;}&#8221; el_class=&#8221;color-additive-header&#8221;][vc_custom_heading text=&#8221;Restez en conformit\u00e9 avec les services d\u2019additifs de couleur de la FDA de Registrar Corp.&#8221; font_container=&#8221;tag:h1|font_size:46px|text_align:left|color:%23003873|line_height:56px&#8221; google_fonts=&#8221;font_family:Montserrat%3Aregular%2C700|font_style:700%20bold%20regular%3A700%3Anormal&#8221;][vc_column_text fnt_family=&#8221;Montserrat&#8221; fnt_size=&#8221;18px&#8221; fnt_family_h4=&#8221;Montserrat&#8221; fnt_size_h4=&#8221;24px&#8221;]\u00c9vitez de perdre d\u2019innombrables heures \u00e0 rechercher les exigences \u00e9tendues de la FDA en mati\u00e8re d\u2019additifs de couleur et obtenez des<\/p>\n","protected":false},"author":33,"featured_media":0,"parent":13743,"menu_order":0,"comment_status":"closed","ping_status":"closed","template":"page-templates\/page-sidebar-none.php","meta":{"_acf_changed":false,"content-type":"","footnotes":""},"class_list":["post-12088","page","type-page","status-publish","hentry"],"acf":[],"_links":{"self":[{"href":"https:\/\/dev.registrarcorp.com\/fr\/wp-json\/wp\/v2\/pages\/12088","targetHints":{"allow":["GET"]}}],"collection":[{"href":"https:\/\/dev.registrarcorp.com\/fr\/wp-json\/wp\/v2\/pages"}],"about":[{"href":"https:\/\/dev.registrarcorp.com\/fr\/wp-json\/wp\/v2\/types\/page"}],"author":[{"embeddable":true,"href":"https:\/\/dev.registrarcorp.com\/fr\/wp-json\/wp\/v2\/users\/33"}],"replies":[{"embeddable":true,"href":"https:\/\/dev.registrarcorp.com\/fr\/wp-json\/wp\/v2\/comments?post=12088"}],"version-history":[{"count":0,"href":"https:\/\/dev.registrarcorp.com\/fr\/wp-json\/wp\/v2\/pages\/12088\/revisions"}],"up":[{"embeddable":true,"href":"https:\/\/dev.registrarcorp.com\/fr\/wp-json\/wp\/v2\/pages\/13743"}],"wp:attachment":[{"href":"https:\/\/dev.registrarcorp.com\/fr\/wp-json\/wp\/v2\/media?parent=12088"}],"curies":[{"name":"wp","href":"https:\/\/api.w.org\/{rel}","templated":true}]}}