{"id":12815,"date":"2023-06-20T10:41:12","date_gmt":"2023-06-20T10:41:12","guid":{"rendered":"https:\/\/staging.registrarcorp.com\/certificate-of-registration\/"},"modified":"2025-02-17T20:55:39","modified_gmt":"2025-02-17T20:55:39","slug":"fda-certificate-registration","status":"publish","type":"page","link":"https:\/\/dev.registrarcorp.com\/fr\/services\/fda-certificate-registration\/","title":{"rendered":"Certificat d\u2019Enregistrement"},"content":{"rendered":"<div class=\"wpb-content-wrapper\">[vc_section el_class=&#8221;banner-section&#8221;][vc_row full_width=&#8221;stretch_row&#8221; content_placement=&#8221;middle&#8221; css=&#8221;.vc_custom_1726758894671{padding-top: 50px !important;padding-bottom: 25px !important;background-color: #ffffff !important;}&#8221; el_class=&#8221;topContainer row-wdith hero-section&#8221; el_id=&#8221;headerRow&#8221;][vc_column width=&#8221;1\/2&#8243;][vc_column_text]\n<h1 class=\"bnr-heading\">Obtenir un certificat d\u2019enregistrement aupr\u00e8s de la FDA<span style=\"color: #0081ff;\"> Registrar Corp.<\/span><\/h1>\n[\/vc_column_text][vc_column_text fnt_family=&#8221;Montserrat&#8221; fnt_size=&#8221;24&#8243;]Les importateurs et les acheteurs am\u00e9ricains de marchandises r\u00e9glement\u00e9es par la FDA demandent souvent un certificat d\u2019enregistrement aupr\u00e8s de leurs fournisseurs, un document que la FDA ne fournit pas. Pour aider nos clients \u00e0 v\u00e9rifier leur conformit\u00e9, nous offrons gratuitement des certificats d\u2019enregistrement tiers.[\/vc_column_text][vc_btn title=&#8221;Obtenir votre certificat d\u2019inscription&#8221; color=&#8221;sky&#8221; i_align=&#8221;right&#8221; i_icon_fontawesome=&#8221;fas fa-arrow-right&#8221; add_icon=&#8221;true&#8221; el_class=&#8221;primary-btn&#8221; link=&#8221;url:%23already-registered|&#8221;][\/vc_column][vc_column width=&#8221;1\/2&#8243; el_class=&#8221;container-right&#8221;][vc_single_image image=&#8221;5868&#8243; img_size=&#8221;full&#8221; alignment=&#8221;center&#8221;][\/vc_column][\/vc_row][vc_row full_width=&#8221;stretch_row&#8221; content_placement=&#8221;middle&#8221; css=&#8221;.vc_custom_1687254289263{padding-top: 40px !important;padding-bottom: 20px !important;background-color: #f4f4f4 !important;}&#8221; el_class=&#8221;topContainer row-wdith&#8221;][vc_column width=&#8221;1\/2&#8243;][vc_column_text]\n<h2 class=\"bnr-heading2\">Comment puis-je obtenir un certificat d\u2019inscription\u00a0?<\/h2>\n[\/vc_column_text][vc_column_text fnt_family=&#8221;Montserrat&#8221;]\n<div>\n<div class=\"p-main-list\">\n<div class=\"p-list-icon\"><img decoding=\"async\" class=\"alignnone size-full wp-image-1609\" src=\"https:\/\/dev.registrarcorp.com\/wp-content\/uploads\/2023\/06\/fda-reg-icon1.png\" alt=\"fabrication\"\/><\/div>\n<p><span class=\"txt18\">Les entreprises fabriquant des produits r\u00e9glement\u00e9es par la Food and Drug Administration (FDA) des \u00c9tats-Unis doivent enregistrer leurs \u00e9tablissements aupr\u00e8s de la FDA et renouveler r\u00e9guli\u00e8rement leurs enregistrements.<\/span><\/p>\n<\/div>\n<div class=\"p-main-list\">\n<div class=\"p-list-icon\"><img decoding=\"async\" class=\"alignnone size-full wp-image-1601\" src=\"https:\/\/dev.registrarcorp.com\/wp-content\/uploads\/2023\/06\/fda-reg-icon2.png\" alt=\"duns\"\/><\/div>\n<p><span class=\"txt18\">Selon votre secteur d\u2019activit\u00e9, il peut \u00e9galement \u00eatre n\u00e9cessaire d\u2019obtenir et de maintenir un num\u00e9ro DUNS (Data Universal Numbering System) via Dun &amp; Bradstreet.<\/span><\/p>\n<\/div>\n<div class=\"p-main-list\">\n<div class=\"p-list-icon\"><img decoding=\"async\" class=\"alignnone wp-image-1593 size-full\" src=\"https:\/\/dev.registrarcorp.com\/wp-content\/uploads\/2023\/06\/fda-reg-icon3.png\" alt=\"Enregistrement FDA\"\/><\/div>\n<p><span class=\"txt18\">Une fois que votre \u00e9tablissement a \u00e9t\u00e9 enregistr\u00e9 avec succ\u00e8s, la FDA \u00e9mettra votre num\u00e9ro d\u2019enregistrement, mais aucun certificat d\u2019enregistrement, m\u00eame si de nombreux acheteurs ou importateurs demandent la confirmation d\u2019enregistrement aux fournisseurs.<\/span><\/p>\n<\/div>\n<div class=\"p-main-list\">\n<div class=\"p-list-icon\"><img decoding=\"async\" class=\"alignnone wp-image-1585 size-full\" src=\"https:\/\/dev.registrarcorp.com\/wp-content\/uploads\/2023\/06\/fda-reg-icon4.png\" alt=\"confirmFDA\"\/><\/div>\n<p><span class=\"txt18\">Un moyen rapide et facile de confirmer votre enregistrement aupr\u00e8s de la FDA consiste \u00e0 demander un certificat d\u2019enregistrement aupr\u00e8s d\u2019un tiers tel que Registrar Corp.<\/span><\/p>\n<\/div>\n<\/div>\n[\/vc_column_text][\/vc_column][vc_column width=&#8221;1\/2&#8243; el_class=&#8221;container-right&#8221;][vc_single_image image=&#8221;5908&#8243; img_size=&#8221;full&#8221; alignment=&#8221;center&#8221;][\/vc_column][\/vc_row][vc_row full_width=&#8221;stretch_row&#8221; content_placement=&#8221;middle&#8221; css=&#8221;.vc_custom_1689353470126{padding-top: 40px !important;padding-bottom: 25px !important;background-color: #ffffff !important;}&#8221; el_class=&#8221;topContainer row-wdith&#8221; el_id=&#8221;already-registered&#8221;][vc_column width=&#8221;1\/2&#8243; el_class=&#8221;container-right&#8221;][vc_single_image image=&#8221;5916&#8243; img_size=&#8221;full&#8221; alignment=&#8221;center&#8221;][\/vc_column][vc_column width=&#8221;1\/2&#8243;][vc_column_text fnt_size=&#8221;32&#8243; el_class=&#8221;text-capitalize&#8221;]\n<div class=\"p-main-list\">\n<div class=\"p-list-icon\"><img decoding=\"async\" class=\"alignnone size-full wp-image-1609\" src=\"https:\/\/dev.registrarcorp.com\/wp-content\/uploads\/2023\/06\/fda-reg-icon5.png\" alt=\"Enregistrement FDA\"\/><\/div>\n<p><span class=\"bnr-heading2\">D\u00e9j\u00e0 enregistr\u00e9 aupr\u00e8s de la FDA\u00a0?<\/span><\/p>\n<\/div>\n[\/vc_column_text][vc_column_text css=&#8221;.vc_custom_1739797682636{padding-left: 55px !important;}&#8221; fnt_family=&#8221;Montserrat&#8221;]\n<div class=\"txt18\">\n<p>Registrar Corp peut fournir un certificat d\u2019enregistrement tiers pour confirmer votre enregistrement FDA valide aux acheteurs, courtiers en douane et fournisseurs. Nous proposons des certificats d\u2019enregistrement pour les secteurs suivants\u00a0:<\/p>\n<p>Compl\u00e9ment alimentaire, boissons et compl\u00e9ments alimentaires<a href=\"https:\/\/dev.registrarcorp.com\/fr\/services\/fda-certificate-registration\/\">Obtenir le certificat<\/a>M\u00e9dicament<a href=\"https:\/\/dev.registrarcorp.com\/fr\/services\/fda-certificate-registration\/drugs-certificate-of-u-s-fda-registration\/\">Obtenir le certificat<\/a>Cosm\u00e9tique<a href=\"https:\/\/dev.registrarcorp.com\/fr\/services\/fda-certificate-registration\/cosmetics-certificate-of-u-s-fda-registration\/\">Obtenir le certificat<\/a><\/p>\n<\/div>\n[\/vc_column_text][\/vc_column][\/vc_row][vc_row full_width=&#8221;stretch_row&#8221; content_placement=&#8221;middle&#8221; css=&#8221;.vc_custom_1687254289263{padding-top: 40px !important;padding-bottom: 20px !important;background-color: #f4f4f4 !important;}&#8221; el_class=&#8221;topContainer row-wdith&#8221;][vc_column width=&#8221;1\/2&#8243;][vc_column_text fnt_size=&#8221;32&#8243; el_class=&#8221;text-capitalize&#8221;]\n<div class=\"p-main-list\">\n<div class=\"p-list-icon\"><img decoding=\"async\" class=\"alignnone size-full wp-image-1609\" src=\"https:\/\/dev.registrarcorp.com\/wp-content\/uploads\/2023\/06\/fda-reg-icon6.png\" alt=\"Enregistrement FDA\"\/><\/div>\n<p><span class=\"bnr-heading2\">Pas encore enregistr\u00e9 aupr\u00e8s de la FDA\u00a0?<\/span><\/p>\n<\/div>\n[\/vc_column_text][vc_column_text css=&#8221;.vc_custom_1689353373413{padding-left: 55px !important;}&#8221; fnt_family=&#8221;Montserrat&#8221; fnt_size=&#8221;18px&#8221;]Registrar Corp soutient tous les secteurs r\u00e9glement\u00e9s par la FDA avec des services d\u2019enregistrement de la FDA, y compris les \u00e9tablissements  alimentaires, pharmaceutiques, de dispositifs m\u00e9dicaux, cosm\u00e9tiques, biologiques et de dispositifs \u00e9mettant des rayonnements (RED) ou \u00e9lectroniques.<\/p>\n<p>Nous agissons en tant qu\u2019agent am\u00e9ricain pour les communications avec la FDA, aidant \u00e0 garantir la conformit\u00e9 de votre \u00e9tablissement aux r\u00e9glementations de la FDA.<\/p>\n<p>Nos services d\u2019enregistrement aupr\u00e8s de la FDA comprennent\u00a0:<\/p>\n<ul>\n<li>Assistance pour l\u2019enregistrement et le renouvellement \u00e0 la FDA<\/li>\n<li>Assistance num\u00e9ro DUNS<\/li>\n<li>Assistance en cas de d\u00e9tention<\/li>\n<li>Soumission de Prior Notice <\/li>\n<li>R\u00e9duction pour un audit \u00e0 blanc FDA <\/li>\n<li>R\u00e9vision de MMR<\/li>\n<li>Signalement \u00e9lectronique des dispositifs m\u00e9dicaux (eMDR)<\/li>\n<\/ul>\n<p>Une fois que votre \u00e9tablissement a \u00e9t\u00e9 enregistr\u00e9 aupr\u00e8s de la FDA, nous pouvons fournir un certificat d\u2019enregistrement pour votre \u00e9tablissement alimentaire, pharmaceutique ou cosm\u00e9tique.<br \/>\n[\/vc_column_text][vc_btn title=&#8221;Enregistrez votre \u00e9tablissement d\u00e8s aujourd\u2019hui&#8221; color=&#8221;sky&#8221; i_align=&#8221;right&#8221; i_icon_fontawesome=&#8221;fas fa-arrow-right&#8221; css=&#8221;.vc_custom_1724956090808{padding-left: 70px !important;}&#8221; add_icon=&#8221;true&#8221; el_class=&#8221;primary-btn&#8221; link=&#8221;url:https%3A%2F%2Fdev.registrarcorp.com%2Ffr%2Ffda-registration-form%2F|&#8221;][\/vc_column][vc_column width=&#8221;1\/2&#8243; el_class=&#8221;container-right&#8221;][vc_single_image image=&#8221;5941&#8243; img_size=&#8221;full&#8221; alignment=&#8221;center&#8221;][\/vc_column][\/vc_row][\/vc_section]\n<\/div>","protected":false},"excerpt":{"rendered":"<p>[vc_section el_class=&#8221;banner-section&#8221;][vc_row full_width=&#8221;stretch_row&#8221; content_placement=&#8221;middle&#8221; css=&#8221;.vc_custom_1726758894671{padding-top: 50px !important;padding-bottom: 25px !important;background-color: #ffffff !important;}&#8221; el_class=&#8221;topContainer row-wdith hero-section&#8221; el_id=&#8221;headerRow&#8221;][vc_column width=&#8221;1\/2&#8243;][vc_column_text] Obtenir un certificat d\u2019enregistrement aupr\u00e8s de la FDA Registrar Corp. [\/vc_column_text][vc_column_text fnt_family=&#8221;Montserrat&#8221; fnt_size=&#8221;24&#8243;]Les importateurs et les acheteurs am\u00e9ricains de marchandises r\u00e9glement\u00e9es par la FDA demandent souvent un certificat d\u2019enregistrement aupr\u00e8s de leurs fournisseurs, un document que la FDA ne<\/p>\n","protected":false},"author":40,"featured_media":0,"parent":14841,"menu_order":0,"comment_status":"closed","ping_status":"closed","template":"page-templates\/page-sidebar-none.php","meta":{"_acf_changed":false,"content-type":"","footnotes":""},"class_list":["post-12815","page","type-page","status-publish","hentry"],"acf":[],"_links":{"self":[{"href":"https:\/\/dev.registrarcorp.com\/fr\/wp-json\/wp\/v2\/pages\/12815","targetHints":{"allow":["GET"]}}],"collection":[{"href":"https:\/\/dev.registrarcorp.com\/fr\/wp-json\/wp\/v2\/pages"}],"about":[{"href":"https:\/\/dev.registrarcorp.com\/fr\/wp-json\/wp\/v2\/types\/page"}],"author":[{"embeddable":true,"href":"https:\/\/dev.registrarcorp.com\/fr\/wp-json\/wp\/v2\/users\/40"}],"replies":[{"embeddable":true,"href":"https:\/\/dev.registrarcorp.com\/fr\/wp-json\/wp\/v2\/comments?post=12815"}],"version-history":[{"count":0,"href":"https:\/\/dev.registrarcorp.com\/fr\/wp-json\/wp\/v2\/pages\/12815\/revisions"}],"up":[{"embeddable":true,"href":"https:\/\/dev.registrarcorp.com\/fr\/wp-json\/wp\/v2\/pages\/14841"}],"wp:attachment":[{"href":"https:\/\/dev.registrarcorp.com\/fr\/wp-json\/wp\/v2\/media?parent=12815"}],"curies":[{"name":"wp","href":"https:\/\/api.w.org\/{rel}","templated":true}]}}