{"id":13947,"date":"2023-05-15T12:47:29","date_gmt":"2023-05-15T12:47:29","guid":{"rendered":"https:\/\/staging.registrarcorp.com\/other-industries\/"},"modified":"2025-06-03T19:43:28","modified_gmt":"2025-06-03T19:43:28","slug":"other-industries","status":"publish","type":"page","link":"https:\/\/dev.registrarcorp.com\/fr\/industries\/other-industries\/","title":{"rendered":"Autres secteurs"},"content":{"rendered":"<div class=\"wpb-content-wrapper\">[vc_section full_width=&#8221;stretch_row&#8221; css=&#8221;.vc_custom_1684235389613{padding-top: 80px !important;padding-bottom: 50px !important;background-color: #ffffff !important;}&#8221;][vc_row content_placement=&#8221;middle&#8221; el_class=&#8221;hero-section&#8221;][vc_column width=&#8221;1\/2&#8243;][vc_custom_heading text=&#8221;Services de conformit\u00e9 et d\u2019enregistrement&#8221; font_container=&#8221;tag:h1|font_size:46|text_align:left|color:%23003873&#8243; google_fonts=&#8221;font_family:Montserrat%3Aregular%2C700|font_style:700%20bold%20regular%3A700%3Anormal&#8221; css=&#8221;.vc_custom_1742480651459{margin-bottom: 0px !important;}&#8221;][vc_custom_heading text=&#8221;pour d\u2019autres secteurs.&#8221; font_container=&#8221;tag:h2|font_size:46|text_align:left|color:%230081ff&#8221; google_fonts=&#8221;font_family:Montserrat%3Aregular%2C700|font_style:700%20bold%20regular%3A700%3Anormal&#8221;][vc_column_text fnt_family=&#8221;Montserrat&#8221; fnt_size=&#8221;24&#8243;]Nous vous aidons \u00e0 assurer la conformit\u00e9 dans votre secteur industriel. Registrar Corp offre des services d\u2019assistance r\u00e9glementaire de la FDA aux fabricants de dispositifs \u00e9lectroniques \u00e9mettant des radiations (RED), de tabac et de produits biologiques.[\/vc_column_text][vc_btn title=&#8221;D\u00e9couvrez nos services&#8221; i_align=&#8221;right&#8221; i_icon_fontawesome=&#8221;fas fa-arrow-right&#8221; add_icon=&#8221;true&#8221; link=&#8221;url:%23red|&#8221; el_class=&#8221;primary-btn&#8221;][\/vc_column][vc_column width=&#8221;1\/2&#8243;][vc_single_image image=&#8221;53665&#8243; img_size=&#8221;full&#8221; alignment=&#8221;center&#8221; css=&#8221;&#8221;][\/vc_column][\/vc_row][\/vc_section][vc_section content_placement=&#8221;middle&#8221; css=&#8221;.vc_custom_1703687096566{padding-top: 80px !important;padding-bottom: 50px !important;}&#8221; el_id=&#8221;red&#8221;][vc_row content_placement=&#8221;middle&#8221;][vc_column width=&#8221;1\/2&#8243;][vc_single_image image=&#8221;53674&#8243; img_size=&#8221;full&#8221; alignment=&#8221;center&#8221; css=&#8221;&#8221;][\/vc_column][vc_column width=&#8221;1\/2&#8243;][vc_custom_heading text=&#8221;Dispositifs \u00c9lectroniques \u00e9mettant des Radiations (RED)&#8221; font_container=&#8221;tag:h2|font_size:40|text_align:left|color:%23003873&#8243; google_fonts=&#8221;font_family:Montserrat%3Aregular%2C700|font_style:700%20bold%20regular%3A700%3Anormal&#8221;][vc_column_text css=&#8221;.vc_custom_1684322315077{margin-bottom: 30px !important;}&#8221; fnt_family=&#8221;Montserrat&#8221; fnt_size=&#8221;18&#8243;]Restez au fait des exigences de la FDA pour les REDs. Registrar Corp soutient les fabricants de dispositifs \u00e9lectroniques en proposant des services de conformit\u00e9 FDA, comprenant le service d\u2019agent U.S. for Service of Process, les soumissions de num\u00e9ro Accession Number \u00e0 la FDA, les revues d\u2019\u00e9tiquetages et les rapports annuels et de produits.[\/vc_column_text][vc_btn title=&#8221;En savoir plus sur les REDs&#8221; i_align=&#8221;right&#8221; i_icon_fontawesome=&#8221;fas fa-arrow-right&#8221; add_icon=&#8221;true&#8221; link=&#8221;url:https%3A%2F%2Fdev.registrarcorp.com%2Ffr%2Fservices%2Fradiation-emitting-device-reporting%2F|&#8221; el_class=&#8221;secondary-btn&#8221;][\/vc_column][\/vc_row][\/vc_section][vc_section full_width=&#8221;stretch_row&#8221; css=&#8221;.vc_custom_1703687049088{padding-top: 80px !important;padding-bottom: 50px !important;background-color: #ffffff !important;}&#8221; el_id=&#8221;tobacco&#8221;][vc_row content_placement=&#8221;middle&#8221; css=&#8221;.vc_custom_1684236240540{padding-top: 80px !important;padding-bottom: 50px !important;}&#8221;][vc_column width=&#8221;1\/2&#8243;][vc_custom_heading text=&#8221;Tabac&#8221; font_container=&#8221;tag:h2|font_size:40|text_align:left|color:%23003873&#8243; google_fonts=&#8221;font_family:Montserrat%3Aregular%2C700|font_style:700%20bold%20regular%3A700%3Anormal&#8221;][vc_column_text fnt_family=&#8221;Montserrat&#8221; fnt_size=&#8221;16&#8243;]Enregistrez vos produits \u00e0 base de tabac pour entrer sur le march\u00e9 am\u00e9ricain. Notre \u00e9quipe de professionnels de la r\u00e9glementation peut vous aider dans l\u2019enregistrement et le renouvellement des \u00e9tablissements de la FDA, les soumissions de product listing et le reporting des ingr\u00e9dients.[\/vc_column_text][vc_btn title=&#8221;Enregistrez-vous d\u00e8s aujourd\u2019hui&#8221; i_align=&#8221;right&#8221; i_icon_fontawesome=&#8221;fas fa-arrow-right&#8221; add_icon=&#8221;true&#8221; link=&#8221;url:https%3A%2F%2Fdev.registrarcorp.com%2Ffr%2Ffda-registration-form%2F|title:Enregistrez-vous%20d%C3%A8s%20aujourd%E2%80%99hui|&#8221; el_class=&#8221;secondary-btn&#8221;][\/vc_column][vc_column width=&#8221;1\/2&#8243;][vc_single_image image=&#8221;53684&#8243; img_size=&#8221;full&#8221; css=&#8221;&#8221;][\/vc_column][\/vc_row][\/vc_section][vc_section css=&#8221;.vc_custom_1703687065060{padding-top: 80px !important;padding-bottom: 50px !important;}&#8221; el_id=&#8221;biologics&#8221;][vc_row content_placement=&#8221;middle&#8221;][vc_column width=&#8221;1\/2&#8243;][vc_single_image image=&#8221;53693&#8243; img_size=&#8221;full&#8221; alignment=&#8221;center&#8221; css=&#8221;&#8221;][\/vc_column][vc_column width=&#8221;1\/2&#8243;][vc_custom_heading text=&#8221;Substances biologiques&#8221; font_container=&#8221;tag:h2|font_size:40|text_align:left|color:%23003873&#8243; google_fonts=&#8221;font_family:Montserrat%3Aregular%2C700|font_style:700%20bold%20regular%3A700%3Anormal&#8221;][vc_column_text fnt_family=&#8221;Montserrat&#8221; fnt_size=&#8221;16&#8243;]Que vous fabriquiez des allerg\u00e8nes, des produits sanguins ou des vaccins, Registrar Corp peut vous aider \u00e0 rester en conformit\u00e9 avec la FDA. Nous aidons les soci\u00e9t\u00e9s de produits biologiques avec l\u2019enregistrement FDA des \u00e9tablissements de sang, le renouvellement annuel, ainsi que l\u2019enregistrement et le listing des cellules, tissus et produits cellulaires humains et \u00e0 base de tissus humain (HCT\/P).[\/vc_column_text][vc_btn title=&#8221;Enregistrez-vous d\u00e8s aujourd\u2019hui&#8221; i_align=&#8221;right&#8221; i_icon_fontawesome=&#8221;fas fa-arrow-right&#8221; add_icon=&#8221;true&#8221; link=&#8221;url:https%3A%2F%2Fdev.registrarcorp.com%2Ffr%2Ffda-registration-form%2F|&#8221; el_class=&#8221;secondary-btn&#8221;][\/vc_column][\/vc_row][\/vc_section][vc_section full_width=&#8221;stretch_row&#8221; css=&#8221;.vc_custom_1684236524972{padding-top: 80px !important;padding-bottom: 50px !important;background-color: #003873 !important;}&#8221;][vc_row content_placement=&#8221;middle&#8221;][vc_column width=&#8221;1\/2&#8243;][vc_custom_heading text=&#8221;Travaillez avec Registrar Corp d\u00e8s aujourd\u2019hui.&#8221; font_container=&#8221;tag:h2|font_size:56|text_align:left|color:%23ffffff&#8221; google_fonts=&#8221;font_family:Montserrat%3Aregular%2C700|font_style:700%20bold%20regular%3A700%3Anormal&#8221;][vc_column_text fnt_family=&#8221;Montserrat&#8221; fnt_size=&#8221;24&#8243; grad_text_color1=&#8221;#ffffff&#8221;]Forts de 20 ans d\u2019exp\u00e9rience, nous nous engageons \u00e0 aider votre entreprise \u00e0 se conformer \u00e0 la FDA.[\/vc_column_text][vc_btn title=&#8221;Commencer&#8221; color=&#8221;sky&#8221; i_align=&#8221;right&#8221; i_icon_fontawesome=&#8221;fas fa-arrow-right&#8221; add_icon=&#8221;true&#8221; link=&#8221;url:https%3A%2F%2Fdev.registrarcorp.com%2Ffr%2Fcontact%2F|&#8221; el_class=&#8221;primary-btn-white&#8221;][\/vc_column][vc_column width=&#8221;1\/2&#8243;][vc_single_image image=&#8221;53702&#8243; img_size=&#8221;large&#8221; alignment=&#8221;center&#8221; css=&#8221;&#8221;][\/vc_column][\/vc_row][\/vc_section][vc_section full_width=&#8221;stretch_row&#8221; css=&#8221;.vc_custom_1727969053335{background-color: #eceff1 !important;}&#8221; el_class=&#8221;faq-accordion-section&#8221;][vc_row content_placement=&#8221;bottom&#8221; css=&#8221;.vc_custom_1700031769606{padding-top: 50px !important;}&#8221;][vc_column width=&#8221;2\/3&#8243;][vc_custom_heading text=&#8221;Foire Aux Questions&#8221; font_container=&#8221;tag:h2|font_size:40|text_align:left|color:%23003873&#8243; google_fonts=&#8221;font_family:Montserrat%3Aregular%2C700|font_style:700%20bold%20regular%3A700%3Anormal&#8221;][\/vc_column][vc_column width=&#8221;1\/3&#8243;][vc_single_image image=&#8221;1007&#8243; img_size=&#8221;medium&#8221; alignment=&#8221;right&#8221; el_class=&#8221;hide-row&#8221;][\/vc_column][\/vc_row][vc_row css=&#8221;.vc_custom_1684137364661{padding-bottom: 50px !important;}&#8221;][vc_column][vc_separator color=&#8221;black&#8221;][vc_tta_accordion section_title_tag=&#8221;h2&#8243; c_icon=&#8221;chevron&#8221; active_section=&#8221;1&#8243; no_fill=&#8221;true&#8221; collapsible_all=&#8221;true&#8221; css=&#8221;.vc_custom_1735640790470{background-color: #eceff1 !important;}&#8221; el_class=&#8221;accordion&#8221;][vc_tta_section title=&#8221;Qu\u2019est-ce qu\u2019un produit \u00e9lectronique \u00e9mettant des radiations ?&#8221; tab_id=&#8221;what-is-a-radiation&#8221; el_class=&#8221;accordion-class&#8221;][vc_column_text fnt_family=&#8221;Montserrat&#8221; fnt_size=&#8221;24&#8243; grad_text_color1=&#8221;#003873&#8243;]Les REDs sont d\u00e9finis par la FDA comme tout produit contenant un circuit \u00e9lectronique et g\u00e9n\u00e9rant tout type de radiation, tel que la radiation X (rayons X), les micro-ondes, les ondes radio (radiofr\u00e9quence (RF)), les lasers, la lumi\u00e8re visible, le son, l\u2019\u00e9chographie ou la lumi\u00e8re ultraviolette. Parmi les exemples de RED, on peut citer les syst\u00e8mes \u00e0 rayons X de diagnostic, les produits laser, les spectacles de lumi\u00e8re laser et les fours \u00e0 micro-ondes.<\/p>\n<p>Les termes juridiques et les d\u00e9finitions des RED sont disponibles <a href=\"https:\/\/www.govinfo.gov\/content\/pkg\/USCODE-2010-title21\/html\/USCODE-2010-title21-chap9-subchapV-partC-sec360ii.htm\" target=\"_blank\" rel=\"noopener\">ici<\/a>.[\/vc_column_text][\/vc_tta_section][vc_tta_section title=&#8221;Comment la FDA v\u00e9rifie-t-elle la conformit\u00e9 aux exigences relatives aux produits \u00e9lectroniques \u00e9mettant des radiations\u00a0?&#8221; tab_id=&#8221;how-does-FDA-verify-compliance-with-Radiation&#8221; el_class=&#8221;accordion-class&#8221;][vc_column_text]Les r\u00e9viseurs d\u2019entr\u00e9e de la FDA utilisent les informations fournies \u00e0 la FDA par les importateurs avant l\u2019entr\u00e9e, qui comprennent\u00a0:<\/p>\n<ul>\n<li>Fabricant d\u00e9clar\u00e9<\/li>\n<li>Description du produit<\/li>\n<li>Affirmations de conformit\u00e9 (A de C)<\/li>\n<\/ul>\n<p>La conformit\u00e9 de ces d\u00e9clarations d\u2019entr\u00e9e est ensuite v\u00e9rifi\u00e9e en les comparant aux informations contenues dans les syst\u00e8mes de donn\u00e9es internes de la FDA. [\/vc_column_text][\/vc_tta_section][vc_tta_section title=&#8221;Existe-t-il des exigences suppl\u00e9mentaires pour les produits m\u00e9dicaux \u00e9lectroniques \u00e9mettant des radiations ?&#8221; tab_id=&#8221;are-there-additional-requirements&#8221; el_class=&#8221;accordion-class&#8221;][vc_column_text]Oui. Les RED m\u00e9dicaux doivent respecter les r\u00e9glementations de la FDA pour les dispositifs m\u00e9dicaux ainsi que les r\u00e9glementations RED. [\/vc_column_text][\/vc_tta_section][vc_tta_section title=&#8221;Qu\u2019est-ce qu\u2019un produit du tabac\u00a0?&#8221; tab_id=&#8221;what-is-a-tobacco-product&#8221; el_class=&#8221;accordion-class&#8221;][vc_column_text]La FDA d\u00e9finit le \u00ab\u00a0produit du tabac\u00a0\u00bb comme \u00ab\u00a0tout produit fabriqu\u00e9 ou d\u00e9riv\u00e9 du tabac destin\u00e9 \u00e0 la consommation humaine, y compris tout composant, pi\u00e8ce ou accessoire d\u2019un produit du tabac (\u00e0 l\u2019exception des mati\u00e8res premi\u00e8res autres que le tabac utilis\u00e9 dans la fabrication d\u2019un composant, pi\u00e8ce ou accessoire d\u2019un produit du tabac).\u00a0\u00bb<\/p>\n<p>Cela peut inclure, mais sans s\u2019y limiter, les cigarettes \u00e9lectroniques, les cigares, le tabac \u00e0 narguil\u00e9, le tabac \u00e0 pipe et le tabac \u00e0 rouler (RYO). [\/vc_column_text][\/vc_tta_section][vc_tta_section title=&#8221;Comment la FDA v\u00e9rifie-t-elle les exigences en mati\u00e8re de tabac au moment de l\u2019importation\u00a0?&#8221; tab_id=&#8221;how-does-FDA-verify-tobacco&#8221; el_class=&#8221;accordion-class&#8221;][vc_column_text]La FDA v\u00e9rifiera la conformit\u00e9 aux exigences suivantes pour les produits du tabac au moment de l\u2019importation\u00a0:<\/p>\n<ul>\n<li>Autorisation de mise sur le march\u00e9<\/li>\n<li>\u00c9tiquetage<\/li>\n<li>Taxes utilisateur<\/li>\n<\/ul>\n[\/vc_column_text][\/vc_tta_section][vc_tta_section title=&#8221;Comment la FDA v\u00e9rifie-t-elle la conformit\u00e9 aux exigences en mati\u00e8re de tabac\u00a0?&#8221; tab_id=&#8221;how-does-the-FDA-verify-compliance-with-tobacco&#8221; el_class=&#8221;accordion-class&#8221;][vc_column_text]La FDA examine les \u00e9tiquettes des produits du tabac pour confirmer la conformit\u00e9 r\u00e9glementaire. Les \u00e9tiquettes, l\u2019\u00e9tiquetage ou la publicit\u00e9 des produits du tabac seront examin\u00e9s pour\u00a0:<\/p>\n<ul>\n<li>Exigences g\u00e9n\u00e9rales en mati\u00e8re d\u2019\u00e9tiquetage<\/li>\n<li>Avertissement concernant la nicotine<\/li>\n<li>Descripteurs de risque modifi\u00e9s tels que \u00ab\u00a0faible\u00a0\u00bb, \u00ab\u00a0b\u00e9nin\u00bb, \u00ab\u00a0l\u00e9ger\u00a0\u00bb, ou descripteurs similaires et aucune ordonnance de la FDA en vigueur<\/li>\n<li>Avertissements publicitaires pour le tabac sans fum\u00e9e<\/li>\n<li>\u00c9tiquetage \u00e0 des fins th\u00e9rapeutiques<\/li>\n<li>Saveurs artificielles ou naturelles (autres que le tabac ou le menthol) ou une herbe ou une \u00e9pices qui caract\u00e9rise la saveur du produit du tabac ou de la fum\u00e9e de tabac<\/li>\n<\/ul>\n[\/vc_column_text][\/vc_tta_section][\/vc_tta_accordion][\/vc_column][\/vc_row][\/vc_section]\n<\/div>","protected":false},"excerpt":{"rendered":"<p>[vc_section full_width=&#8221;stretch_row&#8221; css=&#8221;.vc_custom_1684235389613{padding-top: 80px !important;padding-bottom: 50px !important;background-color: #ffffff !important;}&#8221;][vc_row content_placement=&#8221;middle&#8221; el_class=&#8221;hero-section&#8221;][vc_column width=&#8221;1\/2&#8243;][vc_custom_heading text=&#8221;Services de conformit\u00e9 et d\u2019enregistrement&#8221; font_container=&#8221;tag:h1|font_size:46|text_align:left|color:%23003873&#8243; google_fonts=&#8221;font_family:Montserrat%3Aregular%2C700|font_style:700%20bold%20regular%3A700%3Anormal&#8221; css=&#8221;.vc_custom_1742480651459{margin-bottom: 0px !important;}&#8221;][vc_custom_heading text=&#8221;pour d\u2019autres secteurs.&#8221; font_container=&#8221;tag:h2|font_size:46|text_align:left|color:%230081ff&#8221; google_fonts=&#8221;font_family:Montserrat%3Aregular%2C700|font_style:700%20bold%20regular%3A700%3Anormal&#8221;][vc_column_text fnt_family=&#8221;Montserrat&#8221; fnt_size=&#8221;24&#8243;]Nous vous aidons \u00e0 assurer la conformit\u00e9 dans votre secteur industriel. Registrar Corp offre des services d\u2019assistance r\u00e9glementaire de la FDA aux fabricants de dispositifs \u00e9lectroniques \u00e9mettant<\/p>\n","protected":false},"author":33,"featured_media":0,"parent":14867,"menu_order":0,"comment_status":"closed","ping_status":"closed","template":"page-templates\/page-sidebar-none.php","meta":{"_acf_changed":false,"content-type":"","footnotes":""},"class_list":["post-13947","page","type-page","status-publish","hentry"],"acf":[],"_links":{"self":[{"href":"https:\/\/dev.registrarcorp.com\/fr\/wp-json\/wp\/v2\/pages\/13947","targetHints":{"allow":["GET"]}}],"collection":[{"href":"https:\/\/dev.registrarcorp.com\/fr\/wp-json\/wp\/v2\/pages"}],"about":[{"href":"https:\/\/dev.registrarcorp.com\/fr\/wp-json\/wp\/v2\/types\/page"}],"author":[{"embeddable":true,"href":"https:\/\/dev.registrarcorp.com\/fr\/wp-json\/wp\/v2\/users\/33"}],"replies":[{"embeddable":true,"href":"https:\/\/dev.registrarcorp.com\/fr\/wp-json\/wp\/v2\/comments?post=13947"}],"version-history":[{"count":0,"href":"https:\/\/dev.registrarcorp.com\/fr\/wp-json\/wp\/v2\/pages\/13947\/revisions"}],"up":[{"embeddable":true,"href":"https:\/\/dev.registrarcorp.com\/fr\/wp-json\/wp\/v2\/pages\/14867"}],"wp:attachment":[{"href":"https:\/\/dev.registrarcorp.com\/fr\/wp-json\/wp\/v2\/media?parent=13947"}],"curies":[{"name":"wp","href":"https:\/\/api.w.org\/{rel}","templated":true}]}}