{"id":14084,"date":"2023-05-11T05:25:59","date_gmt":"2023-05-11T05:25:59","guid":{"rendered":"https:\/\/staging.registrarcorp.com\/prior-notice-express\/"},"modified":"2025-08-13T09:00:30","modified_gmt":"2025-08-13T09:00:30","slug":"prior-notice-express","status":"publish","type":"page","link":"https:\/\/dev.registrarcorp.com\/fr\/services\/prior-notice-express\/","title":{"rendered":"Prior Notice"},"content":{"rendered":"<div class=\"wpb-content-wrapper\">[vc_row full_width=&#8221;stretch_row&#8221; css=&#8221;.vc_custom_1726502944664{padding-top: 70px !important;padding-bottom: 70px !important;background-color: #eeefef !important;}&#8221; el_class=&#8221;hero-section&#8221;][vc_column width=&#8221;1\/2&#8243;][vc_column_text]\n<h1><strong><span style=\"color: #003873;\">D\u00e9posez <span style=\"color: #0081ff;\"> rapidement et facilement vos avis pr\u00e9alables en ligne.<\/span><\/span><\/strong><\/h1>\n[\/vc_column_text][vc_column_text fnt_family=&#8221;Montserrat&#8221; fnt_size=&#8221;24px&#8221;]La Food and Drug Administration (FDA) des \u00c9tats-Unis exige un pr\u00e9avis pour toutes les exp\u00e9ditions d\u2019aliments, de boissons et de compl\u00e9ments alimentaires entrant aux \u00c9tats-Unis. Nos services d\u2019avis pr\u00e9alable sont des solutions sur mesure qui rationalisent le processus de d\u00e9p\u00f4t afin que vous puissiez vous concentrer sur la mise sur le march\u00e9 de votre produit.[\/vc_column_text][vc_column_text css=&#8221;.vc_custom_1725909305707{margin-bottom: 10px !important;}&#8221;]\n<p style=\"color: #003873;\"><strong>Vous avez d\u00e9j\u00e0 un compte\u00a0?<\/strong><br \/>\nVeuillez vous connecter \u00e0 votre compte MyFDA pour continuer le d\u00e9p\u00f4t.<\/p>\n[\/vc_column_text][vc_btn title=&#8221;Se connecter \u00e0 MyFDA&#8221; style=&#8221;flat&#8221; shape=&#8221;square&#8221; color=&#8221;blue&#8221; size=&#8221;lg&#8221; align=&#8221;left&#8221; i_align=&#8221;right&#8221; i_icon_fontawesome=&#8221;fas fa-arrow-right&#8221; css=&#8221;&#8221; add_icon=&#8221;true&#8221; el_class=&#8221;primary-btn btnTextBold&#8221; link=&#8221;url:https%3A%2F%2Fhub.registrarcorp.com%2F|target:_blank|&#8221;][vc_column_text css=&#8221;.vc_custom_1725910092413{margin-bottom: 10px !important;}&#8221;]\n<p style=\"font-weight: bold; color: #003873;\">Cr\u00e9ez un compte MyFDA gratuit pour commencer votre d\u00e9p\u00f4t d\u2019avis pr\u00e9alable.<\/p>\n[\/vc_column_text][vc_btn title=&#8221;Cr\u00e9er un compte&#8221; style=&#8221;flat&#8221; shape=&#8221;square&#8221; color=&#8221;blue&#8221; size=&#8221;lg&#8221; align=&#8221;left&#8221; i_align=&#8221;right&#8221; i_icon_fontawesome=&#8221;fas fa-arrow-right&#8221; css=&#8221;&#8221; add_icon=&#8221;true&#8221; el_class=&#8221;primary-btn btnTextBold&#8221; link=&#8221;url:https%3A%2F%2Fwww.myfda.com%2Fsignup|target:_blank|&#8221;][\/vc_column][vc_column width=&#8221;1\/2&#8243;][vc_single_image image=&#8221;1546&#8243; img_size=&#8221;large&#8221;][\/vc_column][\/vc_row][vc_row full_width=&#8221;stretch_row&#8221; css=&#8221;.vc_custom_1683788470829{background-color: #ffffff !important;}&#8221;][vc_column width=&#8221;1\/2&#8243;][vc_single_image image=&#8221;1554&#8243; img_size=&#8221;550&#215;650&#8243;][\/vc_column][vc_column width=&#8221;1\/2&#8243;][vc_custom_heading text=&#8221;D\u00e9lais pour la Prior Notice&#8221; font_container=&#8221;tag:h2|font_size:32px|text_align:left|color:%23003873|line_height:40px&#8221; google_fonts=&#8221;font_family:Montserrat%3Aregular%2C700|font_style:700%20bold%20regular%3A700%3Anormal&#8221;][vc_column_text]\n<div style=\"color: #003873; font-size: 18px; line-height: 28px; font-weight: 400;\">\n<p>La notification pr\u00e9alable des exp\u00e9ditions import\u00e9es permet \u00e0 la FDA de cibler les inspections plus efficacement et de mieux pr\u00e9venir les urgences de sant\u00e9 publique. La FDA dispose de directives strictes pour la soumission des Prior Notices, en fonction de la mani\u00e8re dont les produits sont exp\u00e9di\u00e9s.<\/p>\n<p><span style=\"font-weight: bold;\">Les Prior Notices doivent \u00eatre soumises et confirm\u00e9es par la FDA au moins\u00a0\u00a0:<\/span><\/p>\n<div class=\"notice-main\">\n<div class=\"n-icon\"><img loading=\"lazy\" decoding=\"async\" class=\"alignnone size-full wp-image-1560\" src=\"https:\/\/dev.registrarcorp.com\/wp-content\/uploads\/2023\/05\/prior-clock.png\" alt=\"prior-clock\" width=\"80\" height=\"97\"\/><\/div>\n<div class=\"n-content\">2 heures avant l\u2019arriv\u00e9e par la route4 heures avant l\u2019arriv\u00e9e en train4 heures avant l\u2019arriv\u00e9e par avion8 heures avant l\u2019arriv\u00e9e en eau<\/div>\n<\/div>\n<p>Si votre envoi arrive par courrier international ou par courrier express, vous devez soumettre une Prior Notice avant d\u2019envoyer le colis.<\/p>\n<p>Vous pouvez soumettre une Prior Notice jusqu\u2019\u00e0 15\u00a0jours calendaires avant l\u2019arriv\u00e9e de l\u2019envoi via la Prior Notice System Interface (PNSI) de la FDA, ou jusqu\u2019\u00e0 30\u00a0jours calendaires si vous la soumettez via la Automated Broker Interface\/Automated Commercial System (ABI\/ACS) par l\u2019interm\u00e9diaire d\u2019un agent.<\/p>\n<\/div>\n[\/vc_column_text][\/vc_column][\/vc_row][vc_row full_width=&#8221;stretch_row&#8221; css=&#8221;.vc_custom_1683800569104{padding-top: 100px !important;padding-bottom: 100px !important;background-color: #ffffff !important;}&#8221;][vc_column width=&#8221;1\/2&#8243;][vc_custom_heading text=&#8221;Informations requises pour la Prior Notice&#8221; font_container=&#8221;tag:h2|font_size:32px|text_align:left|color:%23003873|line_height:40px&#8221; google_fonts=&#8221;font_family:Montserrat%3Aregular%2C700|font_style:700%20bold%20regular%3A700%3Anormal&#8221;][vc_column_text]\n<div style=\"color: #003873; font-size: 18px; line-height: 28px; font-weight: 400;\">\n<p>La FDA vous demande de fournir des documents suppl\u00e9mentaires avec chaque Prior Notice.<\/p>\n<p>Les soumissions doivent inclure\u00a0:<\/p>\n<div class=\"p-main-list\">\n<div class=\"p-list-icon\"><img loading=\"lazy\" decoding=\"async\" width=\"118\" height=\"118\" class=\"alignnone size-full wp-image-1609\" src=\"https:\/\/dev.registrarcorp.com\/wp-content\/uploads\/2023\/05\/shipment.png\" alt=\"shipment\" srcset=\"https:\/\/dev.registrarcorp.com\/wp-content\/uploads\/2023\/05\/shipment.png 118w, https:\/\/dev.registrarcorp.com\/wp-content\/uploads\/2023\/05\/shipment-150x150.png 150w, https:\/\/dev.registrarcorp.com\/wp-content\/uploads\/2023\/05\/shipment-600x600.png 600w\" sizes=\"auto, (max-width: 118px) 100vw, 118px\" \/><\/div>\n<p>Informations sur le fabricant, l\u2019exp\u00e9diteur, l\u2019\u00e9metteur, l\u2019exp\u00e9diteur et l\u2019importateur, le propri\u00e9taire ou l\u2019ultimedestinataire<\/p>\n<\/div>\n<div class=\"p-main-list\">\n<div class=\"p-list-icon\"><img loading=\"lazy\" decoding=\"async\" width=\"105\" height=\"69\" class=\"alignnone size-full wp-image-1601\" src=\"https:\/\/dev.registrarcorp.com\/wp-content\/uploads\/2023\/05\/p-code.png\" alt=\"p-code\" srcset=\"https:\/\/dev.registrarcorp.com\/wp-content\/uploads\/2023\/05\/p-code.png 105w, https:\/\/dev.registrarcorp.com\/wp-content\/uploads\/2023\/05\/p-code-600x400.png 600w\" sizes=\"auto, (max-width: 105px) 100vw, 105px\" \/><\/div>\n<p>Identification de chaque produit envoy\u00e9, qui comprend son code produit FDA, le nom courant du produit, la quantit\u00e9 estim\u00e9e et le poids du produit<\/p>\n<\/div>\n<div class=\"p-main-list\">\n<div class=\"p-list-icon\"><img loading=\"lazy\" decoding=\"async\" class=\"alignnone wp-image-1593 size-full\" src=\"https:\/\/dev.registrarcorp.com\/wp-content\/uploads\/2023\/05\/transport.png\" alt=\"transport\" width=\"98\" height=\"95\"\/><\/div>\n<p>Transporteur et mode de transport<\/p>\n<\/div>\n<div class=\"p-main-list\">\n<div class=\"p-list-icon\"><img loading=\"lazy\" decoding=\"async\" class=\"alignnone wp-image-1585 size-full\" src=\"https:\/\/dev.registrarcorp.com\/wp-content\/uploads\/2023\/05\/p-time.png\" alt=\"p-time\" width=\"108\" height=\"98\"\/><\/div>\n<p>Heure d\u2019arriv\u00e9e pr\u00e9vue ou heure d\u2019entr\u00e9e au port d\u2019arriv\u00e9e, ce qui peut signifier l\u2019arriv\u00e9e \u00e0 quai, l\u2019atterrissage ou l\u2019heure de passage de la fronti\u00e8re pr\u00e9vue en fonction du mode de transport de votre envoi<\/p>\n<\/div>\n<div class=\"p-main-list\">\n<div class=\"p-list-icon\"><img loading=\"lazy\" decoding=\"async\" class=\"alignnone wp-image-1577 size-full\" src=\"https:\/\/dev.registrarcorp.com\/wp-content\/uploads\/2023\/05\/fsma.png\" alt=\"fsma\" width=\"156\" height=\"156\" srcset=\"https:\/\/dev.registrarcorp.com\/wp-content\/uploads\/2023\/05\/fsma.png 156w, https:\/\/dev.registrarcorp.com\/wp-content\/uploads\/2023\/05\/fsma-150x150.png 150w, https:\/\/dev.registrarcorp.com\/wp-content\/uploads\/2023\/05\/fsma-600x600.png 600w\" sizes=\"auto, (max-width: 156px) 100vw, 156px\" \/><\/div>\n<p>Le nom de tout pays o\u00f9 le produit a \u00e9t\u00e9 refus\u00e9l\u2019entr\u00e9e, comme l\u2019exige la loi sur la modernisation de la s\u00e9curit\u00e9 alimentaire (FSMA)<\/p>\n<\/div>\n<\/div>\n[\/vc_column_text][\/vc_column][vc_column width=&#8221;1\/2&#8243;][vc_single_image image=&#8221;1571&#8243; img_size=&#8221;620&#215;700&#8243; alignment=&#8221;right&#8221;][\/vc_column][\/vc_row][vc_row full_width=&#8221;stretch_row&#8221; css=&#8221;.vc_custom_1683803592657{background-color: #003873 !important;}&#8221;][vc_column width=&#8221;1\/2&#8243;][vc_single_image image=&#8221;1623&#8243; img_size=&#8221;large&#8221; css=&#8221;.vc_custom_1683805419879{margin-left: -100px !important;}&#8221;][\/vc_column][vc_column width=&#8221;1\/2&#8243; css=&#8221;.vc_custom_1683805777928{padding-top: 75px !important;}&#8221;][vc_custom_heading text=&#8221;Avantages de notre service Prior Notice express&#8221; font_container=&#8221;tag:h2|font_size:32px|text_align:left|color:%23ffffff|line_height:40px&#8221; google_fonts=&#8221;font_family:Montserrat%3Aregular%2C700|font_style:700%20bold%20regular%3A700%3Anormal&#8221;][vc_column_text css=&#8221;&#8221; fnt_family=&#8221;Montserrat&#8221; fnt_size=&#8221;18px&#8221;]\n<p style=\"color: #ffffff;\">Gagnez du temps en soumettant plusieurs Prior Notice \u00e0 la fois gr\u00e2ce \u00e0 notre service Prior Notice Express. Prior Notice Express vous permet d\u2019enregistrer et de stocker vos informations en toute s\u00e9curit\u00e9 en ligne, de r\u00e9duire les erreurs de soumissions potentielles et de r\u00e9duire votre temps de soumission de 50\u00a0\u00a0%.<\/p>\n<p style=\"color: #ffffff;\">Il vous suffit de cr\u00e9er un compte <a style=\"color: #fff;\" href=\"https:\/\/www.myfda.com\/signup\" target=\"_blank\" rel=\"noopener\">Prior Notice Express<\/a> pour commencer.<\/p>\n[\/vc_column_text][\/vc_column][\/vc_row][vc_row full_width=&#8221;stretch_row&#8221; css=&#8221;.vc_custom_1683808756526{padding-top: 50px !important;background-color: #a5dbff !important;}&#8221;][vc_column][vc_custom_heading text=&#8221;Prix du service de Prior Notice de Registrar Corp&#8221; font_container=&#8221;tag:h2|font_size:32px|text_align:center|color:%23003873|line_height:40px&#8221; google_fonts=&#8221;font_family:Montserrat%3Aregular%2C700|font_style:700%20bold%20regular%3A700%3Anormal&#8221;][vc_column_text fnt_family=&#8221;Montserrat&#8221; fnt_size=&#8221;24px&#8221;]\n<p style=\"text-align: center;\">Vous pouvez acheter un seul d\u00e9p\u00f4t d\u2019Avis pr\u00e9alable oublocs de d\u00e9p\u00f4ts \u00e0 taux r\u00e9duit\u00a0:<\/p>\n[\/vc_column_text][\/vc_column][\/vc_row][vc_row full_width=&#8221;stretch_row&#8221; css=&#8221;.vc_custom_1683806236654{background-color: #a5dbff !important;}&#8221;][vc_column width=&#8221;1\/3&#8243;][vc_column_text css=&#8221;.vc_custom_1683885181616{background-color: #ffffff !important;}&#8221;]\n<div class=\"prior-pricing\">\n<p><span style=\"font-weight: 600;\">Un (1)<\/span>D\u00e9p\u00f4t d\u2019avis pr\u00e9alable<\/p>\n<hr style=\"color: #0081ff; border: 1px solid;\"\/>\n<p><span style=\"font-weight: 600;\">19,95 $<\/span><\/p>\n<\/div>\n[\/vc_column_text][\/vc_column][vc_column width=&#8221;1\/3&#8243;][vc_column_text css=&#8221;.vc_custom_1683885322020{background-color: #ffffff !important;}&#8221;]\n<div class=\"prior-pricing\">\n<p><span style=\"font-weight: 600;\">Dix (10)<\/span>D\u00e9p\u00f4t d\u2019avis pr\u00e9alable<\/p>\n<hr style=\"color: #0081ff; border: 1px solid;\"\/>\n<p><span style=\"font-weight: 600;\">17,95 $<\/span> chacun<span class=\"p-discount\">10\u00a0% de r\u00e9duction (179,50 USD)<\/span><\/p>\n<\/div>\n[\/vc_column_text][\/vc_column][vc_column width=&#8221;1\/3&#8243;][vc_column_text css=&#8221;.vc_custom_1683885357238{background-color: #ffffff !important;}&#8221;]\n<div class=\"prior-pricing\">\n<p><span style=\"font-weight: 600;\">Vingt-cinq (25)<\/span>D\u00e9p\u00f4t d\u2019avis pr\u00e9alable<\/p>\n<hr style=\"color: #0081ff; border: 1px solid;\"\/>\n<p><span style=\"font-weight: 600;\">14,95 $<\/span> chacun<span class=\"p-discount\">25\u00a0% de r\u00e9duction (373,75 USD)<\/span><\/p>\n<\/div>\n[\/vc_column_text][\/vc_column][\/vc_row][vc_row full_width=&#8221;stretch_row&#8221; css=&#8221;.vc_custom_1683808740048{padding-bottom: 75px !important;background-color: #a5dbff !important;}&#8221;][vc_column][vc_column_text fnt_family=&#8221;Montserrat&#8221; fnt_size=&#8221;16px&#8221;]\n<p style=\"text-align: center;\">Pour utiliser les blocs de Prior Notice, vous devez cr\u00e9er un compte Prior Notice Express.<\/p>\n[\/vc_column_text][vc_row_inner][vc_column_inner width=&#8221;1\/2&#8243;][vc_btn title=&#8221;Se connecter \u00e0 MyFDA&#8221; style=&#8221;flat&#8221; shape=&#8221;square&#8221; color=&#8221;blue&#8221; size=&#8221;lg&#8221; align=&#8221;right&#8221; css=&#8221;&#8221; el_class=&#8221;primary-btn btnTextBold&#8221; link=&#8221;url:https%3A%2F%2Fwww.myfda.com%2F|target:_blank|&#8221;][\/vc_column_inner][vc_column_inner width=&#8221;1\/2&#8243;][vc_btn title=&#8221;Cr\u00e9er un compte&#8221; style=&#8221;flat&#8221; shape=&#8221;square&#8221; color=&#8221;blue&#8221; size=&#8221;lg&#8221; css=&#8221;&#8221; el_class=&#8221;primary-btn btnTextBold&#8221; link=&#8221;url:https%3A%2F%2Fwww.myfda.com%2Fsignup|target:_blank|&#8221;][\/vc_column_inner][\/vc_row_inner][\/vc_column][\/vc_row][vc_row full_width=&#8221;stretch_row&#8221; css=&#8221;.vc_custom_1727968776956{padding-bottom: 50px !important;background-color: #eceff1 !important;}&#8221; el_class=&#8221;faq-accordion-section&#8221;][vc_column][vc_single_image image=&#8221;3261&#8243; img_size=&#8221;medium&#8221; alignment=&#8221;right&#8221; css=&#8221;.vc_custom_1700046352727{margin-bottom: -105px !important;}&#8221; el_class=&#8221;hide-row&#8221;][vc_custom_heading text=&#8221;Foire Aux Questions&#8221; font_container=&#8221;tag:h2|font_size:40px|text_align:left|color:%23003873&#8243; google_fonts=&#8221;font_family:Montserrat%3Aregular%2C700|font_style:700%20bold%20regular%3A700%3Anormal&#8221; css=&#8221;.vc_custom_1700046359781{border-bottom-width: 0.5px !important;padding-top: 50px !important;padding-bottom: 20px !important;border-bottom-color: #000000 !important;border-bottom-style: solid !important;}&#8221;][vc_tta_accordion style=&#8221;flat&#8221; shape=&#8221;square&#8221; c_icon=&#8221;chevron&#8221; active_section=&#8221;1&#8243; no_fill=&#8221;true&#8221; collapsible_all=&#8221;true&#8221;][vc_tta_section title=&#8221;Qu\u2019est-ce qu\u2019une Prior Notice\u00a0\u00a0?&#8221; tab_id=&#8221;faq1&#8243; el_class=&#8221;prior-faq-sec&#8221;][vc_column_text]La loi Public Health Security and Bioterrorism Preparedness and Response Act de 2002\u00a0 (la loi sur le bioterrorisme) exige que la FDA re\u00e7oive une notification pr\u00e9alable des produits alimentaires, animaux, boissons et compl\u00e9ments alimentaires, y compris les aliments pour animaux import\u00e9s ou propos\u00e9s pour l\u2019importation aux \u00c9tats-Unis.<\/p>\n<p>Les fournisseurs \u00e9trangers de produits alimentaires, de boissons et de compl\u00e9ments alimentaires entrant aux \u00c9tats-Unis doivent soumettre une d\u00e9claration pr\u00e9alable avec des informations sur chaque produit et envoi, un processus appel\u00e9 Prior Notice.<\/p>\n<p>Cela permet \u00e0 la FDA de mieux cibler les inspections d\u2019importation et de prot\u00e9ger la sant\u00e9 publique am\u00e9ricaine.[\/vc_column_text][\/vc_tta_section][vc_tta_section title=&#8221;Quelle est la diff\u00e9rence entre la Prior Notice et US Customs\u00a0\u00a0?&#8221; tab_id=&#8221;faq2&#8243; el_class=&#8221;prior-faq-sec&#8221;][vc_column_text]Le CBP (U.S. Customs and Border Protection) prot\u00e8ge \u00e9galement l\u2019approvisionnement alimentaire et la sant\u00e9 publique aux fronti\u00e8res nationales avec la FDA. Mais le CBP exige une documentation diff\u00e9rente des exp\u00e9ditions entrantes appel\u00e9es \u00ab\u00a0Importation Security Filing\u00a0\u00bb (ISF) ou 10+2. Elles ne sont requises que pour les exp\u00e9ditions maritimes entrantes par navire.[\/vc_column_text][\/vc_tta_section][vc_tta_section title=&#8221;Que se passe-t-il si j\u2019ai une d\u00e9claration incorrecte\u00a0?&#8221; tab_id=&#8221;faq3&#8243; el_class=&#8221;prior-faq-sec&#8221;][vc_column_text]Si vous ne fournissez pas \u00e0 la FDA une Prior Notice en temps opportun, l\u2019envoi de produits alimentaires, de boissons ou de compl\u00e9ments alimentaires sera refus\u00e9 jusqu\u2019\u00e0 ce que les erreurs soient corrig\u00e9es. Les entreprises pourraient \u00e9galement \u00eatre condamn\u00e9es \u00e0 une amende par la FDA pour ne pas avoir fourni de Prior Notice.[\/vc_column_text][\/vc_tta_section][\/vc_tta_accordion][\/vc_column][\/vc_row]\n<\/div>","protected":false},"excerpt":{"rendered":"<p>[vc_row full_width=&#8221;stretch_row&#8221; css=&#8221;.vc_custom_1726502944664{padding-top: 70px !important;padding-bottom: 70px !important;background-color: #eeefef !important;}&#8221; el_class=&#8221;hero-section&#8221;][vc_column width=&#8221;1\/2&#8243;][vc_column_text] D\u00e9posez rapidement et facilement vos avis pr\u00e9alables en ligne. [\/vc_column_text][vc_column_text fnt_family=&#8221;Montserrat&#8221; fnt_size=&#8221;24px&#8221;]La Food and Drug Administration (FDA) des \u00c9tats-Unis exige un pr\u00e9avis pour toutes les exp\u00e9ditions d\u2019aliments, de boissons et de compl\u00e9ments alimentaires entrant aux \u00c9tats-Unis. Nos services d\u2019avis pr\u00e9alable sont des solutions sur<\/p>\n","protected":false},"author":33,"featured_media":0,"parent":14841,"menu_order":0,"comment_status":"closed","ping_status":"closed","template":"page-templates\/page-skillup-design.php","meta":{"_acf_changed":false,"content-type":"","footnotes":""},"class_list":["post-14084","page","type-page","status-publish","hentry"],"acf":[],"_links":{"self":[{"href":"https:\/\/dev.registrarcorp.com\/fr\/wp-json\/wp\/v2\/pages\/14084","targetHints":{"allow":["GET"]}}],"collection":[{"href":"https:\/\/dev.registrarcorp.com\/fr\/wp-json\/wp\/v2\/pages"}],"about":[{"href":"https:\/\/dev.registrarcorp.com\/fr\/wp-json\/wp\/v2\/types\/page"}],"author":[{"embeddable":true,"href":"https:\/\/dev.registrarcorp.com\/fr\/wp-json\/wp\/v2\/users\/33"}],"replies":[{"embeddable":true,"href":"https:\/\/dev.registrarcorp.com\/fr\/wp-json\/wp\/v2\/comments?post=14084"}],"version-history":[{"count":0,"href":"https:\/\/dev.registrarcorp.com\/fr\/wp-json\/wp\/v2\/pages\/14084\/revisions"}],"up":[{"embeddable":true,"href":"https:\/\/dev.registrarcorp.com\/fr\/wp-json\/wp\/v2\/pages\/14841"}],"wp:attachment":[{"href":"https:\/\/dev.registrarcorp.com\/fr\/wp-json\/wp\/v2\/media?parent=14084"}],"curies":[{"name":"wp","href":"https:\/\/api.w.org\/{rel}","templated":true}]}}