{"id":13507,"date":"2023-06-01T06:18:28","date_gmt":"2023-06-01T06:18:28","guid":{"rendered":"https:\/\/staging.registrarcorp.com\/radiation-emitting-device\/"},"modified":"2025-01-30T20:29:39","modified_gmt":"2025-01-30T20:29:39","slug":"radiation-emitting-device-reporting","status":"publish","type":"page","link":"https:\/\/dev.registrarcorp.com\/it\/services\/radiation-emitting-device-reporting\/","title":{"rendered":"Dispositivo di emissione di radiazioni"},"content":{"rendered":"<div class=\"wpb-content-wrapper\">[vc_row full_width=&#8221;stretch_row&#8221; css=&#8221;.vc_custom_1726505182147{padding-top: 50px !important;padding-bottom: 30px !important;background-color: #ffffff !important;}&#8221; el_class=&#8221;vertical-text-align hero-section&#8221;][vc_column width=&#8221;1\/2&#8243; el_class=&#8221;col-txt-center&#8221;][vc_column_text css=&#8221;&#8221;]\n<h1 class=\"banner-title\"><strong>Hai bisogno di aiuto per ottenere il tuo<span style=\"color: #0081ff;\"> Conforme al dispositivo elettronico a emissione di radiazioni (ROSSO)?<\/span><\/strong><\/h1>\n[\/vc_column_text][vc_column_text fnt_family=&#8221;Montserrat&#8221; fnt_size=&#8221;24px&#8221; fnt_family_h4=&#8221;Montserrat&#8221; fnt_size_h4=&#8221;24px&#8221;]L\u2019importazione di RED include molti processi normativi e documenti, dalla designazione dei rappresentanti locali all\u2019ottenimento di un numero di accesso FDA e all\u2019invio dei report sui prodotti. \u00c8 qui che entra in gioco Registrar Corp. Con oltre 20 anni di esperienza nella guida dei produttori nazionali ed esteri attraverso la conformit\u00e0 FDA, possiamo aiutarvi a portare il vostro prodotto sul mercato statunitense.[\/vc_column_text][vc_btn title=&#8221;Contatta  Registrar Corp&#8221; style=&#8221;flat&#8221; shape=&#8221;square&#8221; color=&#8221;blue&#8221; size=&#8221;lg&#8221; align=&#8221;left&#8221; i_align=&#8221;right&#8221; i_icon_fontawesome=&#8221;fas fa-arrow-right&#8221; css=&#8221;.vc_custom_1687529950084{padding-top: 20px !important;}&#8221; add_icon=&#8221;true&#8221; el_class=&#8221;primary-btn btnTextBold&#8221; link=&#8221;url:%23formSection|&#8221;][\/vc_column][vc_column width=&#8221;1\/2&#8243;][vc_single_image image=&#8221;3847&#8243; img_size=&#8221;large&#8221; alignment=&#8221;right&#8221;][\/vc_column][\/vc_row][vc_row full_width=&#8221;stretch_row&#8221; css=&#8221;.vc_custom_1685610609084{padding-top: 50px !important;background-color: #ffffff !important;}&#8221; el_class=&#8221;vertical-text-align&#8221;][vc_column width=&#8221;1\/2&#8243;][vc_single_image image=&#8221;3713&#8243; img_size=&#8221;610&#215;426&#8243;][\/vc_column][vc_column width=&#8221;1\/2&#8243; el_class=&#8221;col-txt-center&#8221;][vc_column_text fnt_family=&#8221;Montserrat&#8221; fnt_size=&#8221;32px&#8221; fnt_family_h2=&#8221;Montserrat&#8221; fnt_size_h2=&#8221;32px&#8221; fnt_family_h3=&#8221;Montserrat&#8221;]\n<p style=\"font-weight: 600;\">Servizi RED Registrar Corp<\/p>\n[\/vc_column_text][vc_column_text fnt_family=&#8221;Montserrat&#8221; fnt_size=&#8221;18px&#8221; fnt_family_h5=&#8221;Montserrat&#8221; fnt_size_h5=&#8221;18px&#8221;]Siamo qui per essere il tuo team locale per la conformit\u00e0, in modo che tu possa soddisfare tutti i requisiti normativi RED. I nostri servizi per produttori, assemblatori e importatori RED includono:[\/vc_column_text][vc_column_text]\n<div class=\"p-main-list\">\n<div class=\"p-list-icon\"><img loading=\"lazy\" decoding=\"async\" class=\"alignnone size-full wp-image-3814\" src=\"https:\/\/dev.registrarcorp.com\/wp-content\/uploads\/2023\/06\/red-services1.png\" alt=\"\" width=\"42\" height=\"42\" srcset=\"https:\/\/dev.registrarcorp.com\/wp-content\/uploads\/2023\/06\/red-services1.png 84w, https:\/\/dev.registrarcorp.com\/wp-content\/uploads\/2023\/06\/red-services1-150x150.png 150w, https:\/\/dev.registrarcorp.com\/wp-content\/uploads\/2023\/06\/red-services1-600x600.png 600w\" sizes=\"auto, (max-width: 42px) 100vw, 42px\" \/><\/div>\n<p>Agente statunitense designato per il servizio di processo<\/p>\n<\/div>\n<div class=\"p-main-list\">\n<div class=\"p-list-icon\"><img loading=\"lazy\" decoding=\"async\" class=\"alignnone size-full wp-image-3806\" src=\"https:\/\/dev.registrarcorp.com\/wp-content\/uploads\/2023\/06\/red-services2.png\" alt=\"\" width=\"44\" height=\"44\" srcset=\"https:\/\/dev.registrarcorp.com\/wp-content\/uploads\/2023\/06\/red-services2.png 88w, https:\/\/dev.registrarcorp.com\/wp-content\/uploads\/2023\/06\/red-services2-150x150.png 150w, https:\/\/dev.registrarcorp.com\/wp-content\/uploads\/2023\/06\/red-services2-600x600.png 600w\" sizes=\"auto, (max-width: 44px) 100vw, 44px\" \/><\/div>\n<p>Preparazione e presentazione del prodotto e del rapporto annuale<\/p>\n<\/div>\n<div class=\"p-main-list\">\n<div class=\"p-list-icon\"><img loading=\"lazy\" decoding=\"async\" width=\"104\" height=\"86\" class=\"alignnone size-full wp-image-3835\" src=\"https:\/\/dev.registrarcorp.com\/wp-content\/uploads\/2023\/06\/red-services3-1.png\" alt=\"\"\/><\/div>\n<p>Supporto del numero di accesso FDA<\/p>\n<\/div>\n[\/vc_column_text][\/vc_column][\/vc_row][vc_row full_width=&#8221;stretch_row&#8221; css=&#8221;.vc_custom_1685362047546{background-color: #ffffff !important;}&#8221;][vc_column width=&#8221;1\/2&#8243;][vc_column_text fnt_family=&#8221;Montserrat&#8221; fnt_size=&#8221;24px&#8221; fnt_family_h2=&#8221;Montserrat&#8221; fnt_family_h3=&#8221;Montserrat&#8221; fnt_size_h3=&#8221;24px&#8221;]\n<p style=\"font-weight: 600;\">Agente statunitense<\/p>\n[\/vc_column_text][vc_column_text fnt_family=&#8221;Montserrat&#8221; fnt_size=&#8221;18px&#8221; fnt_family_h5=&#8221;Montserrat&#8221; fnt_size_h5=&#8221;18px&#8221;]Gli Agenti per il servizio di processo degli Stati Uniti agiscono come rappresentanti di produttori stranieri ricevendo qualsiasi documento legale degli Stati Uniti notificato al produttore. Con Registrar Corp, otterrai un agente dedicato che inoltrer\u00e0 tempestivamente qualsiasi documentazione in caso di azione legale, in modo da poter rispondere tempestivamente.[\/vc_column_text][\/vc_column][vc_column width=&#8221;1\/2&#8243; el_class=&#8221;food-rt-col&#8221;][vc_column_text fnt_family=&#8221;Montserrat&#8221; fnt_size=&#8221;24px&#8221; fnt_family_h2=&#8221;Montserrat&#8221; fnt_family_h3=&#8221;Montserrat&#8221; fnt_size_h3=&#8221;24px&#8221;]\n<p style=\"font-weight: 600;\">Numero di accesso FDA<\/p>\n[\/vc_column_text][vc_column_text fnt_family=&#8221;Montserrat&#8221; fnt_size=&#8221;18px&#8221; fnt_family_h5=&#8221;Montserrat&#8221; fnt_size_h5=&#8221;18px&#8221;]Il numero di accesso FDA, o il numero di identificazione univoco del rapporto, dovr\u00e0 compilare i documenti di importazione presso il porto di ingresso. Possiamo collaborare con voi per ottenere il numero di accesso FDA e guidarvi attraverso il processo di importazione in modo rapido ed efficiente.[\/vc_column_text][\/vc_column][\/vc_row][vc_row full_width=&#8221;stretch_row&#8221; css=&#8221;.vc_custom_1685603355338{background-color: #ffffff !important;}&#8221; el_class=&#8221;vertical-text-align&#8221;][vc_column width=&#8221;1\/2&#8243;][vc_column_text fnt_family=&#8221;Montserrat&#8221; fnt_size=&#8221;24px&#8221; fnt_family_h2=&#8221;Montserrat&#8221; fnt_family_h3=&#8221;Montserrat&#8221; fnt_size_h3=&#8221;24px&#8221;]\n<p style=\"font-weight: 600;\">Invio report del dispositivo<\/p>\n[\/vc_column_text][vc_column_text fnt_family=&#8221;Montserrat&#8221; fnt_size=&#8221;18px&#8221; fnt_family_h5=&#8221;Montserrat&#8221; fnt_size_h5=&#8221;18px&#8221;]Prima che i ROSSI vengano spediti o trasportati, \u00e8 necessario inviare un Rapporto sul prodotto al Center for Devices and Radiological Health (CDRH) della FDA. Dovrai anche creare un Rapporto annuale ogni anno in cui i tuoi prodotti sono sul mercato. Il team di professionisti di Registrar Corp pu\u00f2 aiutarti a mantenere i registri ROSSI e a organizzare, preparare e inviare report regolari sui prodotti.[\/vc_column_text][\/vc_column][vc_column width=&#8221;1\/2&#8243; el_class=&#8221;food-rt-col&#8221;][vc_single_image image=&#8221;3704&#8243; img_size=&#8221;463&#215;246&#8243; alignment=&#8221;center&#8221;][\/vc_column][\/vc_row][vc_row full_width=&#8221;stretch_row&#8221; css=&#8221;.vc_custom_1685610582693{padding-bottom: 100px !important;background-color: #ffffff !important;}&#8221;][vc_column width=&#8221;1\/6&#8243;][\/vc_column][vc_column width=&#8221;2\/3&#8243; css=&#8221;.vc_custom_1685362239351{padding-top: 0px !important;}&#8221;][vc_btn title=&#8221;Richiedi numero di accesso&#8221; style=&#8221;flat&#8221; shape=&#8221;square&#8221; color=&#8221;blue&#8221; size=&#8221;lg&#8221; align=&#8221;center&#8221; i_align=&#8221;right&#8221; i_icon_fontawesome=&#8221;fas fa-arrow-right&#8221; add_icon=&#8221;true&#8221; el_class=&#8221;primary-btn&#8221; link=&#8221;url:%23formSection|&#8221;][\/vc_column][vc_column width=&#8221;1\/6&#8243;][\/vc_column][\/vc_row][vc_row full_width=&#8221;stretch_row&#8221; disable_element=&#8221;yes&#8221; css=&#8221;.vc_custom_1690804000085{padding-top: 50px !important;padding-bottom: 30px !important;background-color: #eceff1 !important;}&#8221;][vc_column][vc_custom_heading text=&#8221;Ottieni assistenza con i servizi RED.&#8221; font_container=&#8221;tag:h2|font_size:56px|text_align:left|color:%23003873|line_height:66px&#8221; google_fonts=&#8221;font_family:Montserrat%3Aregular%2C700|font_style:700%20bold%20regular%3A700%3Anormal&#8221; css=&#8221;.vc_custom_1688802133611{padding-bottom: 20px !important;}&#8221;][vc_raw_js]JTNDc2NyaXB0JTIwY2hhcnNldCUzRCUyMnV0Zi04JTIyJTIwdHlwZSUzRCUyMnRleHQlMkZqYXZhc2NyaXB0JTIyJTIwc3JjJTNEJTIyJTJGJTJGanMuaHNmb3Jtcy5uZXQlMkZmb3JtcyUyRmVtYmVkJTJGdjIuanMlMjIlM0UlM0MlMkZzY3JpcHQlM0UlMEElM0NzY3JpcHQlM0UlMEElMjAlMjBoYnNwdC5mb3Jtcy5jcmVhdGUlMjglN0IlMEElMjAlMjAlMjAlMjByZWdpb24lM0ElMjAlMjJuYTElMjIlMkMlMEElMjAlMjAlMjAlMjBwb3J0YWxJZCUzQSUyMCUyMjIzMzE3OTM3JTIyJTJDJTBBJTIwJTIwJTIwJTIwZm9ybUlkJTNBJTIwJTIyMDM2NTcxN2ItOThiNC00YjE5LTgyODUtOWExMWU3M2IyYzcwJTIyJTBBJTIwJTIwJTdEJTI5JTNCJTBBJTNDJTJGc2NyaXB0JTNF[\/vc_raw_js][\/vc_column][\/vc_row][vc_section el_id=&#8221;formSection&#8221;][vc_row full_width=&#8221;stretch_row&#8221; css=&#8221;.vc_custom_1704481582291{padding-top: 50px !important;padding-bottom: 30px !important;background-color: #eceff1 !important;}&#8221;][vc_column][vc_custom_heading text=&#8221;Ottieni assistenza con i servizi RED.&#8221; font_container=&#8221;tag:h2|font_size:56px|text_align:left|color:%23003873|line_height:66px&#8221; google_fonts=&#8221;font_family:Montserrat%3Aregular%2C700|font_style:700%20bold%20regular%3A700%3Anormal&#8221; css=&#8221;.vc_custom_1688802133611{padding-bottom: 20px !important;}&#8221;][vc_raw_html]W2dyYXZpdHlmb3JtcyBpZD0iNzIiIHRpdGxlPSJmYWxzbyIgZGVzY3JpcHRpb249ImZhbHNlIiBhamF4PSJ0cnVlIiBmaWVsZF92YWx1ZXM9ImluZHVzdHJ5X3R5cGU9UkVEJmlucXVpcnlfdHlwZT1SRUQiXQ==[\/vc_raw_html][\/vc_column][\/vc_row][\/vc_section][vc_row full_width=&#8221;stretch_row&#8221; css=&#8221;.vc_custom_1727969066757{padding-bottom: 50px !important;background-color: #eceff1 !important;}&#8221; el_class=&#8221;faq-accordion-section&#8221;][vc_column][vc_single_image image=&#8221;3263&#8243; img_size=&#8221;medium&#8221; alignment=&#8221;right&#8221; css=&#8221;.vc_custom_1700046407325{margin-bottom: -105px !important;}&#8221; el_class=&#8221;hide-row&#8221;][vc_custom_heading text=&#8221;Domande frequenti&#8221; font_container=&#8221;tag:h2|font_size:40px|text_align:left|color:%23003873&#8243; google_fonts=&#8221;font_family:Montserrat%3Aregular%2C700|font_style:700%20bold%20regular%3A700%3Anormal&#8221; css=&#8221;.vc_custom_1700046521506{border-bottom-width: 0.5px !important;padding-bottom: 20px !important;border-bottom-color: #000000 !important;border-bottom-style: solid !important;}&#8221;][vc_tta_accordion style=&#8221;flat&#8221; shape=&#8221;square&#8221; c_icon=&#8221;chevron&#8221; active_section=&#8221;1&#8243; no_fill=&#8221;true&#8221; collapsible_all=&#8221;true&#8221;][vc_tta_section title=&#8221;Quali prodotti sono considerati dispositivi elettronici a emissione di radiazioni (RED)?&#8221; tab_id=&#8221;1685604840761-3c3da900-1f52&#8243; el_class=&#8221;prior-faq-sec&#8221;][vc_column_text]I RED sono definiti dalla FDA come qualsiasi prodotto che contiene un circuito elettronico e genera qualsiasi tipo di radiazione, come radiazioni X (raggi X), microonde, onde radio (radiofrequenza (RF)), laser, luce visibile, suono, ultrasuoni o luce ultravioletta. Alcuni esempi di RED includono sistemi diagnostici a raggi X, prodotti laser, laser e forni a microonde.<\/p>\n<p>I termini e le definizioni legali per i RED sono disponibili <a href=\"https:\/\/www.govinfo.gov\/content\/pkg\/USCODE-2010-title21\/html\/USCODE-2010-title21-chap9-subchapV-partC-sec360ii.htm\" target=\"_blank\" rel=\"noopener\">qui <\/a>.[\/vc_column_text][\/vc_tta_section][vc_tta_section title=&#8221;Sono tenuto a conservare i registri e inviare i rapporti per i prodotti RED?&#8221; tab_id=&#8221;1685604840786-46b71773-a396&#8243; el_class=&#8221;prior-faq-sec&#8221;][vc_column_text]S\u00ec, i produttori devono conservare i registri dei propri RED e inviare i rapporti al Center for Devices and Radiological Health (CDRH) della FDA. I requisiti e le informazioni specifici per la segnalazione e la tenuta dei registri sono disponibili nella Tabella 1 del <a href=\"https:\/\/www.accessdata.fda.gov\/scripts\/cdrh\/cfdocs\/cfcfr\/CFRSearch.cfm?CFRPart=1002\" target=\"_blank\" rel=\"noopener\">Titolo 21 del Codice dei regolamenti<\/a> federali e <a href=\"https:\/\/www.fda.gov\/radiation-emitting-products\/getting-radiation-emitting-product-market-frequently-asked-questions\/submitting-reports-and-requirements-maintaining-records-radiation\" target=\"_blank\" rel=\"noopener\">sul sito web della FDA<\/a>.[\/vc_column_text][\/vc_tta_section][vc_tta_section title=&#8221;Quando devo inviare le informazioni sul prodotto e il rapporto annuale?&#8221; tab_id=&#8221;1685604840811-081bf594-48aa&#8221; el_class=&#8221;prior-faq-sec&#8221;][vc_column_text]I rapporti su dispositivi RED, supplementari o abbreviati devono essere inviati prima dell\u2019importazione dei prodotti negli Stati Uniti o prima del trasporto del prodotto attraverso linee statali, se nazionali. I report per i prodotti importati devono essere inviati almeno un mese prima della spedizione.<\/p>\n<p>I rapporti annuali RED devono essere inviati annualmente il 1\u00b0 settembre e devono coprire la produzione per gli Stati Uniti dal 1\u00b0 luglio dell\u2019anno precedente al 30 giugno dell\u2019anno in corso.<\/p>\n<p>Le presentazioni anticipate della segnalazione consentono al CDRH di contattarLa in merito a potenziali problemi e di fornire una conferma della lettera di ricezione che include un numero di identificazione univoco per la segnalazione o un numero di accesso.[\/vc_column_text][\/vc_tta_section][vc_tta_section title=&#8221;Un numero di accesso significa che il mio prodotto \u00e8 approvato?&#8221; tab_id=&#8221;1685604840838-308ed055-8ebb&#8221; el_class=&#8221;prior-faq-sec&#8221;][vc_column_text]No, un numero di accesso FDA significa solo che il report \u00e8 stato ricevuto ed elaborato nel database CDRH Document Control Center (DCC).[\/vc_column_text][\/vc_tta_section][vc_tta_section title=&#8221;Devo aspettare una lettera di conferma per spedire il mio prodotto?&#8221; tab_id=&#8221;1685604840864-ced74f40-76b7&#8243; el_class=&#8221;prior-faq-sec&#8221;][vc_column_text]No, ma \u00e8 necessario produrre il numero di accesso presso il porto di ingresso, altrimenti la spedizione verr\u00e0 trattenuta. La lettera di conferma e il numero di accesso sono considerati prove del fatto che il rapporto \u00e8 stato ricevuto da CDRH e le aziende che importano dispositivi RED dovranno includere il loro numero di accesso nel modulo di conferma dell&#8217;importazione, <a href=\"https:\/\/www.fda.gov\/about-fda\/reports-manuals-forms\/forms\" target=\"_blank\" rel=\"noopener\">FDA 2877 <\/a>.<\/p>\n<p>A seconda delle variazioni del modello del dispositivo che vengono importate e della tecnologia all\u2019interno dei dispositivi (ad es. dispositivi laser e a raggi X in una singola spedizione), potrebbe essere necessario produrre due o pi\u00f9 numeri di accesso presso il porto di ingresso.[\/vc_column_text][\/vc_tta_section][\/vc_tta_accordion][\/vc_column][\/vc_row]\n<\/div>","protected":false},"excerpt":{"rendered":"<p>[vc_row full_width=&#8221;stretch_row&#8221; css=&#8221;.vc_custom_1726505182147{padding-top: 50px !important;padding-bottom: 30px !important;background-color: #ffffff !important;}&#8221; el_class=&#8221;vertical-text-align hero-section&#8221;][vc_column width=&#8221;1\/2&#8243; el_class=&#8221;col-txt-center&#8221;][vc_column_text css=&#8221;&#8221;] Hai bisogno di aiuto per ottenere il tuo Conforme al dispositivo elettronico a emissione di radiazioni (ROSSO)? [\/vc_column_text][vc_column_text fnt_family=&#8221;Montserrat&#8221; fnt_size=&#8221;24px&#8221; fnt_family_h4=&#8221;Montserrat&#8221; fnt_size_h4=&#8221;24px&#8221;]L\u2019importazione di RED include molti processi normativi e documenti, dalla designazione dei rappresentanti locali all\u2019ottenimento di un numero di accesso<\/p>\n","protected":false},"author":33,"featured_media":0,"parent":14822,"menu_order":0,"comment_status":"closed","ping_status":"closed","template":"page-templates\/page-sidebar-none.php","meta":{"_acf_changed":false,"content-type":"","footnotes":""},"class_list":["post-13507","page","type-page","status-publish","hentry"],"acf":[],"_links":{"self":[{"href":"https:\/\/dev.registrarcorp.com\/it\/wp-json\/wp\/v2\/pages\/13507","targetHints":{"allow":["GET"]}}],"collection":[{"href":"https:\/\/dev.registrarcorp.com\/it\/wp-json\/wp\/v2\/pages"}],"about":[{"href":"https:\/\/dev.registrarcorp.com\/it\/wp-json\/wp\/v2\/types\/page"}],"author":[{"embeddable":true,"href":"https:\/\/dev.registrarcorp.com\/it\/wp-json\/wp\/v2\/users\/33"}],"replies":[{"embeddable":true,"href":"https:\/\/dev.registrarcorp.com\/it\/wp-json\/wp\/v2\/comments?post=13507"}],"version-history":[{"count":0,"href":"https:\/\/dev.registrarcorp.com\/it\/wp-json\/wp\/v2\/pages\/13507\/revisions"}],"up":[{"embeddable":true,"href":"https:\/\/dev.registrarcorp.com\/it\/wp-json\/wp\/v2\/pages\/14822"}],"wp:attachment":[{"href":"https:\/\/dev.registrarcorp.com\/it\/wp-json\/wp\/v2\/media?parent=13507"}],"curies":[{"name":"wp","href":"https:\/\/api.w.org\/{rel}","templated":true}]}}