{"id":12067,"date":"2023-07-08T07:50:48","date_gmt":"2023-07-08T07:50:48","guid":{"rendered":"https:\/\/staging.registrarcorp.com\/color-additive-review-and-batch-certification\/"},"modified":"2024-10-03T19:27:02","modified_gmt":"2024-10-03T19:27:02","slug":"color-additives","status":"publish","type":"page","link":"https:\/\/dev.registrarcorp.com\/pt-br\/services\/label-ingredients-review\/color-additives\/","title":{"rendered":"Revis\u00e3o de aditivos coloridos e certifica\u00e7\u00e3o de lote"},"content":{"rendered":"<div class=\"wpb-content-wrapper\">[vc_row full_width=&#8221;stretch_row&#8221; css=&#8221;.vc_custom_1726759153635{padding-top: 70px !important;background-color: #ffffff !important;}&#8221; el_class=&#8221;vertical-text-align hero-section&#8221;][vc_column width=&#8221;1\/2&#8243; css=&#8221;.vc_custom_1688990185635{padding-top: 50px !important;}&#8221; el_class=&#8221;color-additive-header&#8221;][vc_custom_heading text=&#8221;Mantenha-se em conformidade com os servi\u00e7os de aditivos de cores da FDA da Registrar Corp.&#8221; font_container=&#8221;tag:h1|font_size:46px|text_align:left|color:%23003873|line_height:56px&#8221; google_fonts=&#8221;font_family:Montserrat%3Aregular%2C700|font_style:700%20bold%20regular%3A700%3Anormal&#8221;][vc_column_text fnt_family=&#8221;Montserrat&#8221; fnt_size=&#8221;18px&#8221; fnt_family_h4=&#8221;Montserrat&#8221; fnt_size_h4=&#8221;24px&#8221;]Evite desperdi\u00e7ar in\u00fameras horas pesquisando os extensos requisitos de aditivos de cores da FDA e obtenha orienta\u00e7\u00e3o especializada sobre quais regulamentos se aplicam aos seus produtos. A Registrar Corp est\u00e1 aqui para fazer o trabalho pesado por voc\u00ea.[\/vc_column_text][vc_btn title=&#8221;Obtenha sua revis\u00e3o de aditivos de cores&#8221; style=&#8221;flat&#8221; shape=&#8221;square&#8221; color=&#8221;blue&#8221; size=&#8221;lg&#8221; align=&#8221;left&#8221; i_align=&#8221;right&#8221; i_icon_fontawesome=&#8221;fas fa-arrow-right&#8221; css=&#8221;.vc_custom_1688802651726{padding-top: 20px !important;}&#8221; add_icon=&#8221;true&#8221; el_class=&#8221;primary-btn&#8221; link=&#8221;url:%23formSection|&#8221;][\/vc_column][vc_column width=&#8221;1\/2&#8243;][vc_single_image image=&#8221;7196&#8243; img_size=&#8221;552&#215;558&#8243; alignment=&#8221;right&#8221;][\/vc_column][\/vc_row][vc_row full_width=&#8221;stretch_row&#8221; css=&#8221;.vc_custom_1688803176733{padding-top: 50px !important;background-color: #eeefef !important;}&#8221; el_class=&#8221;vertical-text-align&#8221;][vc_column width=&#8221;1\/2&#8243;][vc_single_image image=&#8221;7204&#8243; img_size=&#8221;588&#215;537&#8243;][\/vc_column][vc_column width=&#8221;1\/2&#8243; el_class=&#8221;col-txt-center&#8221;][vc_custom_heading text=&#8221;Revis\u00e3o de aditivos coloridos e certifica\u00e7\u00e3o de lote&#8221; font_container=&#8221;tag:h2|font_size:32px|text_align:left|color:%23003873|line_height:56px&#8221; google_fonts=&#8221;font_family:Montserrat%3Aregular%2C700|font_style:700%20bold%20regular%3A700%3Anormal&#8221;][vc_column_text fnt_family=&#8221;Montserrat&#8221; fnt_size=&#8221;18px&#8221; fnt_family_h5=&#8221;Montserrat&#8221; fnt_size_h5=&#8221;18px&#8221;]Um aditivo de cor \u00e9 qualquer corante, pigmento ou outra subst\u00e2ncia que possa conferir cor a um produto. A FDA regulamenta aditivos de cores adicionados a alimentos, suplementos, medicamentos, cosm\u00e9ticos e dispositivos m\u00e9dicos, incluindo subst\u00e2ncias sint\u00e9ticas e subst\u00e2ncias derivadas de fontes naturais.<\/p>\n<p>Os aditivos coloridos devem passar pelo processo de aprova\u00e7\u00e3o da FDA antes de serem usados em produtos regulamentados pela ag\u00eancia. A FDA pode tomar medidas de execu\u00e7\u00e3o contra uma empresa distribuidora de produtos contendo uma cor n\u00e3o aprovada ou usada de uma maneira n\u00e3o descrita na regulamenta\u00e7\u00e3o.<\/p>\n<p>Essas a\u00e7\u00f5es podem incluir cartas de advert\u00eancia, coloca\u00e7\u00e3o da empresa em alerta de importa\u00e7\u00e3o ou deten\u00e7\u00e3o e recusa do produto no porto.<br \/>\n[\/vc_column_text][\/vc_column][\/vc_row][vc_row full_width=&#8221;stretch_row&#8221; css=&#8221;.vc_custom_1704750454423{padding-top: 30px !important;padding-bottom: 50px !important;background-color: #eeefef !important;}&#8221; el_class=&#8221;vertical-text-align&#8221;][vc_column width=&#8221;1\/2&#8243; css=&#8221;.vc_custom_1688982816048{padding-right: 50px !important;}&#8221;][vc_column_text fnt_family=&#8221;Montserrat&#8221; fnt_size=&#8221;18px&#8221; fnt_family_h5=&#8221;Montserrat&#8221; fnt_size_h5=&#8221;18px&#8221;]Para alguns aditivos de cores sint\u00e9ticas, a aprova\u00e7\u00e3o para uso depende da conclus\u00e3o bem-sucedida da \u201ccertifica\u00e7\u00e3o de lote\u201d. Empresas fora dos EUA devem designar um agente dos EUA para este processo.<\/p>\n<p>Durante o processo de certifica\u00e7\u00e3o do lote, o fabricante:<\/p>\n<ul>\n<li>Recupera uma amostra do aditivo de cor<\/li>\n<li>Envia a amostra para a FDA<\/li>\n<li>Paga uma taxa para a FDA testar a amostra de acordo com as especifica\u00e7\u00f5es descritas na regulamenta\u00e7\u00e3o<\/li>\n<li>Obt\u00e9m um n\u00famero de lote exclusivo se a cor passar<\/li>\n<\/ul>\n<p>Navegar pelos requisitos confusos para cada um dos seus aditivos de cor \u00e9 desafiador e demorado. Como voc\u00ea sabe se um aditivo de cor precisa de certifica\u00e7\u00e3o em lote, n\u00e3o precisa ou n\u00e3o \u00e9 permitido?[\/vc_column_text][\/vc_column][vc_column width=&#8221;1\/2&#8243; el_class=&#8221;col-txt-center&#8221;][vc_single_image image=&#8221;7212&#8243; img_size=&#8221;557&#215;454&#8243;][\/vc_column][\/vc_row][vc_row full_width=&#8221;stretch_row&#8221; css=&#8221;.vc_custom_1688803412380{padding-top: 50px !important;background-color: #003873 !important;}&#8221;][vc_column][vc_custom_heading text=&#8221;A Registrar Corp pode ajudar.&#8221; font_container=&#8221;tag:h2|font_size:32px|text_align:left|color:%23ffffff|line_height:50px&#8221; google_fonts=&#8221;font_family:Montserrat%3Aregular%2C700|font_style:700%20bold%20regular%3A700%3Anormal&#8221; css=&#8221;.vc_custom_1704751354373{margin-bottom: 0px !important;}&#8221;][\/vc_column][\/vc_row][vc_row full_width=&#8221;stretch_row&#8221; css=&#8221;.vc_custom_1688804278503{padding-bottom: 20px !important;background-color: #003873 !important;}&#8221; el_class=&#8221;vertical-text-align&#8221;][vc_column width=&#8221;1\/2&#8243;][vc_column_text fnt_family=&#8221;Montserrat&#8221; fnt_size=&#8221;24px&#8221; fnt_family_h5=&#8221;Montserrat&#8221; fnt_size_h5=&#8221;18px&#8221;]\n<p style=\"color: #ffffff;\">Simplificaremos os regulamentos de aditivos de cores fazendo refer\u00eancia cruzada da sua cor em rela\u00e7\u00e3o a milhares de p\u00e1ginas do C\u00f3digo de Regulamenta\u00e7\u00f5es Federais, bem como do Registro Federal, Subst\u00e2ncias Adicionados ao Banco de Dados de Alimentos, Guias de Rotulagem e Cartas de Advert\u00eancia emitidas pela FDA dos EUA.<\/p>\n<p style=\"color: #ffffff;\">A Registrar Corp pode revisar seus aditivos de cor para determinar se eles foram aprovados pela FDA. Nosso relat\u00f3rio detalhar\u00e1 todos os usos e especifica\u00e7\u00f5es aprovados necess\u00e1rios para seus aditivos de cor.<\/p>\n[\/vc_column_text][\/vc_column][vc_column width=&#8221;1\/2&#8243; el_class=&#8221;color-additive&#8221;][vc_column_text fnt_size=&#8221;24px&#8221;]<span style=\"font-size: 18.0pt;\"><span style=\"color: #ffffff;\">Se o seu aditivo de cor estiver sujeito ao requisito de certifica\u00e7\u00e3o de lote, n\u00f3s:<\/span>[\/vc_column_text][vc_column_text fnt_family=&#8221;Montserrat&#8221; fnt_size=&#8221;24px&#8221;]<\/span><\/p>\n<div class=\"p-main-list\">\n<div>\n<p style=\"color: #ffffff;\"><img loading=\"lazy\" decoding=\"async\" class=\"alignnone size-full wp-image-7230\" style=\"color: #333333;\" src=\"https:\/\/dev.registrarcorp.com\/wp-content\/uploads\/2023\/07\/help.png\" alt=\"\" width=\"50\" height=\"50\" srcset=\"https:\/\/dev.registrarcorp.com\/wp-content\/uploads\/2023\/07\/help.png 100w, https:\/\/dev.registrarcorp.com\/wp-content\/uploads\/2023\/07\/help-150x150.png 150w, https:\/\/dev.registrarcorp.com\/wp-content\/uploads\/2023\/07\/help-600x600.png 600w\" sizes=\"auto, (max-width: 50px) 100vw, 50px\" \/><\/p>\n<\/div>\n<p><span style=\"color: #ffffff;\"><span style=\"font-size: 18.0pt;\">Ajudar voc\u00ea a obter uma conta da FDA e fazer login no sistema on-line<\/span><\/span><\/p>\n<\/div>\n<div class=\"p-main-list\">\n<div class=\"p-list-icon\"><img loading=\"lazy\" decoding=\"async\" class=\"alignnone size-full wp-image-7222\" src=\"https:\/\/dev.registrarcorp.com\/wp-content\/uploads\/2023\/07\/assist.png\" alt=\"\" width=\"50\" height=\"50\" srcset=\"https:\/\/dev.registrarcorp.com\/wp-content\/uploads\/2023\/07\/assist.png 100w, https:\/\/dev.registrarcorp.com\/wp-content\/uploads\/2023\/07\/assist-150x150.png 150w, https:\/\/dev.registrarcorp.com\/wp-content\/uploads\/2023\/07\/assist-600x600.png 600w\" sizes=\"auto, (max-width: 50px) 100vw, 50px\" \/><\/div>\n<p><span style=\"color: #ffffff;\"><span style=\"font-size: 18.0pt;\">Ajudar voc\u00ea com o envio de amostras<\/span><\/span><\/p>\n<\/div>\n<div class=\"p-main-list\">\n<div class=\"p-list-icon\"><img loading=\"lazy\" decoding=\"async\" class=\"alignnone size-full wp-image-7214\" src=\"https:\/\/dev.registrarcorp.com\/wp-content\/uploads\/2023\/07\/serve.png\" alt=\"\" width=\"50\" height=\"50\" srcset=\"https:\/\/dev.registrarcorp.com\/wp-content\/uploads\/2023\/07\/serve.png 100w, https:\/\/dev.registrarcorp.com\/wp-content\/uploads\/2023\/07\/serve-150x150.png 150w, https:\/\/dev.registrarcorp.com\/wp-content\/uploads\/2023\/07\/serve-600x600.png 600w\" sizes=\"auto, (max-width: 50px) 100vw, 50px\" \/><\/div>\n<p><span style=\"color: #ffffff;\"><span style=\"font-size: 18.0pt;\">Atuar como seu contato de comunica\u00e7\u00f5es e (se aplic\u00e1vel) agente dos EUA<\/span><\/span><\/p>\n<\/div>\n[\/vc_column_text][\/vc_column][\/vc_row][vc_row full_width=&#8221;stretch_row&#8221; css=&#8221;.vc_custom_1688803127667{padding-bottom: 50px !important;background-color: #003873 !important;}&#8221;][vc_column width=&#8221;1\/6&#8243;][\/vc_column][vc_column width=&#8221;2\/3&#8243; css=&#8221;.vc_custom_1685362239351{padding-top: 0px !important;}&#8221;][vc_btn title=&#8221;Comece hoje mesmo&#8221; style=&#8221;flat&#8221; shape=&#8221;square&#8221; color=&#8221;blue&#8221; size=&#8221;lg&#8221; align=&#8221;center&#8221; i_align=&#8221;right&#8221; i_icon_fontawesome=&#8221;fas fa-arrow-right&#8221; add_icon=&#8221;true&#8221; el_class=&#8221;primary-btn-white&#8221; link=&#8221;url:%23formSection|&#8221;][\/vc_column][vc_column width=&#8221;1\/6&#8243;][\/vc_column][\/vc_row][vc_row full_width=&#8221;stretch_row&#8221; css=&#8221;.vc_custom_1697469888310{padding-top: 30px !important;padding-bottom: 30px !important;background-color: #ffffff !important;}&#8221; el_id=&#8221;formSection&#8221;][vc_column width=&#8221;1\/2&#8243;][vc_column_text]\n<h2><span class=\"ui-provider fz b c d e f g h i j k l m n o p q r s t u v w x y z ab ac ae af ag ah ai aj ak\" dir=\"ltr\"><span style=\"color: #003873;\">A Registrar Corp ajuda a simplificar as regulamenta\u00e7\u00f5es de aditivos de cores.\u00a0<\/span><\/span><\/h2>\n[\/vc_column_text][\/vc_column][vc_column width=&#8221;1\/2&#8243; css=&#8221;.vc_custom_1697468877918{padding-top: 25px !important;padding-right: 25px !important;padding-bottom: 25px !important;padding-left: 25px !important;background-color: #003873 !important;}&#8221;][vc_raw_html]W2dyYXZpdHlmb3JtIGlkPSI2MCIgdGl0bGU9ImZhbHNlIiBkZXNjcmlwdGlvbj0iZmFsc2UiXQ==[\/vc_raw_html][\/vc_column][\/vc_row][vc_row full_width=&#8221;stretch_row&#8221; css=&#8221;.vc_custom_1727969514553{padding-bottom: 50px !important;background-color: #eceff1 !important;}&#8221; el_class=&#8221;faq-accordion-section&#8221;][vc_column][vc_single_image image=&#8221;3265&#8243; img_size=&#8221;medium&#8221; alignment=&#8221;right&#8221; css=&#8221;.vc_custom_1700033563340{margin-bottom: -105px !important;}&#8221; el_class=&#8221;hide-row&#8221;][vc_custom_heading text=&#8221;Perguntas frequentes&#8221; font_container=&#8221;tag:h2|font_size:40px|text_align:left|color:%23003873&#8243; google_fonts=&#8221;font_family:Montserrat%3Aregular%2C700|font_style:700%20bold%20regular%3A700%3Anormal&#8221; css=&#8221;.vc_custom_1700033595093{border-bottom-width: 0.5px !important;padding-top: 50px !important;padding-bottom: 20px !important;border-bottom-color: #000000 !important;border-bottom-style: solid !important;}&#8221;][vc_tta_accordion style=&#8221;flat&#8221; shape=&#8221;square&#8221; c_icon=&#8221;chevron&#8221; active_section=&#8221;1&#8243; no_fill=&#8221;true&#8221;][vc_tta_section title=&#8221;Quais s\u00e3o as regras da FDA espec\u00edficas para aditivos de cores?&#8221; tab_id=&#8221;faq1&#8243; el_class=&#8221;prior-faq-sec&#8221;][vc_column_text]Todos os aditivos coloridos devem ser aprovados pela FDA para o uso pretendido. Uma vez aprovada, a FDA anuncia um regulamento para o aditivo de cor espec\u00edfico, que \u00e9 encontrado no T\u00edtulo 21 do C\u00f3digo de Regulamenta\u00e7\u00f5es Federais.<\/p>\n<p>Algumas cores s\u00e3o aprovadas de modo geral, enquanto outras ter\u00e3o usos aprovados ou limita\u00e7\u00f5es muito espec\u00edficas em seu uso. Por exemplo, o betacaroteno pode ser usado em alimentos em geral, mas o extrato de Espirulina s\u00f3 pode ser usado em certas categorias de produtos.[\/vc_column_text][\/vc_tta_section][vc_tta_section title=&#8221;O que \u00e9 certifica\u00e7\u00e3o em lote?&#8221; tab_id=&#8221;faq2&#8243; el_class=&#8221;prior-faq-sec&#8221;][vc_column_text]<span data-contrast=\"none\">Al\u00e9m disso, alguns aditivos coloridos exigem \u201ccertifica\u00e7\u00e3o de lote\u201d antes que possam ser adicionados a um produto acabado, onde a FDA testa uma amostra de cada lote fabricado para garantir que atenda \u00e0s suas especifica\u00e7\u00f5es. Essas cores, uma vez certificadas, s\u00e3o designadas com \u201cFD&amp;C\u201d ou \u201cD&amp;C\u201d no nome.<\/span><span data-ccp-props=\"{&quot;201341983&quot;:0,&quot;335559685&quot;:0,&quot;335559739&quot;:160,&quot;335559740&quot;:257}\"><\/span><\/p>\n<p><span data-contrast=\"none\">A certifica\u00e7\u00e3o envolve regras rigorosas sobre a fabrica\u00e7\u00e3o e, em seguida, o \u201ccontrole\u201d do lote para que n\u00e3o ocorra adultera\u00e7\u00e3o enquanto a FDA testa a amostra. A rotulagem do aditivo de cor em si tamb\u00e9m est\u00e1 sujeita a requisitos espec\u00edficos de conte\u00fado.\u00a0 Qualquer viola\u00e7\u00e3o pode resultar na rejei\u00e7\u00e3o do lote pela FDA e na recusa da certifica\u00e7\u00e3o.<\/span><span data-ccp-props=\"{&quot;201341983&quot;:0,&quot;335559685&quot;:0,&quot;335559739&quot;:160,&quot;335559740&quot;:257}\"><\/span><\/p>\n<p><span data-contrast=\"none\">As empresas devem ter muito cuidado para garantir que suas cores sejam aprovadas para uso nos EUA, pois essa \u00e9 uma causa extremamente comum para deten\u00e7\u00f5es de remessas. As empresas tamb\u00e9m devem estar preparadas para provar que quaisquer cores certific\u00e1veis usadas em seus produtos s\u00e3o provenientes de lotes certificados pela FDA com o n\u00famero exato do lote.<\/span><span data-ccp-props=\"{&quot;201341983&quot;:0,&quot;335559685&quot;:0,&quot;335559739&quot;:160,&quot;335559740&quot;:257}\"><\/span>[\/vc_column_text][\/vc_tta_section][vc_tta_section title=&#8221;Quais s\u00e3o as taxas para certificar um aditivo de cor?&#8221; tab_id=&#8221;faq3&#8243; el_class=&#8221;prior-faq-sec&#8221;][vc_column_text]<span data-contrast=\"none\">A FDA cobra taxas com base no tamanho do lote que est\u00e1 sendo certificado. Para cores retas e lagos, a taxa \u00e9 de US$ 0,35 por libra, mas n\u00e3o inferior a US$ 224. Para reembalagens de aditivos coloridos certificados anteriormente, a taxa varia: lotes de 100 libras ou menos, US$ 35; lotes maiores que 100 libras at\u00e9 1000 libras, US$ 35 mais US$ 0,06 para cada libra acima de 100 libras; e para lotes maiores que 1000 libras, US$ 89 mais US$ 0,02 para cada libra acima de 1000 libras. <\/span><span data-ccp-props=\"{&quot;201341983&quot;:0,&quot;335559685&quot;:0,&quot;335559739&quot;:160,&quot;335559740&quot;:257}\"><\/span><\/p>\n<p><span data-contrast=\"none\">Em 2 de novembro de 2022, a FDA prop\u00f4s um aumento nas taxas de certifica\u00e7\u00e3o de lote de cores para cobrir o aumento dos custos de opera\u00e7\u00e3o do programa. At\u00e9 o momento, este aumento proposto n\u00e3o foi finalizado.<\/span><span data-ccp-props=\"{&quot;201341983&quot;:0,&quot;335559685&quot;:0,&quot;335559739&quot;:160,&quot;335559740&quot;:257}\"><\/span>[\/vc_column_text][\/vc_tta_section][vc_tta_section title=&#8221;Quais s\u00e3o os procedimentos que uma empresa deve seguir para certificar cores?&#8221; tab_id=&#8221;faq4&#8243; el_class=&#8221;prior-faq-sec&#8221;][vc_column_text]<span data-contrast=\"none\">Para certificar cores com a FDA, uma empresa deve estabelecer uma conta de aditivo de cor com a FDA. Empresas fora dos EUA tamb\u00e9m devem designar um agente dos EUA que \u201caceitar\u00e1 a responsabilidade\u201d por quaisquer amostras enviadas para certifica\u00e7\u00e3o.<\/span><span data-ccp-props=\"{&quot;201341983&quot;:0,&quot;335559685&quot;:0,&quot;335559739&quot;:160,&quot;335559740&quot;:257}\"><\/span><\/p>\n<p><span data-contrast=\"none\">Assim que a conta de aditivo colorido for estabelecida, uma empresa ter\u00e1 acesso ao sistema on-line da FDA, atrav\u00e9s do qual as solicita\u00e7\u00f5es de certifica\u00e7\u00e3o em lote podem ser enviadas. Para usar o sistema on-line, as taxas de certifica\u00e7\u00e3o devem ser enviadas \u00e0 FDA e atribu\u00eddas \u00e0 conta de aditivo colorido.<\/span><span data-ccp-props=\"{&quot;201341983&quot;:0,&quot;335559685&quot;:0,&quot;335559739&quot;:160,&quot;335559740&quot;:257}\"><\/span><\/p>\n<p><span data-contrast=\"none\">Assim que as taxas forem recebidas, uma empresa poder\u00e1 enviar solicita\u00e7\u00f5es e amostras para a FDA para testes. O agente dos EUA tamb\u00e9m usa o sistema on-line para aceitar a responsabilidade pelas amostras. A FDA publicar\u00e1 os resultados dos testes no sistema e far\u00e1 o acompanhamento por correio com certificados em papel para os lotes.<\/span><span data-ccp-props=\"{&quot;201341983&quot;:0,&quot;335559685&quot;:0,&quot;335559739&quot;:160,&quot;335559740&quot;:257}\"><\/span>[\/vc_column_text][\/vc_tta_section][vc_tta_section title=&#8221;Quais s\u00e3o exemplos de aditivos de cores que exigem certifica\u00e7\u00e3o em lote?&#8221; tab_id=&#8221;faq5&#8243; el_class=&#8221;prior-faq-sec&#8221;][vc_column_text]<span data-contrast=\"none\">Muitos aditivos de cores usados em todo o mundo est\u00e3o sujeitos \u00e0 certifica\u00e7\u00e3o em lote pela FDA. \u00c9 muito comum que empresas que enviam produtos com essas cores para os EUA experimentem remessas retidas e recusa de entrada quando n\u00e3o podem provar que os produtos foram feitos com cores certificadas.<\/span><span data-ccp-props=\"{&quot;201341983&quot;:0,&quot;335559685&quot;:0,&quot;335559739&quot;:160,&quot;335559740&quot;:257}\"><\/span><\/p>\n<p><span data-contrast=\"none\">Por exemplo, Allura Red, Tartrazine e Sunset Yellow devem ser certificados como FD&amp;C Red 40, FD&amp;C Yellow No. 5 e FD&amp;C Yellow No. 6.<\/span><span data-ccp-props=\"{&quot;201341983&quot;:0,&quot;335559685&quot;:0,&quot;335559739&quot;:160,&quot;335559740&quot;:257}\"><\/span>[\/vc_column_text][\/vc_tta_section][vc_tta_section title=&#8221;Que tamanho de amostra devo coletar?&#8221; tab_id=&#8221;faq6&#8243; el_class=&#8221;prior-faq-sec&#8221;][vc_column_text]<span data-contrast=\"none\">Uma amostra de cor reta ou de lago deve ter 120 ml. Uma amostra de reembalagem ou mistura deve ter 2 on\u00e7as. A FDA prefere que as empresas usem recipientes espec\u00edficos que a ag\u00eancia envia para a empresa quando a conta de aditivo colorido \u00e9 estabelecida. O n\u00e3o uso dos recipientes da FDA pode atrasar o processo ou resultar na rejei\u00e7\u00e3o da amostra.<\/span><span data-ccp-props=\"{&quot;201341983&quot;:0,&quot;335559685&quot;:0,&quot;335559739&quot;:160,&quot;335559740&quot;:257}\"><\/span>[\/vc_column_text][\/vc_tta_section][vc_tta_section title=&#8221;O que devo fazer enquanto a FDA estiver testando minha amostra?&#8221; tab_id=&#8221;faq7&#8243; el_class=&#8221;prior-faq-sec&#8221;][vc_column_text]<span data-contrast=\"none\">As regulamenta\u00e7\u00f5es da FDA exigem que seu lote seja mantido sob controle rigoroso, aguardando certifica\u00e7\u00e3o. Ele deve ser armazenado em recipientes que impe\u00e7am uma altera\u00e7\u00e3o na composi\u00e7\u00e3o e mantido sob o controle da pessoa que solicita a certifica\u00e7\u00e3o.<\/span><span data-ccp-props=\"{&quot;201341983&quot;:0,&quot;335559685&quot;:0,&quot;335559739&quot;:160,&quot;335559740&quot;:257}\"><\/span><\/p>\n<p><span data-contrast=\"none\">As amostras devem ser marcadas para que fiquem claras e n\u00e3o devem ser usadas at\u00e9 que a certifica\u00e7\u00e3o seja conclu\u00edda. A FDA se recusou a certificar aditivos de cores nos casos em que a ag\u00eancia tem motivos para acreditar que eles n\u00e3o est\u00e3o sendo mantidos sob o controle do solicitante.<\/span><span data-ccp-props=\"{&quot;201341983&quot;:0,&quot;335559685&quot;:0,&quot;335559739&quot;:160,&quot;335559740&quot;:257}\"><\/span><\/p>\n<p><span data-contrast=\"none\">Ap\u00f3s a conclus\u00e3o da certifica\u00e7\u00e3o, o lote deve ser mantido para manter sua composi\u00e7\u00e3o adequada at\u00e9 ser usado em um alimento, medicamento ou cosm\u00e9tico.<\/span><span data-ccp-props=\"{&quot;201341983&quot;:0,&quot;335559685&quot;:0,&quot;335559739&quot;:160,&quot;335559740&quot;:257}\"><\/span>[\/vc_column_text][\/vc_tta_section][vc_tta_section title=&#8221;O que \u00e9 um \u201cn\u00famero de lote exclusivo\u201d?&#8221; tab_id=&#8221;faq8&#8243; el_class=&#8221;prior-faq-sec&#8221;][vc_column_text]<span data-contrast=\"none\">Se um lote for aprovado e certificado, a FDA atribuir\u00e1 ao lote um n\u00famero de lote exclusivo. Este n\u00famero deve ser adicionado \u00e0 rotulagem e referenciado se a FDA solicitar prova de certifica\u00e7\u00e3o.<\/span><span data-ccp-props=\"{&quot;201341983&quot;:0,&quot;335559685&quot;:0,&quot;335559739&quot;:160,&quot;335559740&quot;:257}\"><\/span><\/p>\n<p><span data-contrast=\"none\">Qualquer empresa que compre um aditivo de cor certific\u00e1vel para uso em um produto acabado destinado ao mercado dos EUA deve garantir que receba o n\u00famero de lote exclusivo caso a FDA o solicite mediante inspe\u00e7\u00e3o no porto.<\/span><span data-ccp-props=\"{&quot;201341983&quot;:0,&quot;335559685&quot;:0,&quot;335559739&quot;:160,&quot;335559740&quot;:257}\"><\/span>[\/vc_column_text][\/vc_tta_section][\/vc_tta_accordion][\/vc_column][\/vc_row]\n<\/div>","protected":false},"excerpt":{"rendered":"<p>[vc_row full_width=&#8221;stretch_row&#8221; css=&#8221;.vc_custom_1726759153635{padding-top: 70px !important;background-color: #ffffff !important;}&#8221; el_class=&#8221;vertical-text-align hero-section&#8221;][vc_column width=&#8221;1\/2&#8243; css=&#8221;.vc_custom_1688990185635{padding-top: 50px !important;}&#8221; el_class=&#8221;color-additive-header&#8221;][vc_custom_heading text=&#8221;Mantenha-se em conformidade com os servi\u00e7os de aditivos de cores da FDA da Registrar Corp.&#8221; font_container=&#8221;tag:h1|font_size:46px|text_align:left|color:%23003873|line_height:56px&#8221; google_fonts=&#8221;font_family:Montserrat%3Aregular%2C700|font_style:700%20bold%20regular%3A700%3Anormal&#8221;][vc_column_text fnt_family=&#8221;Montserrat&#8221; fnt_size=&#8221;18px&#8221; fnt_family_h4=&#8221;Montserrat&#8221; fnt_size_h4=&#8221;24px&#8221;]Evite desperdi\u00e7ar in\u00fameras horas pesquisando os extensos requisitos de aditivos de cores da FDA e obtenha orienta\u00e7\u00e3o especializada sobre quais regulamentos<\/p>\n","protected":false},"author":33,"featured_media":0,"parent":13711,"menu_order":0,"comment_status":"closed","ping_status":"closed","template":"page-templates\/page-sidebar-none.php","meta":{"_acf_changed":false,"content-type":"","footnotes":""},"class_list":["post-12067","page","type-page","status-publish","hentry"],"acf":[],"_links":{"self":[{"href":"https:\/\/dev.registrarcorp.com\/pt-br\/wp-json\/wp\/v2\/pages\/12067","targetHints":{"allow":["GET"]}}],"collection":[{"href":"https:\/\/dev.registrarcorp.com\/pt-br\/wp-json\/wp\/v2\/pages"}],"about":[{"href":"https:\/\/dev.registrarcorp.com\/pt-br\/wp-json\/wp\/v2\/types\/page"}],"author":[{"embeddable":true,"href":"https:\/\/dev.registrarcorp.com\/pt-br\/wp-json\/wp\/v2\/users\/33"}],"replies":[{"embeddable":true,"href":"https:\/\/dev.registrarcorp.com\/pt-br\/wp-json\/wp\/v2\/comments?post=12067"}],"version-history":[{"count":0,"href":"https:\/\/dev.registrarcorp.com\/pt-br\/wp-json\/wp\/v2\/pages\/12067\/revisions"}],"up":[{"embeddable":true,"href":"https:\/\/dev.registrarcorp.com\/pt-br\/wp-json\/wp\/v2\/pages\/13711"}],"wp:attachment":[{"href":"https:\/\/dev.registrarcorp.com\/pt-br\/wp-json\/wp\/v2\/media?parent=12067"}],"curies":[{"name":"wp","href":"https:\/\/api.w.org\/{rel}","templated":true}]}}