{"id":12743,"date":"2023-06-20T10:41:12","date_gmt":"2023-06-20T10:41:12","guid":{"rendered":"https:\/\/staging.registrarcorp.com\/certificate-of-registration\/"},"modified":"2025-02-17T20:55:42","modified_gmt":"2025-02-17T20:55:42","slug":"fda-certificate-registration","status":"publish","type":"page","link":"https:\/\/dev.registrarcorp.com\/pt-br\/services\/fda-certificate-registration\/","title":{"rendered":"Certificado de registro"},"content":{"rendered":"<div class=\"wpb-content-wrapper\">[vc_section el_class=&#8221;banner-section&#8221;][vc_row full_width=&#8221;stretch_row&#8221; content_placement=&#8221;middle&#8221; css=&#8221;.vc_custom_1726758894671{padding-top: 50px !important;padding-bottom: 25px !important;background-color: #ffffff !important;}&#8221; el_class=&#8221;topContainer row-wdith hero-section&#8221; el_id=&#8221;headerRow&#8221;][vc_column width=&#8221;1\/2&#8243;][vc_column_text]\n<h1 class=\"bnr-heading\">Obtenha um certificado de registro da FDA em<span style=\"color: #0081ff;\"> Registrar Corp.<\/span><\/h1>\n[\/vc_column_text][vc_column_text fnt_family=&#8221;Montserrat&#8221; fnt_size=&#8221;24&#8243;]Importadores e compradores norte-americanos de produtos regulamentados pela FDA geralmente solicitam um Certificado de Registro da FDA de seus fornecedores \u2013 um documento que a FDA n\u00e3o fornece. Para ajudar nossos clientes a verificar sua conformidade, oferecemos certificados de registro de terceiros sem custo para voc\u00ea.[\/vc_column_text][vc_btn title=&#8221;Obtenha seu certificado de registro&#8221; color=&#8221;sky&#8221; i_align=&#8221;right&#8221; i_icon_fontawesome=&#8221;fas fa-arrow-right&#8221; add_icon=&#8221;true&#8221; el_class=&#8221;primary-btn&#8221; link=&#8221;url:%23already-registered|&#8221;][\/vc_column][vc_column width=&#8221;1\/2&#8243; el_class=&#8221;container-right&#8221;][vc_single_image image=&#8221;5868&#8243; img_size=&#8221;full&#8221; alignment=&#8221;center&#8221;][\/vc_column][\/vc_row][vc_row full_width=&#8221;stretch_row&#8221; content_placement=&#8221;middle&#8221; css=&#8221;.vc_custom_1687254289263{padding-top: 40px !important;padding-bottom: 20px !important;background-color: #f4f4f4 !important;}&#8221; el_class=&#8221;topContainer row-wdith&#8221;][vc_column width=&#8221;1\/2&#8243;][vc_column_text]\n<h2 class=\"bnr-heading2\">Como posso obter um certificado de registro?<\/h2>\n[\/vc_column_text][vc_column_text fnt_family=&#8221;Montserrat&#8221;]\n<div>\n<div class=\"p-main-list\">\n<div class=\"p-list-icon\"><img decoding=\"async\" class=\"alignnone size-full wp-image-1609\" src=\"https:\/\/dev.registrarcorp.com\/wp-content\/uploads\/2023\/06\/fda-reg-icon1.png\" alt=\"fabrica\u00e7\u00e3o\"\/><\/div>\n<p><span class=\"txt18\">As empresas que fabricam produtos regulamentados pela Ag\u00eancia de Administra\u00e7\u00e3o de Alimentos e Medicamentos dos EUA (Food and Drug Administration, FDA) devem registrar suas instala\u00e7\u00f5es na FDA e renovar seus registros regularmente.<\/span><\/p>\n<\/div>\n<div class=\"p-main-list\">\n<div class=\"p-list-icon\"><img decoding=\"async\" class=\"alignnone size-full wp-image-1601\" src=\"https:\/\/dev.registrarcorp.com\/wp-content\/uploads\/2023\/06\/fda-reg-icon2.png\" alt=\"buzinas\"\/><\/div>\n<p><span class=\"txt18\">Dependendo do seu setor, tamb\u00e9m pode ser necess\u00e1rio obter e manter um n\u00famero do Sistema de numera\u00e7\u00e3o universal de dados (Data Universal Numbering System, DUNS) por meio da Dun &#038; Bradstreet.<\/span><\/p>\n<\/div>\n<div class=\"p-main-list\">\n<div class=\"p-list-icon\"><img decoding=\"async\" class=\"alignnone wp-image-1593 size-full\" src=\"https:\/\/dev.registrarcorp.com\/wp-content\/uploads\/2023\/06\/fda-reg-icon3.png\" alt=\"FDAregistro\"\/><\/div>\n<p><span class=\"txt18\">Depois que sua instala\u00e7\u00e3o tiver sido registrada com sucesso, a FDA emitir\u00e1 seu n\u00famero de registro, mas nenhum Certificado de Registro, mesmo que muitos compradores ou importadores solicitem a confirma\u00e7\u00e3o de registro dos fornecedores.<\/span><\/p>\n<\/div>\n<div class=\"p-main-list\">\n<div class=\"p-list-icon\"><img decoding=\"async\" class=\"alignnone wp-image-1585 size-full\" src=\"https:\/\/dev.registrarcorp.com\/wp-content\/uploads\/2023\/06\/fda-reg-icon4.png\" alt=\"confirmarFDA\"\/><\/div>\n<p><span class=\"txt18\">Uma maneira r\u00e1pida e f\u00e1cil de confirmar seu registro na FDA \u00e9 solicitar um Certificado de Registro de um terceiro, como a Registrar Corp.<\/span><\/p>\n<\/div>\n<\/div>\n[\/vc_column_text][\/vc_column][vc_column width=&#8221;1\/2&#8243; el_class=&#8221;container-right&#8221;][vc_single_image image=&#8221;5908&#8243; img_size=&#8221;full&#8221; alignment=&#8221;center&#8221;][\/vc_column][\/vc_row][vc_row full_width=&#8221;stretch_row&#8221; content_placement=&#8221;middle&#8221; css=&#8221;.vc_custom_1689353470126{padding-top: 40px !important;padding-bottom: 25px !important;background-color: #ffffff !important;}&#8221; el_class=&#8221;topContainer row-wdith&#8221; el_id=&#8221;already-registered&#8221;][vc_column width=&#8221;1\/2&#8243; el_class=&#8221;container-right&#8221;][vc_single_image image=&#8221;5916&#8243; img_size=&#8221;full&#8221; alignment=&#8221;center&#8221;][\/vc_column][vc_column width=&#8221;1\/2&#8243;][vc_column_text fnt_size=&#8221;32&#8243; el_class=&#8221;text-capitalize&#8221;]\n<div class=\"p-main-list\">\n<div class=\"p-list-icon\"><img decoding=\"async\" class=\"alignnone size-full wp-image-1609\" src=\"https:\/\/dev.registrarcorp.com\/wp-content\/uploads\/2023\/06\/fda-reg-icon5.png\" alt=\"Registro na FDA\"\/><\/div>\n<p><span class=\"bnr-heading2\">J\u00e1 est\u00e1 registrado na FDA?<\/span><\/p>\n<\/div>\n[\/vc_column_text][vc_column_text css=&#8221;.vc_custom_1739797682636{padding-left: 55px !important;}&#8221; fnt_family=&#8221;Montserrat&#8221;]\n<div class=\"txt18\">\n<p>A Registrar Corp pode fornecer um certificado de registro de terceiros para servir como confirma\u00e7\u00e3o do seu registro v\u00e1lido na FDA para compradores, despachantes aduaneiros e fornecedores. Oferecemos certificados de registro para os seguintes setores:<\/p>\n<p>Alimentos, bebidas e suplementos alimentares<a href=\"https:\/\/dev.registrarcorp.com\/pt-br\/services\/fda-certificate-registration\/\">Obter certificado<\/a>Medicamento<a href=\"https:\/\/dev.registrarcorp.com\/pt-br\/services\/fda-certificate-registration\/drugs-certificate-of-u-s-fda-registration\/\">Obter certificado<\/a>Cosm\u00e9ticos<a href=\"https:\/\/dev.registrarcorp.com\/pt-br\/services\/fda-certificate-registration\/cosmetics-certificate-of-u-s-fda-registration\/\">Obter certificado<\/a><\/p>\n<\/div>\n[\/vc_column_text][\/vc_column][\/vc_row][vc_row full_width=&#8221;stretch_row&#8221; content_placement=&#8221;middle&#8221; css=&#8221;.vc_custom_1687254289263{padding-top: 40px !important;padding-bottom: 20px !important;background-color: #f4f4f4 !important;}&#8221; el_class=&#8221;topContainer row-wdith&#8221;][vc_column width=&#8221;1\/2&#8243;][vc_column_text fnt_size=&#8221;32&#8243; el_class=&#8221;text-capitalize&#8221;]\n<div class=\"p-main-list\">\n<div class=\"p-list-icon\"><img decoding=\"async\" class=\"alignnone size-full wp-image-1609\" src=\"https:\/\/dev.registrarcorp.com\/wp-content\/uploads\/2023\/06\/fda-reg-icon6.png\" alt=\"Registro na FDA\"\/><\/div>\n<p><span class=\"bnr-heading2\">Ainda n\u00e3o est\u00e1 registrado na FDA?<\/span><\/p>\n<\/div>\n[\/vc_column_text][vc_column_text css=&#8221;.vc_custom_1689353373413{padding-left: 55px !important;}&#8221; fnt_family=&#8221;Montserrat&#8221; fnt_size=&#8221;18px&#8221;]A Registrar Corp apoia todos os setores regulamentados pela FDA com servi\u00e7os de registro da FDA, incluindo alimentos, medicamentos, dispositivos m\u00e9dicos, cosm\u00e9ticos, biol\u00f3gicos e dispositivos emissores de radia\u00e7\u00e3o (RED) ou instala\u00e7\u00f5es eletr\u00f4nicas.<\/p>\n<p>Atuamos como seu agente dos EUA para comunica\u00e7\u00f5es da FDA, ajudando a garantir a conformidade de suas instala\u00e7\u00f5es com os regulamentos da FDA.<\/p>\n<p>Nossos servi\u00e7os de registro da FDA incluem:<\/p>\n<ul>\n<li>Assist\u00eancia para registro e renova\u00e7\u00e3o na FDA<\/li>\n<li>Assist\u00eancia com o n\u00famero DUNS<\/li>\n<li>Assist\u00eancia \u00e0 deten\u00e7\u00e3o<\/li>\n<li>Apresenta\u00e7\u00e3o do Prior Notice<\/li>\n<li>Inspe\u00e7\u00f5es simuladas da FDA (por uma taxa reduzida adicional)<\/li>\n<li>Revis\u00e3o de conformidade MMR<\/li>\n<li>Relat\u00f3rio eletr\u00f4nico de dispositivos m\u00e9dicos (eMDR)<\/li>\n<\/ul>\n<p>Assim que sua instala\u00e7\u00e3o tiver sido registrada na FDA, podemos fornecer um Certificado de Registro para sua instala\u00e7\u00e3o de alimentos, medicamentos ou cosm\u00e9ticos.<br \/>\n[\/vc_column_text][vc_btn title=&#8221;Registre sua instala\u00e7\u00e3o hoje mesmo&#8221; color=&#8221;sky&#8221; i_align=&#8221;right&#8221; i_icon_fontawesome=&#8221;fas fa-arrow-right&#8221; css=&#8221;.vc_custom_1724956090808{padding-left: 70px !important;}&#8221; add_icon=&#8221;true&#8221; el_class=&#8221;primary-btn&#8221; link=&#8221;url:https%3A%2F%2Fdev.registrarcorp.com%2Fpt-br%2Ffda-registration-form%2F|&#8221;][\/vc_column][vc_column width=&#8221;1\/2&#8243; el_class=&#8221;container-right&#8221;][vc_single_image image=&#8221;5941&#8243; img_size=&#8221;full&#8221; alignment=&#8221;center&#8221;][\/vc_column][\/vc_row][\/vc_section]\n<\/div>","protected":false},"excerpt":{"rendered":"<p>[vc_section el_class=&#8221;banner-section&#8221;][vc_row full_width=&#8221;stretch_row&#8221; content_placement=&#8221;middle&#8221; css=&#8221;.vc_custom_1726758894671{padding-top: 50px !important;padding-bottom: 25px !important;background-color: #ffffff !important;}&#8221; el_class=&#8221;topContainer row-wdith hero-section&#8221; el_id=&#8221;headerRow&#8221;][vc_column width=&#8221;1\/2&#8243;][vc_column_text] Obtenha um certificado de registro da FDA em Registrar Corp. [\/vc_column_text][vc_column_text fnt_family=&#8221;Montserrat&#8221; fnt_size=&#8221;24&#8243;]Importadores e compradores norte-americanos de produtos regulamentados pela FDA geralmente solicitam um Certificado de Registro da FDA de seus fornecedores \u2013 um documento que a FDA n\u00e3o<\/p>\n","protected":false},"author":40,"featured_media":0,"parent":14807,"menu_order":0,"comment_status":"closed","ping_status":"closed","template":"page-templates\/page-sidebar-none.php","meta":{"_acf_changed":false,"content-type":"","footnotes":""},"class_list":["post-12743","page","type-page","status-publish","hentry"],"acf":[],"_links":{"self":[{"href":"https:\/\/dev.registrarcorp.com\/pt-br\/wp-json\/wp\/v2\/pages\/12743","targetHints":{"allow":["GET"]}}],"collection":[{"href":"https:\/\/dev.registrarcorp.com\/pt-br\/wp-json\/wp\/v2\/pages"}],"about":[{"href":"https:\/\/dev.registrarcorp.com\/pt-br\/wp-json\/wp\/v2\/types\/page"}],"author":[{"embeddable":true,"href":"https:\/\/dev.registrarcorp.com\/pt-br\/wp-json\/wp\/v2\/users\/40"}],"replies":[{"embeddable":true,"href":"https:\/\/dev.registrarcorp.com\/pt-br\/wp-json\/wp\/v2\/comments?post=12743"}],"version-history":[{"count":0,"href":"https:\/\/dev.registrarcorp.com\/pt-br\/wp-json\/wp\/v2\/pages\/12743\/revisions"}],"up":[{"embeddable":true,"href":"https:\/\/dev.registrarcorp.com\/pt-br\/wp-json\/wp\/v2\/pages\/14807"}],"wp:attachment":[{"href":"https:\/\/dev.registrarcorp.com\/pt-br\/wp-json\/wp\/v2\/media?parent=12743"}],"curies":[{"name":"wp","href":"https:\/\/api.w.org\/{rel}","templated":true}]}}