{"id":14006,"date":"2023-05-15T10:17:06","date_gmt":"2023-05-15T10:17:06","guid":{"rendered":"https:\/\/staging.registrarcorp.com\/dietary-supplements\/"},"modified":"2024-10-03T19:24:16","modified_gmt":"2024-10-03T19:24:16","slug":"dietary-supplements","status":"publish","type":"page","link":"https:\/\/dev.registrarcorp.com\/pt-br\/industries\/dietary-supplements\/","title":{"rendered":"Suplementos alimentares"},"content":{"rendered":"<div class=\"wpb-content-wrapper\">[vc_section full_width=&#8221;stretch_row&#8221; content_placement=&#8221;middle&#8221; css=&#8221;.vc_custom_1684238636830{padding-top: 80px !important;padding-bottom: 50px !important;background-color: #ffffff !important;}&#8221;][vc_row content_placement=&#8221;middle&#8221; el_class=&#8221;hero-section&#8221;][vc_column width=&#8221;1\/2&#8243;][vc_column_text css=&#8221;&#8221;]\n<h1 class=\"banner-title\"><strong>Mantenha sua unidade<br \/>\n<span style=\"color: #0081ff;\"> de suplementos alimentares em conformidade.<\/span><\/strong><\/h1>\n[\/vc_column_text][vc_column_text fnt_family=&#8221;Montserrat&#8221; fnt_size=&#8221;24&#8243;]Importe e comercialize suplementos alimentares com seguran\u00e7a com a Registrar Corp. Nossa equipe de profissionais regulat\u00f3rios se dedica a ajud\u00e1-lo a obter e manter a conformidade.[\/vc_column_text][vc_btn title=&#8221;Explore nossas ofertas&#8221; color=&#8221;sky&#8221; i_align=&#8221;right&#8221; i_icon_fontawesome=&#8221;fas fa-arrow-right&#8221; add_icon=&#8221;true&#8221; link=&#8221;url:%23offerings|&#8221; el_class=&#8221;primary-btn&#8221;][\/vc_column][vc_column width=&#8221;1\/2&#8243;][vc_single_image image=&#8221;1778&#8243; img_size=&#8221;full&#8221; alignment=&#8221;center&#8221;][\/vc_column][\/vc_row][\/vc_section][vc_section][vc_row content_placement=&#8221;middle&#8221;][vc_column width=&#8221;2\/5&#8243;][vc_single_image image=&#8221;1794&#8243; img_size=&#8221;full&#8221; alignment=&#8221;center&#8221; css=&#8221;.vc_custom_1684240573698{margin-top: 60px !important;margin-right: 60px !important;margin-bottom: 60px !important;}&#8221;][\/vc_column][vc_column width=&#8221;3\/5&#8243;][vc_custom_heading text=&#8221;Servi\u00e7os&#8221; font_container=&#8221;tag:h2|font_size:40|text_align:left|color:%23003873&#8243; google_fonts=&#8221;font_family:Montserrat%3Aregular%2C700|font_style:700%20bold%20regular%3A700%3Anormal&#8221;][vc_column_text fnt_family=&#8221;Montserrat&#8221; fnt_size=&#8221;18&#8243;]A Registrar Corp \u00e9 especializada em conformidade com alimentos, bebidas e suplementos alimentares. Nossos servi\u00e7os de suplementos alimentares incluem registro e renova\u00e7\u00e3o de instala\u00e7\u00f5es, revis\u00e3o de r\u00f3tulos e ingredientes, suporte para envio de aviso pr\u00e9vio e revis\u00e3o de registros de fabrica\u00e7\u00e3o mestre.<\/p>\n<p>Aproveitamos d\u00e9cadas de experi\u00eancia combinada em equipes e ind\u00fastrias para ajudar os fabricantes nacionais e internacionais de suplementos alimentares a lidar com a conformidade. Nossos servi\u00e7os de conformidade e seguran\u00e7a alimentar v\u00e3o desde o registro na instala\u00e7\u00e3o na FDA e na GACC at\u00e9 o suporte de aviso pr\u00e9vio.[\/vc_column_text][\/vc_column][\/vc_row][vc_row][vc_column][vc_separator color=&#8221;custom&#8221; accent_color=&#8221;#003873&#8243;][\/vc_column][\/vc_row][\/vc_section][vc_section css=&#8221;.vc_custom_1685467818338{padding-bottom: 80px !important;}&#8221; el_id=&#8221;offerings&#8221;][vc_row][vc_column width=&#8221;1\/3&#8243; css=&#8221;.vc_custom_1684152880652{padding-top: 30px !important;padding-right: 30px !important;padding-bottom: 30px !important;padding-left: 30px !important;}&#8221;][vc_single_image image=&#8221;1651&#8243; img_size=&#8221;medium&#8221; alignment=&#8221;center&#8221;][vc_custom_heading text=&#8221;Registro na FDA&#8221; font_container=&#8221;tag:h2|font_size:32|text_align:center|color:%23003873&#8243; google_fonts=&#8221;font_family:Montserrat%3Aregular%2C700|font_style:700%20bold%20regular%3A700%3Anormal&#8221;][vc_column_text fnt_family=&#8221;Montserrat&#8221; fnt_size=&#8221;16&#8243;]\n<p style=\"text-align: center;\">Mantenha o registro de suplementos alimentares atualizado. Oferecemos assist\u00eancia r\u00e1pida e acess\u00edvel com o registro de instala\u00e7\u00f5es, renova\u00e7\u00e3o e n\u00famero DUNS. Tamb\u00e9m podemos ajudar com nossos servi\u00e7os de representa\u00e7\u00e3o de agente dos EUA e acesso \u00e0 nossa plataforma MyFDA para que voc\u00ea possa manter a conformidade facilmente.<\/p>\n[\/vc_column_text][vc_btn title=&#8221;Inscreva-se&#8221; align=&#8221;center&#8221; i_align=&#8221;right&#8221; i_icon_fontawesome=&#8221;fas fa-arrow-right&#8221; add_icon=&#8221;true&#8221; link=&#8221;url:https%3A%2F%2Fdev.registrarcorp.com%2Fpt-br%2Ffda-registration-form%2F|&#8221; el_class=&#8221;secondary-btn&#8221;][\/vc_column][vc_column width=&#8221;1\/3&#8243; css=&#8221;.vc_custom_1684152890564{padding-top: 30px !important;padding-right: 30px !important;padding-bottom: 30px !important;padding-left: 30px !important;}&#8221;][vc_single_image image=&#8221;1659&#8243; img_size=&#8221;medium&#8221; alignment=&#8221;center&#8221;][vc_custom_heading text=&#8221;Revis\u00f5es de r\u00f3tulos e ingredientes&#8221; font_container=&#8221;tag:h2|font_size:32|text_align:center|color:%23003873&#8243; google_fonts=&#8221;font_family:Montserrat%3Aregular%2C700|font_style:700%20bold%20regular%3A700%3Anormal&#8221;][vc_column_text fnt_family=&#8221;Montserrat&#8221; fnt_size=&#8221;16&#8243;]\n<p style=\"text-align: center;\">Os requisitos da FDA para suplementos alimentares mudam constantemente &#8211; a Registrar Corp pode ajud\u00e1-lo a se manter atualizado. Nossos servi\u00e7os de revis\u00e3o de r\u00f3tulos e ingredientes incluem an\u00e1lises detalhadas dos r\u00f3tulos dos seus produtos, um relat\u00f3rio detalhado das altera\u00e7\u00f5es recomendadas, arquivos gr\u00e1ficos prontos para uso de r\u00f3tulos em conformidade e orienta\u00e7\u00e3o individual dos nossos especialistas regulat\u00f3rios.<\/p>\n[\/vc_column_text][vc_btn title=&#8221;Explorar revis\u00e3o de r\u00f3tulos&#8221; align=&#8221;center&#8221; i_align=&#8221;right&#8221; i_icon_fontawesome=&#8221;fas fa-arrow-right&#8221; add_icon=&#8221;true&#8221; link=&#8221;url:https%3A%2F%2Fdev.registrarcorp.com%2Fpt-br%2Fservices%2Flabel-ingredients-review%2F|&#8221; el_class=&#8221;secondary-btn&#8221;][\/vc_column][vc_column width=&#8221;1\/3&#8243; css=&#8221;.vc_custom_1684152904899{padding-top: 30px !important;padding-right: 30px !important;padding-bottom: 30px !important;padding-left: 30px !important;}&#8221;][vc_single_image image=&#8221;1699&#8243; img_size=&#8221;medium&#8221; alignment=&#8221;center&#8221;][vc_custom_heading text=&#8221;Prior Notice&#8221; font_container=&#8221;tag:h2|font_size:32|text_align:center|color:%23003873&#8243; google_fonts=&#8221;font_family:Montserrat%3Aregular%2C700|font_style:700%20bold%20regular%3A700%3Anormal&#8221;][vc_column_text fnt_family=&#8221;Montserrat&#8221; fnt_size=&#8221;16&#8243;]\n<p style=\"text-align: center;\">Proteja a sa\u00fade p\u00fablica enviando um aviso pr\u00e9vio obrigat\u00f3rio para cada remessa importada. A Registrar Corp trabalha com voc\u00ea para reunir e fornecer documenta\u00e7\u00e3o adicional, atender \u00e0s r\u00edgidas diretrizes de envio com base no m\u00e9todo de transporte da remessa e navegar pelos sistemas de software de envio do Prior Notice. Voc\u00ea tamb\u00e9m pode apresentar v\u00e1rios avisos pr\u00e9vios com o nosso servi\u00e7o seguro e eficiente de Prior Notice Express.<\/p>\n[\/vc_column_text][vc_btn title=&#8221;Apresentar um aviso pr\u00e9vio&#8221; align=&#8221;center&#8221; i_align=&#8221;right&#8221; i_icon_fontawesome=&#8221;fas fa-arrow-right&#8221; add_icon=&#8221;true&#8221; link=&#8221;url:%2Fservices%2Fprior-notice%2F|&#8221; el_class=&#8221;secondary-btn&#8221;][\/vc_column][\/vc_row][vc_row][vc_column width=&#8221;1\/3&#8243; css=&#8221;.vc_custom_1684152917984{padding-top: 30px !important;padding-right: 30px !important;padding-bottom: 30px !important;padding-left: 30px !important;}&#8221;][vc_single_image image=&#8221;1760&#8243; img_size=&#8221;medium&#8221; alignment=&#8221;center&#8221;][vc_custom_heading text=&#8221;Registros mestres de fabrica\u00e7\u00e3o&#8221; font_container=&#8221;tag:h2|font_size:32|text_align:center|color:%23003873&#8243; google_fonts=&#8221;font_family:Montserrat%3Aregular%2C700|font_style:700%20bold%20regular%3A700%3Anormal&#8221;][vc_column_text fnt_family=&#8221;Montserrat&#8221; fnt_size=&#8221;16&#8243;]\n<p style=\"text-align: center;\">As empresas que fabricam suplementos alimentares devem escrever e implementar os Registros Mestres de Fabrica\u00e7\u00e3o (MMRs) para cada formula\u00e7\u00e3o exclusiva e tamanho de lote. Os MMRs identificam as etapas e est\u00e1gios do processo de fabrica\u00e7\u00e3o para ajudar a gerenciar a consist\u00eancia nos componentes, qualidade, rotulagem e embalagem de cada lote de suplemento. Nossos especialistas em seguran\u00e7a alimentar analisar\u00e3o os MMRs de suas instala\u00e7\u00f5es para garantir a conformidade cont\u00ednua com a FDA.<\/p>\n[\/vc_column_text][vc_btn title=&#8221;Fa\u00e7a uma revis\u00e3o dos seus MMRs&#8221; shape=&#8221;square&#8221; align=&#8221;center&#8221; i_align=&#8221;right&#8221; i_icon_fontawesome=&#8221;fas fa-arrow-right&#8221; add_icon=&#8221;true&#8221; link=&#8221;url:%2Fservices%2Fmaster-manufacturing-records%2F|&#8221; el_class=&#8221;secondary-btn&#8221;][\/vc_column][vc_column width=&#8221;1\/3&#8243; css=&#8221;.vc_custom_1684152927558{padding-top: 30px !important;padding-right: 30px !important;padding-bottom: 30px !important;padding-left: 30px !important;}&#8221;][vc_single_image image=&#8221;1743&#8243; img_size=&#8221;medium&#8221; alignment=&#8221;center&#8221;][vc_custom_heading text=&#8221;Outros servi\u00e7os&#8221; font_container=&#8221;tag:h2|font_size:32|text_align:center|color:%23003873&#8243; google_fonts=&#8221;font_family:Montserrat%3Aregular%2C700|font_style:700%20bold%20regular%3A700%3Anormal&#8221;][vc_column_text fnt_family=&#8221;Montserrat&#8221; fnt_size=&#8221;16&#8243;]\n<p style=\"text-align: center;\">A Registrar Corp d\u00e1 suporte \u00e0s instala\u00e7\u00f5es de suplementos alimentares com o encaminhamento oportuno de relat\u00f3rios de eventos adversos, atuando como seu contato nos EUA. Tamb\u00e9m oferecemos assist\u00eancia \u00e0 deten\u00e7\u00e3o para remessas que foram atrasadas e retidas pela FDA.<\/p>\n[\/vc_column_text][vc_btn title=&#8221;Explore nossos outros servi\u00e7os&#8221; align=&#8221;center&#8221; i_align=&#8221;right&#8221; i_icon_fontawesome=&#8221;fas fa-arrow-right&#8221; add_icon=&#8221;true&#8221; link=&#8221;url:https%3A%2F%2Fdev.registrarcorp.com%2Fpt-br%2Fservices%2F|&#8221; el_class=&#8221;secondary-btn&#8221;][\/vc_column][vc_column width=&#8221;1\/3&#8243;][\/vc_column][\/vc_row][\/vc_section][vc_section full_width=&#8221;stretch_row&#8221; css=&#8221;.vc_custom_1684219585130{padding-top: 100px !important;padding-bottom: 50px !important;background-color: #003873 !important;}&#8221;][vc_row content_placement=&#8221;middle&#8221;][vc_column width=&#8221;3\/5&#8243;][vc_custom_heading text=&#8221;Obtenha e conserve a conformidade com a Registrar Corp.&#8221; font_container=&#8221;tag:h2|font_size:56|text_align:left|color:%23ffffff&#8221; google_fonts=&#8221;font_family:Montserrat%3Aregular%2C700|font_style:700%20bold%20regular%3A700%3Anormal&#8221;][vc_column_text fnt_family=&#8221;Montserrat&#8221; fnt_size=&#8221;24&#8243; grad_text_color1=&#8221;#ffffff&#8221;]Com nossa experi\u00eancia no setor e equipe de especialistas, sua instala\u00e7\u00e3o de suplementos alimentares est\u00e1 em boas m\u00e3os.[\/vc_column_text][vc_btn title=&#8221;Comece j\u00e1&#8221; color=&#8221;primary&#8221; i_align=&#8221;right&#8221; i_icon_fontawesome=&#8221;fas fa-arrow-right&#8221; css=&#8221;.vc_custom_1712915498777{background-color: #0081ff !important;}&#8221; add_icon=&#8221;true&#8221; link=&#8221;url:https%3A%2F%2Fdev.registrarcorp.com%2Fpt-br%2Fcontact%2F|&#8221; el_class=&#8221;primary-btn-white&#8221;][\/vc_column][vc_column width=&#8221;2\/5&#8243;][vc_single_image image=&#8221;1768&#8243; img_size=&#8221;large&#8221;][\/vc_column][\/vc_row][\/vc_section][vc_section full_width=&#8221;stretch_row&#8221; css=&#8221;.vc_custom_1727969642525{padding-bottom: 50px !important;background-color: #eceff1 !important;}&#8221; el_class=&#8221;faq-accordion-section&#8221;][vc_row content_placement=&#8221;bottom&#8221; css=&#8221;.vc_custom_1700054703073{padding-top: 50px !important;}&#8221;][vc_column width=&#8221;2\/3&#8243;][vc_custom_heading text=&#8221;Perguntas frequentes&#8221; font_container=&#8221;tag:h2|font_size:40|text_align:left|color:%23003873&#8243; google_fonts=&#8221;font_family:Montserrat%3Aregular%2C700|font_style:700%20bold%20regular%3A700%3Anormal&#8221;][\/vc_column][vc_column width=&#8221;1\/3&#8243;][vc_single_image image=&#8221;1011&#8243; img_size=&#8221;medium&#8221; alignment=&#8221;right&#8221; el_class=&#8221;hide-row&#8221;][\/vc_column][\/vc_row][vc_row css=&#8221;.vc_custom_1684137364661{padding-bottom: 50px !important;}&#8221;][vc_column][vc_separator color=&#8221;custom&#8221; accent_color=&#8221;#3d3d3d&#8221;][vc_tta_accordion section_title_tag=&#8221;h2&#8243; c_icon=&#8221;chevron&#8221; active_section=&#8221;1&#8243; no_fill=&#8221;true&#8221; css=&#8221;.vc_custom_1683291355932{background-color: #eceff1 !important;}&#8221; el_class=&#8221;accordion&#8221;][vc_tta_section title=&#8221;O que \u00e9 um suplemento alimentar?&#8221; tab_id=&#8221;what-is-a-dietary-supplement&#8221; el_class=&#8221;accordion-class&#8221;][vc_column_text fnt_family=&#8221;Montserrat&#8221; fnt_size=&#8221;24&#8243; grad_text_color1=&#8221;#003873&#8243;]Um produto destinado \u00e0 ingest\u00e3o que tamb\u00e9m cont\u00e9m um ingrediente diet\u00e9tico destinado a complementar a dieta, como vitaminas, minerais, ervas ou outros produtos bot\u00e2nicos, amino\u00e1cidos, enzimas e microbianos vivos (probi\u00f3ticos). Eles podem ser vendidos de muitas formas, p\u00edlulas, comprimidos, c\u00e1psulas, gomas, g\u00e9is macios, l\u00edquidos e p\u00f3s, ou mesmo tipos de alimentos, como ch\u00e1s ou barras, desde que n\u00e3o sejam anunciados como alimentos ou itens de refei\u00e7\u00e3o.[\/vc_column_text][\/vc_tta_section][vc_tta_section title=&#8221;O que \u00e9 um \u201cnovo ingrediente diet\u00e9tico\u201d em um suplemento diet\u00e9tico?&#8221; tab_id=&#8221;what-is-a-new-dietary-ingredient&#8221; el_class=&#8221;accordion-class&#8221;][vc_column_text]<span data-contrast=\"auto\">Um ingrediente diet\u00e9tico deve se enquadrar em uma das categorias abaixo:<\/span><span data-ccp-props=\"{&quot;201341983&quot;:0,&quot;335559740&quot;:276}\"><\/span><\/p>\n<ul>\n<li data-leveltext=\"\u25cf\" data-font=\"Georgia\" data-listid=\"1\" data-list-defn-props=\"{&quot;335551500&quot;:3355443,&quot;335552541&quot;:1,&quot;335559684&quot;:-2,&quot;335559685&quot;:720,&quot;335559991&quot;:360,&quot;469769226&quot;:&quot;Georgia&quot;,&quot;469769242&quot;:[8226],&quot;469777803&quot;:&quot;left&quot;,&quot;469777804&quot;:&quot;\u25cf&quot;}\" aria-setsize=\"-1\" data-aria-posinset=\"1\" data-aria-level=\"1\"><span data-contrast=\"auto\">Vitaminas<\/span><span data-ccp-props=\"{&quot;201341983&quot;:0,&quot;335559685&quot;:720,&quot;335559740&quot;:276,&quot;335559991&quot;:360}\"><\/span><\/li>\n<li data-leveltext=\"\u25cf\" data-font=\"Georgia\" data-listid=\"1\" data-list-defn-props=\"{&quot;335551500&quot;:3355443,&quot;335552541&quot;:1,&quot;335559684&quot;:-2,&quot;335559685&quot;:720,&quot;335559991&quot;:360,&quot;469769226&quot;:&quot;Georgia&quot;,&quot;469769242&quot;:[8226],&quot;469777803&quot;:&quot;left&quot;,&quot;469777804&quot;:&quot;\u25cf&quot;}\" aria-setsize=\"-1\" data-aria-posinset=\"2\" data-aria-level=\"1\"><span data-contrast=\"auto\">Minerais<\/span><span data-ccp-props=\"{&quot;201341983&quot;:0,&quot;335559685&quot;:720,&quot;335559740&quot;:276,&quot;335559991&quot;:360}\"><\/span><\/li>\n<li data-leveltext=\"\u25cf\" data-font=\"Georgia\" data-listid=\"1\" data-list-defn-props=\"{&quot;335551500&quot;:3355443,&quot;335552541&quot;:1,&quot;335559684&quot;:-2,&quot;335559685&quot;:720,&quot;335559991&quot;:360,&quot;469769226&quot;:&quot;Georgia&quot;,&quot;469769242&quot;:[8226],&quot;469777803&quot;:&quot;left&quot;,&quot;469777804&quot;:&quot;\u25cf&quot;}\" aria-setsize=\"-1\" data-aria-posinset=\"3\" data-aria-level=\"1\"><span data-contrast=\"auto\">Ervas ou plantas<\/span><span data-ccp-props=\"{&quot;201341983&quot;:0,&quot;335559685&quot;:720,&quot;335559740&quot;:276,&quot;335559991&quot;:360}\"><\/span><\/li>\n<li data-leveltext=\"\u25cf\" data-font=\"Georgia\" data-listid=\"1\" data-list-defn-props=\"{&quot;335551500&quot;:3355443,&quot;335552541&quot;:1,&quot;335559684&quot;:-2,&quot;335559685&quot;:720,&quot;335559991&quot;:360,&quot;469769226&quot;:&quot;Georgia&quot;,&quot;469769242&quot;:[8226],&quot;469777803&quot;:&quot;left&quot;,&quot;469777804&quot;:&quot;\u25cf&quot;}\" aria-setsize=\"-1\" data-aria-posinset=\"4\" data-aria-level=\"1\"><span data-contrast=\"auto\">Amino\u00e1cidos<\/span><span data-ccp-props=\"{&quot;201341983&quot;:0,&quot;335559685&quot;:720,&quot;335559740&quot;:276,&quot;335559991&quot;:360}\"><\/span><\/li>\n<li data-leveltext=\"\u25cf\" data-font=\"Georgia\" data-listid=\"1\" data-list-defn-props=\"{&quot;335551500&quot;:3355443,&quot;335552541&quot;:1,&quot;335559684&quot;:-2,&quot;335559685&quot;:720,&quot;335559991&quot;:360,&quot;469769226&quot;:&quot;Georgia&quot;,&quot;469769242&quot;:[8226],&quot;469777803&quot;:&quot;left&quot;,&quot;469777804&quot;:&quot;\u25cf&quot;}\" aria-setsize=\"-1\" data-aria-posinset=\"5\" data-aria-level=\"1\"><span data-contrast=\"auto\">Subst\u00e2ncia diet\u00e9tica usada para suplementar a dieta aumentando a ingest\u00e3o diet\u00e9tica total<\/span><span data-ccp-props=\"{&quot;201341983&quot;:0,&quot;335559685&quot;:720,&quot;335559740&quot;:276,&quot;335559991&quot;:360}\"><\/span><\/li>\n<li data-leveltext=\"\u25cf\" data-font=\"Georgia\" data-listid=\"1\" data-list-defn-props=\"{&quot;335551500&quot;:3355443,&quot;335552541&quot;:1,&quot;335559684&quot;:-2,&quot;335559685&quot;:720,&quot;335559991&quot;:360,&quot;469769226&quot;:&quot;Georgia&quot;,&quot;469769242&quot;:[8226],&quot;469777803&quot;:&quot;left&quot;,&quot;469777804&quot;:&quot;\u25cf&quot;}\" aria-setsize=\"-1\" data-aria-posinset=\"5\" data-aria-level=\"1\"><span data-contrast=\"auto\">Concentrado, metab\u00f3lito, constituinte, extrato ou combina\u00e7\u00e3o de ingredientes das categorias acima<\/span><span data-ccp-props=\"{&quot;201341983&quot;:0,&quot;335559685&quot;:720,&quot;335559740&quot;:276,&quot;335559991&quot;:360}\"><\/span><\/li>\n<\/ul>\n<p><span data-ccp-props=\"{&quot;201341983&quot;:0,&quot;335559740&quot;:276}\"><\/span><span data-contrast=\"auto\">Um novo ingrediente diet\u00e9tico \u00e9 um ingrediente diet\u00e9tico que n\u00e3o era comercializado nos Estados Unidos antes de outubro de 1994.<\/span><span data-ccp-props=\"{&quot;201341983&quot;:0,&quot;335559740&quot;:276}\"><\/span>[\/vc_column_text][\/vc_tta_section][vc_tta_section title=&#8221;Quais informa\u00e7\u00f5es o fabricante deve divulgar no r\u00f3tulo de um suplemento alimentar?&#8221; tab_id=&#8221;what-information-must&#8221; el_class=&#8221;accordion-class&#8221;][vc_column_text]<span data-contrast=\"auto\">As regulamenta\u00e7\u00f5es da FDA exigem que todos os r\u00f3tulos de suplementos alimentares incluam:<\/span><span data-ccp-props=\"{&quot;201341983&quot;:0,&quot;335559740&quot;:276}\"><\/span><\/p>\n<ul>\n<li data-leveltext=\"\u25cf\" data-font=\"Calibri\" data-listid=\"2\" data-list-defn-props=\"{&quot;335552541&quot;:1,&quot;335559684&quot;:-2,&quot;335559685&quot;:720,&quot;335559991&quot;:360,&quot;469769242&quot;:[8226],&quot;469777803&quot;:&quot;left&quot;,&quot;469777804&quot;:&quot;\u25cf&quot;}\" aria-setsize=\"-1\" data-aria-posinset=\"1\" data-aria-level=\"1\"><span data-contrast=\"auto\">Nome do produto<\/span><span data-ccp-props=\"{&quot;201341983&quot;:0,&quot;335559685&quot;:720,&quot;335559740&quot;:276,&quot;335559991&quot;:360}\"><\/span><\/li>\n<li data-leveltext=\"\u25cf\" data-font=\"Calibri\" data-listid=\"2\" data-list-defn-props=\"{&quot;335552541&quot;:1,&quot;335559684&quot;:-2,&quot;335559685&quot;:720,&quot;335559991&quot;:360,&quot;469769242&quot;:[8226],&quot;469777803&quot;:&quot;left&quot;,&quot;469777804&quot;:&quot;\u25cf&quot;}\" aria-setsize=\"-1\" data-aria-posinset=\"2\" data-aria-level=\"1\"><span data-contrast=\"auto\">Declara\u00e7\u00e3o de que o produto \u00e9 um suplemento diet\u00e9tico ou termo equivalente que substitui \u201cdieta\u201d pelo ingrediente diet\u00e9tico do produto, como \u201csuplemento de ferro\u201d ou \u201csuplemento fitoter\u00e1pico\u201d<\/span><span data-ccp-props=\"{&quot;201341983&quot;:0,&quot;335559685&quot;:720,&quot;335559740&quot;:276,&quot;335559991&quot;:360}\"><\/span><\/li>\n<li data-leveltext=\"\u25cf\" data-font=\"Calibri\" data-listid=\"2\" data-list-defn-props=\"{&quot;335552541&quot;:1,&quot;335559684&quot;:-2,&quot;335559685&quot;:720,&quot;335559991&quot;:360,&quot;469769242&quot;:[8226],&quot;469777803&quot;:&quot;left&quot;,&quot;469777804&quot;:&quot;\u25cf&quot;}\" aria-setsize=\"-1\" data-aria-posinset=\"3\" data-aria-level=\"1\"><span data-contrast=\"auto\">Nome do fabricante, embalador ou distribuidor e local de neg\u00f3cios<\/span><span data-ccp-props=\"{&quot;201341983&quot;:0,&quot;335559685&quot;:720,&quot;335559740&quot;:276,&quot;335559991&quot;:360}\"><\/span><\/li>\n<li data-leveltext=\"\u25cf\" data-font=\"Calibri\" data-listid=\"2\" data-list-defn-props=\"{&quot;335552541&quot;:1,&quot;335559684&quot;:-2,&quot;335559685&quot;:720,&quot;335559991&quot;:360,&quot;469769242&quot;:[8226],&quot;469777803&quot;:&quot;left&quot;,&quot;469777804&quot;:&quot;\u25cf&quot;}\" aria-setsize=\"-1\" data-aria-posinset=\"3\" data-aria-level=\"1\"><span data-contrast=\"auto\">R\u00f3tulo de fatos nutricionais do painel de informa\u00e7\u00f5es do suplemento<\/span><span data-ccp-props=\"{&quot;201341983&quot;:0,&quot;335559685&quot;:720,&quot;335559740&quot;:276,&quot;335559991&quot;:360}\"><\/span><\/li>\n<li data-leveltext=\"\u25cf\" data-font=\"Calibri\" data-listid=\"2\" data-list-defn-props=\"{&quot;335552541&quot;:1,&quot;335559684&quot;:-2,&quot;335559685&quot;:720,&quot;335559991&quot;:360,&quot;469769242&quot;:[8226],&quot;469777803&quot;:&quot;left&quot;,&quot;469777804&quot;:&quot;\u25cf&quot;}\" aria-setsize=\"-1\" data-aria-posinset=\"3\" data-aria-level=\"1\"><span data-contrast=\"auto\">Lista de outros ingredientes<\/span><span data-ccp-props=\"{&quot;201341983&quot;:0,&quot;335559685&quot;:720,&quot;335559740&quot;:276,&quot;335559991&quot;:360}\"><\/span><\/li>\n<li data-leveltext=\"\u25cf\" data-font=\"Calibri\" data-listid=\"2\" data-list-defn-props=\"{&quot;335552541&quot;:1,&quot;335559684&quot;:-2,&quot;335559685&quot;:720,&quot;335559991&quot;:360,&quot;469769242&quot;:[8226],&quot;469777803&quot;:&quot;left&quot;,&quot;469777804&quot;:&quot;\u25cf&quot;}\" aria-setsize=\"-1\" data-aria-posinset=\"3\" data-aria-level=\"1\"><span data-contrast=\"auto\">Quantidade l\u00edquida de conte\u00fado<\/span><span data-ccp-props=\"{&quot;201341983&quot;:0,&quot;335559685&quot;:720,&quot;335559740&quot;:276,&quot;335559991&quot;:360}\"><\/span><\/li>\n<li data-leveltext=\"\u25cf\" data-font=\"Calibri\" data-listid=\"2\" data-list-defn-props=\"{&quot;335552541&quot;:1,&quot;335559684&quot;:-2,&quot;335559685&quot;:720,&quot;335559991&quot;:360,&quot;469769242&quot;:[8226],&quot;469777803&quot;:&quot;left&quot;,&quot;469777804&quot;:&quot;\u25cf&quot;}\" aria-setsize=\"-1\" data-aria-posinset=\"3\" data-aria-level=\"1\"><span data-contrast=\"auto\">Endere\u00e7o dom\u00e9stico ou n\u00famero de telefone dom\u00e9stico para notivicar eventos adversos s\u00e9rios ao fabricante, embalador ou distribuidor<\/span><span data-ccp-props=\"{&quot;201341983&quot;:0,&quot;335559685&quot;:720,&quot;335559740&quot;:276,&quot;335559991&quot;:360}\"><\/span><\/li>\n<\/ul>\n[\/vc_column_text][\/vc_tta_section][vc_tta_section title=&#8221;\u00c9 l\u00edcito comercializar um produto de suplemento diet\u00e9tico para tratar, prevenir ou curar uma doen\u00e7a espec\u00edfica?&#8221; tab_id=&#8221;is-it-legal&#8221; el_class=&#8221;accordion-class&#8221;][vc_column_text]<span data-contrast=\"auto\">N\u00e3o. Qualquer produto vendido como suplemento diet\u00e9tico e comercializado como tratamento, preven\u00e7\u00e3o ou cura de uma doen\u00e7a espec\u00edfica ou classe de doen\u00e7as atende \u00e0 defini\u00e7\u00e3o da FDA de um medicamento e est\u00e1 sujeito \u00e0s regulamenta\u00e7\u00f5es de medicamentos.<\/span><span data-ccp-props=\"{&quot;201341983&quot;:0,&quot;335559740&quot;:276}\"><\/span>[\/vc_column_text][\/vc_tta_section][\/vc_tta_accordion][\/vc_column][\/vc_row][\/vc_section]\n<\/div>","protected":false},"excerpt":{"rendered":"<p>[vc_section full_width=&#8221;stretch_row&#8221; content_placement=&#8221;middle&#8221; css=&#8221;.vc_custom_1684238636830{padding-top: 80px !important;padding-bottom: 50px !important;background-color: #ffffff !important;}&#8221;][vc_row content_placement=&#8221;middle&#8221; el_class=&#8221;hero-section&#8221;][vc_column width=&#8221;1\/2&#8243;][vc_column_text css=&#8221;&#8221;] Mantenha sua unidade de suplementos alimentares em conformidade. [\/vc_column_text][vc_column_text fnt_family=&#8221;Montserrat&#8221; fnt_size=&#8221;24&#8243;]Importe e comercialize suplementos alimentares com seguran\u00e7a com a Registrar Corp. Nossa equipe de profissionais regulat\u00f3rios se dedica a ajud\u00e1-lo a obter e manter a conformidade.[\/vc_column_text][vc_btn title=&#8221;Explore nossas ofertas&#8221; color=&#8221;sky&#8221; i_align=&#8221;right&#8221;<\/p>\n","protected":false},"author":33,"featured_media":0,"parent":14868,"menu_order":0,"comment_status":"closed","ping_status":"closed","template":"page-templates\/page-sidebar-none.php","meta":{"_acf_changed":false,"content-type":"","footnotes":""},"class_list":["post-14006","page","type-page","status-publish","hentry"],"acf":[],"_links":{"self":[{"href":"https:\/\/dev.registrarcorp.com\/pt-br\/wp-json\/wp\/v2\/pages\/14006","targetHints":{"allow":["GET"]}}],"collection":[{"href":"https:\/\/dev.registrarcorp.com\/pt-br\/wp-json\/wp\/v2\/pages"}],"about":[{"href":"https:\/\/dev.registrarcorp.com\/pt-br\/wp-json\/wp\/v2\/types\/page"}],"author":[{"embeddable":true,"href":"https:\/\/dev.registrarcorp.com\/pt-br\/wp-json\/wp\/v2\/users\/33"}],"replies":[{"embeddable":true,"href":"https:\/\/dev.registrarcorp.com\/pt-br\/wp-json\/wp\/v2\/comments?post=14006"}],"version-history":[{"count":0,"href":"https:\/\/dev.registrarcorp.com\/pt-br\/wp-json\/wp\/v2\/pages\/14006\/revisions"}],"up":[{"embeddable":true,"href":"https:\/\/dev.registrarcorp.com\/pt-br\/wp-json\/wp\/v2\/pages\/14868"}],"wp:attachment":[{"href":"https:\/\/dev.registrarcorp.com\/pt-br\/wp-json\/wp\/v2\/media?parent=14006"}],"curies":[{"name":"wp","href":"https:\/\/api.w.org\/{rel}","templated":true}]}}