{"id":14436,"date":"2023-04-28T06:41:21","date_gmt":"2023-04-28T06:41:21","guid":{"rendered":"https:\/\/staging.registrarcorp.com\/contact-us\/"},"modified":"2026-01-27T19:33:23","modified_gmt":"2026-01-27T19:33:23","slug":"contact","status":"publish","type":"page","link":"https:\/\/dev.registrarcorp.com\/pt-br\/contact\/","title":{"rendered":"Entre em contato conosco"},"content":{"rendered":"<div class=\"wpb-content-wrapper\">[vc_section full_width=&#8221;stretch_row&#8221; css=&#8221;.vc_custom_1768852986526{background-color: #FFFFFF !important;}&#8221; el_class=&#8221;pt-resp-topmost-section p-resp-section text-color-primary&#8221;][vc_row content_placement=&#8221;middle&#8221; el_class=&#8221;text-center&#8221;][vc_column el_class=&#8221;mw-desktop-720 mx-auto&#8221;][vc_custom_heading text=&#8221;Entrar em contato&#8221; font_container=&#8221;tag:h1|font_size:46px|text_align:center|color:%23003873|line_height:56px&#8221; google_fonts=&#8221;font_family:Montserrat%3Aregular%2C700|font_style:700%20bold%20regular%3A700%3Anormal&#8221; css=&#8221;.vc_custom_1768852726545{margin-bottom: 23px !important;}&#8221; el_class=&#8221;rc-h-hero-resp&#8221;][vc_column_text css=&#8221;.vc_custom_1768920476847{margin-bottom: 23px !important;}&#8221; fnt_family=&#8221;Montserrat&#8221; fnt_size=&#8221;20&#8243; grad_text_color1=&#8221;#ffffff&#8221; el_class=&#8221;rc-text-resp no-br-down-md&#8221;]Se voc\u00ea tiver uma pergunta espec\u00edfica ou precisar de mais informa\u00e7\u00f5es sobre o RegistrarServi\u00e7os, software ou treinamento on-line da Corp, gostar\u00edamos muito de saber a sua opini\u00e3o.[\/vc_column_text][vc_btn title=&#8221;Entre em contato hoje&#8221; style=&#8221;flat&#8221; color=&#8221;sky&#8221; align=&#8221;center&#8221; i_align=&#8221;right&#8221; i_icon_fontawesome=&#8221;fas fa-arrow-right&#8221; css=&#8221;.vc_custom_1769160691385{margin-bottom: 0px !important;}&#8221; add_icon=&#8221;true&#8221; el_class=&#8221;primary-btn&#8221; link=&#8221;url:%23contact_us|&#8221;][\/vc_column][\/vc_row][\/vc_section][vc_section full_width=&#8221;stretch_row&#8221; css=&#8221;.vc_custom_1769088428730{background: #003873 url(https:\/\/dev.registrarcorp.com\/wp-content\/uploads\/2026\/01\/global-offices-map.webp?id=60773) !important;}&#8221; el_class=&#8221;p-resp-section global-map-bg text-color-white&#8221;][vc_row content_placement=&#8221;middle&#8221;][vc_column el_class=&#8221;mw-desktop-620&#8243;][vc_custom_heading text=&#8221;Escrit\u00f3rios globais da Registrar Corp&#8221; font_container=&#8221;tag:h2|font_size:32px|text_align:left|color:%23FFFFFF|line_height:40px&#8221; google_fonts=&#8221;font_family:Montserrat%3Aregular%2C700|font_style:700%20bold%20regular%3A700%3Anormal&#8221; css=&#8221;.vc_custom_1768990546580{margin-bottom: 23px !important;}&#8221; el_class=&#8221;rc-h-resp&#8221;][vc_column_text css=&#8221;.vc_custom_1768852071641{margin-bottom: 23px !important;}&#8221; fnt_family=&#8221;Montserrat&#8221; fnt_size=&#8221;16&#8243; grad_text_color1=&#8221;#003873&#8243; el_class=&#8221;rc-text-resp&#8221;]Com 21 escrit\u00f3rios globais e uma equipe de especialistas regulat\u00f3rios multil\u00edngues, sempre podemos oferecer suporte no seu idioma e fuso hor\u00e1rio preferidos. Obtenha ajuda de conformidade quando e onde precisar.[\/vc_column_text][vc_btn title=&#8221;Entre em contato com seu escrit\u00f3rio regional&#8221; style=&#8221;flat&#8221; color=&#8221;sky&#8221; align=&#8221;left&#8221; i_align=&#8221;right&#8221; i_icon_fontawesome=&#8221;fas fa-arrow-right&#8221; css=&#8221;.vc_custom_1768851936856{margin-bottom: 0px !important;}&#8221; add_icon=&#8221;true&#8221; el_class=&#8221;primary-btn-white&#8221; link=&#8221;url:https%3A%2F%2Fdev.registrarcorp.com%2Fpt-br%2Fcontact%2Flocations%2F|&#8221;][\/vc_column][\/vc_row][\/vc_section][vc_section full_width=&#8221;stretch_row&#8221; css=&#8221;.vc_custom_1768854212064{padding-top: 0px !important;background-color: #FFFFFF !important;}&#8221; el_id=&#8221;support&#8221;][vc_row full_width=&#8221;stretch_row_content_no_spaces&#8221; equal_height=&#8221;yes&#8221; el_class=&#8221;max-breakpoint-lg&#8221;][vc_column width=&#8221;1\/2&#8243; el_class=&#8221;p-resp-section pl-special-section px-resp-section&#8211;bigger&#8221;][vc_custom_heading text=&#8221;Converse conosco dia ou noite&#8221; font_container=&#8221;tag:h2|font_size:32px|text_align:left|color:%23003873|line_height:40px&#8221; google_fonts=&#8221;font_family:Montserrat%3Aregular%2C700|font_style:700%20bold%20regular%3A700%3Anormal&#8221; css=&#8221;.vc_custom_1768990540553{margin-bottom: 23px !important;}&#8221; el_class=&#8221;rc-h-resp&#8221;][vc_column_text css=&#8221;.vc_custom_1768858957023{margin-bottom: 23px !important;}&#8221; fnt_family=&#8221;Montserrat&#8221; fnt_size=&#8221;16&#8243; grad_text_color1=&#8221;#000000&#8243; el_class=&#8221;rc-text-resp mw-desktop-530&#8243;]Tem uma pergunta r\u00e1pida ou precisa de uma resposta imediata?<br \/>\nNosso bate-papo ao vivo e monitorado 24 horas por dia, 7 dias por semana, pode indicar a dire\u00e7\u00e3o certa.[\/vc_column_text][vc_btn title=&#8221;Bate-papo ao vivo 24 horas por dia, 7 dias por semana&#8221; style=&#8221;flat&#8221; color=&#8221;sky&#8221; i_align=&#8221;right&#8221; i_icon_fontawesome=&#8221;fas fa-arrow-right&#8221; css=&#8221;.vc_custom_1768853913895{margin-bottom: 0px !important;}&#8221; add_icon=&#8221;true&#8221; custom_onclick=&#8221;true&#8221; el_class=&#8221;primary-btn drift-open-chat&#8221; link=&#8221;url:%23|&#8221; custom_onclick_code=&#8221;zE(\\&#8217;messenger\\&#8217;, \\&#8217;open\\&#8217;);&#8221;][\/vc_column][vc_column width=&#8221;1\/2&#8243; el_class=&#8221;img-col-h-100 pr-xxxl-special-section&#8221;][vc_single_image image=&#8221;60734&#8243; img_size=&#8221;full&#8221; alignment=&#8221;right&#8221; css=&#8221;.vc_custom_1769088221595{margin-bottom: 0px !important;}&#8221;][\/vc_column][\/vc_row][\/vc_section][vc_section full_width=&#8221;stretch_row&#8221; css=&#8221;.vc_custom_1769541476253{background-color: #EEF6FB !important;}&#8221; el_class=&#8221;p-resp-section&#8221;][vc_row][vc_column width=&#8221;1\/2&#8243; el_class=&#8221;mb-mobile-50&#8243;][vc_custom_heading text=&#8221;Siga-nos on-line&#8221; font_container=&#8221;tag:h2|font_size:32px|text_align:left|color:%23003873|line_height:40px&#8221; google_fonts=&#8221;font_family:Montserrat%3Aregular%2C700|font_style:700%20bold%20regular%3A700%3Anormal&#8221; css=&#8221;.vc_custom_1768863185930{margin-bottom: 23px !important;}&#8221; el_class=&#8221;rc-h-resp&#8221;][vc_column_text css=&#8221;.vc_custom_1768858952090{margin-bottom: 23px !important;}&#8221; fnt_family=&#8221;Montserrat&#8221; fnt_size=&#8221;16&#8243; grad_text_color1=&#8221;#003873&#8243; el_class=&#8221;rc-text-resp mw-desktop-530&#8243;]Conecte-se conosco nas redes sociais para acompanhar as not\u00edcias regulat\u00f3rias, atualiza\u00e7\u00f5es de produtos da Registrar Corp e muito mais.[\/vc_column_text][vc_row_inner content_placement=&#8221;middle&#8221; el_class=&#8221;social-icons&#8221;][vc_column_inner el_class=&#8221;icon-div&#8221; width=&#8221;1\/4&#8243; css=&#8221;.vc_custom_1768941189687{background-color: #003873 !important;}&#8221;][vc_single_image image=&#8221;60743&#8243; img_size=&#8221;&#8221; alignment=&#8221;center&#8221; onclick=&#8221;custom_link&#8221; img_link_target=&#8221;_blank&#8221; css=&#8221;.vc_custom_1769088293820{margin-bottom: 0px !important;}&#8221; link=&#8221;https:\/\/www.linkedin.com\/company\/registrar-corp\/&#8221;][\/vc_column_inner][vc_column_inner width=&#8221;1\/4&#8243; css=&#8221;.vc_custom_1768941176741{background-color: #003873 !important;}&#8221;][vc_single_image image=&#8221;60752&#8243; img_size=&#8221;&#8221; alignment=&#8221;center&#8221; onclick=&#8221;custom_link&#8221; img_link_target=&#8221;_blank&#8221; css=&#8221;.vc_custom_1769088325313{margin-bottom: 0px !important;}&#8221; link=&#8221;https:\/\/www.facebook.com\/RegistrarCorp\/&#8221;][\/vc_column_inner][vc_column_inner width=&#8221;1\/4&#8243; css=&#8221;.vc_custom_1768941158690{background-color: #003873 !important;}&#8221;][vc_single_image image=&#8221;60762&#8243; img_size=&#8221;&#8221; alignment=&#8221;center&#8221; onclick=&#8221;custom_link&#8221; img_link_target=&#8221;_blank&#8221; css=&#8221;.vc_custom_1769088352478{margin-bottom: 0px !important;}&#8221; link=&#8221;https:\/\/www.x.com\/RegistrarCorp\/&#8221;][\/vc_column_inner][vc_column_inner width=&#8221;1\/4&#8243; css=&#8221;.vc_custom_1768941153027{background-color: #003873 !important;}&#8221;][vc_single_image image=&#8221;60771&#8243; img_size=&#8221;&#8221; alignment=&#8221;center&#8221; onclick=&#8221;custom_link&#8221; img_link_target=&#8221;_blank&#8221; css=&#8221;.vc_custom_1769088379576{margin-bottom: 0px !important;background-color: #003873 !important;}&#8221; link=&#8221;https:\/\/www.youtube.com\/registrarcorp\/&#8221;][\/vc_column_inner][\/vc_row_inner][\/vc_column][vc_column width=&#8221;1\/2&#8243;][vc_custom_heading text=&#8221;Assine nosso boletim informativo&#8221; font_container=&#8221;tag:h2|font_size:32px|text_align:left|color:%23003873|line_height:40px&#8221; google_fonts=&#8221;font_family:Montserrat%3Aregular%2C700|font_style:700%20bold%20regular%3A700%3Anormal&#8221; css=&#8221;.vc_custom_1768854567704{margin-bottom: 23px !important;}&#8221; el_class=&#8221;rc-h-resp&#8221;][vc_column_text css=&#8221;.vc_custom_1768854590030{margin-bottom: 23px !important;}&#8221; fnt_family=&#8221;Montserrat&#8221; fnt_size=&#8221;16&#8243; grad_text_color1=&#8221;#003873&#8243; el_class=&#8221;rc-text-resp&#8221;]Nosso boletim informativo mensal ajuda voc\u00ea a se manter atualizado sobre todas as quest\u00f5es de conformidade regulat\u00f3ria global.[\/vc_column_text][vc_btn title=&#8221;Inscreva-se hoje&#8221; shape=&#8221;square&#8221; color=&#8221;sky&#8221; align=&#8221;left&#8221; i_align=&#8221;right&#8221; i_icon_fontawesome=&#8221;fas fa-arrow-right&#8221; css=&#8221;.vc_custom_1768854613840{margin-bottom: 0px !important;}&#8221; add_icon=&#8221;true&#8221; el_class=&#8221;primary-btn&#8221; link=&#8221;url:https%3A%2F%2Flearn.registrarcorp.com%2Frc-newsletter-sign-up|target:_blank|&#8221;][\/vc_column][\/vc_row][\/vc_section][vc_section full_width=&#8221;stretch_row&#8221; css=&#8221;.vc_custom_1769160727094{background-color: #003873 !important;}&#8221; el_id=&#8221;contact_us&#8221; el_class=&#8221;p-resp-section px-resp-section&#8211;bigger&#8221;][vc_row el_class=&#8221;rc-form&#8211;blue-on-blue&#8221;][vc_column][vc_custom_heading text=&#8221;Estamos aqui para ajudar \u2014 a cada passo do caminho.&#8221; font_container=&#8221;tag:h2|font_size:32px|text_align:center|color:%23FFFFFF|line_height:40px&#8221; google_fonts=&#8221;font_family:Montserrat%3Aregular%2C700|font_style:700%20bold%20regular%3A700%3Anormal&#8221; css=&#8221;.vc_custom_1768927497572{margin-bottom: 42px !important;}&#8221; el_class=&#8221;rc-h-resp&#8221;][vc_raw_html css=&#8221;&#8221; el_class=&#8221;mw-desktop-635 mx-auto&#8221;]W2dyYXZpdHlmb3JtIGlkPSI0MSIgdGl0bGU9ImZhbHNvIiBkZXNjcmlwdGlvbj0iZmFsc2UiXQ==[\/vc_raw_html][\/vc_column][\/vc_row][\/vc_section]\n<\/div>","protected":false},"excerpt":{"rendered":"<p>[vc_section full_width=&#8221;stretch_row&#8221; css=&#8221;.vc_custom_1768852986526{background-color: #FFFFFF !important;}&#8221; el_class=&#8221;pt-resp-topmost-section p-resp-section text-color-primary&#8221;][vc_row content_placement=&#8221;middle&#8221; el_class=&#8221;text-center&#8221;][vc_column el_class=&#8221;mw-desktop-720 mx-auto&#8221;][vc_custom_heading text=&#8221;Entrar em contato&#8221; font_container=&#8221;tag:h1|font_size:46px|text_align:center|color:%23003873|line_height:56px&#8221; google_fonts=&#8221;font_family:Montserrat%3Aregular%2C700|font_style:700%20bold%20regular%3A700%3Anormal&#8221; css=&#8221;.vc_custom_1768852726545{margin-bottom: 23px !important;}&#8221; el_class=&#8221;rc-h-hero-resp&#8221;][vc_column_text css=&#8221;.vc_custom_1768920476847{margin-bottom: 23px !important;}&#8221; fnt_family=&#8221;Montserrat&#8221; fnt_size=&#8221;20&#8243; grad_text_color1=&#8221;#ffffff&#8221; el_class=&#8221;rc-text-resp no-br-down-md&#8221;]Se voc\u00ea tiver uma pergunta espec\u00edfica ou precisar de mais informa\u00e7\u00f5es sobre o RegistrarServi\u00e7os, software ou treinamento on-line da Corp, gostar\u00edamos muito de saber a sua opini\u00e3o.[\/vc_column_text][vc_btn<\/p>\n","protected":false},"author":33,"featured_media":60734,"parent":0,"menu_order":0,"comment_status":"closed","ping_status":"closed","template":"page-templates\/page-sidebar-none.php","meta":{"_acf_changed":false,"content-type":"","footnotes":""},"class_list":["post-14436","page","type-page","status-publish","has-post-thumbnail","hentry"],"acf":[],"_links":{"self":[{"href":"https:\/\/dev.registrarcorp.com\/pt-br\/wp-json\/wp\/v2\/pages\/14436","targetHints":{"allow":["GET"]}}],"collection":[{"href":"https:\/\/dev.registrarcorp.com\/pt-br\/wp-json\/wp\/v2\/pages"}],"about":[{"href":"https:\/\/dev.registrarcorp.com\/pt-br\/wp-json\/wp\/v2\/types\/page"}],"author":[{"embeddable":true,"href":"https:\/\/dev.registrarcorp.com\/pt-br\/wp-json\/wp\/v2\/users\/33"}],"replies":[{"embeddable":true,"href":"https:\/\/dev.registrarcorp.com\/pt-br\/wp-json\/wp\/v2\/comments?post=14436"}],"version-history":[{"count":0,"href":"https:\/\/dev.registrarcorp.com\/pt-br\/wp-json\/wp\/v2\/pages\/14436\/revisions"}],"wp:featuredmedia":[{"embeddable":true,"href":"https:\/\/dev.registrarcorp.com\/pt-br\/wp-json\/wp\/v2\/media\/60734"}],"wp:attachment":[{"href":"https:\/\/dev.registrarcorp.com\/pt-br\/wp-json\/wp\/v2\/media?parent=14436"}],"curies":[{"name":"wp","href":"https:\/\/api.w.org\/{rel}","templated":true}]}}